{"id":2124,"date":"2020-04-27T18:54:14","date_gmt":"2020-04-27T15:54:14","guid":{"rendered":"https:\/\/holyland.md\/product\/juvelast-kit\/"},"modified":"2026-03-24T14:10:47","modified_gmt":"2026-03-24T11:10:47","slug":"juvelast-kit","status":"publish","type":"product","link":"https:\/\/holyland.md\/ro\/product\/juvelast-kit\/","title":{"rendered":"JUVELAST KIT"},"content":{"rendered":"<p>Setul include crema de zi \u0219i de sear\u0103 plus serum activ.<\/p>\n<p><strong><a href=\"https:\/\/holyland.md\/ro\/product\/perfect-time-gentle-gel-soap\/\" target=\"_blank\" rel=\"noopener noreferrer\">JUVELAST ACTIVE DAY CREAM<\/a><\/strong> 50, 250 ml<\/p>\n<p>Crem\u0103 hidratant\u0103 \u0219i emolient\u0103 anti-\u00eemb\u0103tr\u00e2nire. \u00cen caz de utilizare de o lung\u0103 durat\u0103, ajut\u0103 la netezirea ridurilor \u0219i a texturii. Complex de ceramide \u0219i cu acidul hialuronic p\u0103streaz\u0103 apa \u00een interiorul pielii, \u00een timp ce compu\u0219ii de cupru \u0219i un grup de antioxidan\u021bi men\u021bin tinere\u021bea \u0219i s\u0103n\u0103tatea pielii, uleiurile naturale \u00eenmoaie pielea, l\u0103s\u00e2nd-o catifelat\u0103.<\/p>\n<p><strong>Principii active:<\/strong><\/p>\n<p>Complex de cupru-peptide, enzime de restabilire AND-lui, ceramide, acid hialuronic, vitamina E, ulei de limba mielului.<\/p>\n<p><strong>Mod de aplicare:<\/strong><\/p>\n<p>Se aplic\u0103 o cantitate mic\u0103 de produs pe pielea bine cur\u0103\u021bat\u0103, se distribuie uniform \u0219i se las\u0103 p\u00e2n\u0103 la absorb\u021bia complet\u0103. De folosit diminea\u021ba ca ultim pas al ritualului cotidian de \u00eengrijire a pielii.<\/p>\n<p><a href=\"https:\/\/holyland.md\/ro\/product\/perfect-time-daily-firming-cream\/\" target=\"_blank\" rel=\"noopener noreferrer\"><strong>JUVELAST INTENSIVE NIGHT CREAM<\/strong><\/a> 50, 250 ml<\/p>\n<p>Crem\u0103 intens\u0103 de noapte de o textur\u0103 bogat\u0103. Hr\u0103ne\u0219te perfect pielea, amelior\u00e2nd senza\u021biile de str\u00e2ngere, discomfort, hidrateaz\u0103 pentru o perioad\u0103 lung\u0103 de timp. Datorit\u0103 componentelor sale anti-\u00eemb\u0103tr\u00e2nire active (niacinamid\u0103, compu\u0219i de cupru, extract de yam s\u0103lbatic, steroli de soia), \u00een caz de  utilizare prelungit\u0103, \u00eembun\u0103t\u0103\u021be\u0219te calitatea pielii, sporind fermitatea \u0219i elasticitatea acesteia, reduce num\u0103rul ridurilor \u0219i men\u021bine procesele metabolice ale pielii la nivelul unui organism t\u00e2n\u0103r.<\/p>\n<p><strong>Principii active:<\/strong><\/p>\n<p>Complex de cupru-peptide, enzime de restabilire AND-lui, ceramide, acid hialuronic, vitamine B3 \u015fi B5, extract de Yam s\u0103lbatic \u015fi ginkgo biloba.<\/p>\n<p><strong>Mod de aplicare:<\/strong><\/p>\n<p>Seara ca ultimul pas al ritualului de \u00eenfrumuse\u021bare se aplic\u0103 o cantitate mic\u0103 de crem\u0103 pe pielea curat\u0103 \u0219i preg\u0103tit\u0103. Iarna, poate fi folosit \u00een func\u021bie de produs de protec\u021bie \u00eempotriva frigului, \u00eenghe\u021bului \u0219i a v\u00e2ntului.<\/p>\n<p><strong><a href=\"https:\/\/holyland.md\/ro\/product\/perfect-time-deep-acting-night-cream\/\" target=\"_blank\" rel=\"noopener noreferrer\">JUVELAST RICH NOURISHING SERUM<\/a><\/strong> 30 ml<\/p>\n<p>Serum activ sub forma unei emulsii fine capabile s\u0103 echilibreze fiziologic procesele din piele, contribuind la p\u0103strarea frumuse\u021bii \u0219i a tinere\u021bii. Hidrateaz\u0103 perfect, restabile\u0219te func\u021biile de barier\u0103, neteze\u0219te ridurile superficiale \u0219i reduce ad\u00e2ncimea ridurilor mai pronun\u021bate. Con\u021bine un complex cupru-peptid\u0103, antioxidan\u021bi, uleiuri naturale \u0219i ceramide.<\/p>\n<p><strong>Principii active:<\/strong><\/p>\n<p>Complex de cupru-peptide, enzime de restabilire AND-lui, ceramide, extract de ginkgo biloba \u015fi ceai verde, uleiuri naturale, coenzima Q10, vitamine A \u015fi E.<\/p>\n<p><strong>Mod de aplicare:<\/strong><\/p>\n<p>Dup\u0103 o cur\u0103\u021bare minu\u021bioas\u0103, se aplic\u0103 3-4 pic\u0103turi de ser pe suprafa\u021ba pielii. Se distribuie uniform \u0219i prin mi\u0219c\u0103ri delicate de tapotament se promoveaz\u0103 penetrarea produsului. Se completeaz\u0103 ritualul de \u00eengrijire cu un produs corespunz\u0103tor. De utilizat de 1-2 ori pe zi conform recomand\u0103rilor specialistului Dumneavoastr\u0103.<\/p>\n","protected":false},"excerpt":{"rendered":"<p>Set<\/p>\n","protected":false},"featured_media":3873,"template":"","meta":[],"product_cat":[108,133],"product_tag":[],"class_list":{"0":"post-2124","1":"product","2":"type-product","3":"status-publish","4":"has-post-thumbnail","6":"product_cat-juvelast-hl","7":"product_cat-seturi","9":"first","10":"instock","11":"shipping-taxable","12":"purchasable","13":"product-type-simple"},"yoast_head":"<!-- This site is optimized with the Yoast SEO plugin v23.3 - https:\/\/yoast.com\/wordpress\/plugins\/seo\/ -->\n<title>JUVELAST KIT | Holy Land Cosmetics<\/title>\n<meta name=\"robots\" content=\"index, follow, max-snippet:-1, max-image-preview:large, max-video-preview:-1\" \/>\n<link rel=\"canonical\" href=\"https:\/\/holyland.md\/ro\/product\/juvelast-kit\/\" \/>\n<meta property=\"og:locale\" content=\"ro_RO\" \/>\n<meta property=\"og:type\" content=\"article\" \/>\n<meta property=\"og:title\" content=\"JUVELAST KIT | Holy Land Cosmetics\" \/>\n<meta property=\"og:description\" content=\"Set\" \/>\n<meta property=\"og:url\" content=\"https:\/\/holyland.md\/ro\/product\/juvelast-kit\/\" \/>\n<meta property=\"og:site_name\" content=\"Holy Land Cosmetics\" \/>\n<meta property=\"article:modified_time\" content=\"2026-03-24T11:10:47+00:00\" \/>\n<meta property=\"og:image\" content=\"https:\/\/holyland.md\/wp-content\/uploads\/2020\/04\/SET-JUVELAST-1.jpg\" \/>\n\t<meta property=\"og:image:width\" content=\"1000\" \/>\n\t<meta property=\"og:image:height\" content=\"1000\" \/>\n\t<meta property=\"og:image:type\" content=\"image\/jpeg\" \/>\n<meta name=\"twitter:card\" content=\"summary_large_image\" \/>\n<meta name=\"twitter:label1\" content=\"Timp estimat pentru citire\" \/>\n\t<meta name=\"twitter:data1\" content=\"3 minute\" \/>\n<script type=\"application\/ld+json\" class=\"yoast-schema-graph\">{\"@context\":\"https:\/\/schema.org\",\"@graph\":[{\"@type\":\"WebPage\",\"@id\":\"https:\/\/holyland.md\/ro\/product\/juvelast-kit\/\",\"url\":\"https:\/\/holyland.md\/ro\/product\/juvelast-kit\/\",\"name\":\"JUVELAST KIT | Holy Land Cosmetics\",\"isPartOf\":{\"@id\":\"https:\/\/holyland.md\/ro\/#website\"},\"primaryImageOfPage\":{\"@id\":\"https:\/\/holyland.md\/ro\/product\/juvelast-kit\/#primaryimage\"},\"image\":{\"@id\":\"https:\/\/holyland.md\/ro\/product\/juvelast-kit\/#primaryimage\"},\"thumbnailUrl\":\"https:\/\/holyland.md\/wp-content\/uploads\/2020\/04\/SET-JUVELAST-1.jpg\",\"datePublished\":\"2020-04-27T15:54:14+00:00\",\"dateModified\":\"2026-03-24T11:10:47+00:00\",\"breadcrumb\":{\"@id\":\"https:\/\/holyland.md\/ro\/product\/juvelast-kit\/#breadcrumb\"},\"inLanguage\":\"ro-RO\",\"potentialAction\":[{\"@type\":\"ReadAction\",\"target\":[\"https:\/\/holyland.md\/ro\/product\/juvelast-kit\/\"]}]},{\"@type\":\"ImageObject\",\"inLanguage\":\"ro-RO\",\"@id\":\"https:\/\/holyland.md\/ro\/product\/juvelast-kit\/#primaryimage\",\"url\":\"https:\/\/holyland.md\/wp-content\/uploads\/2020\/04\/SET-JUVELAST-1.jpg\",\"contentUrl\":\"https:\/\/holyland.md\/wp-content\/uploads\/2020\/04\/SET-JUVELAST-1.jpg\",\"width\":1000,\"height\":1000,\"caption\":\"JUVELAST-KIT\"},{\"@type\":\"BreadcrumbList\",\"@id\":\"https:\/\/holyland.md\/ro\/product\/juvelast-kit\/#breadcrumb\",\"itemListElement\":[{\"@type\":\"ListItem\",\"position\":1,\"name\":\"\u0413\u043b\u0430\u0432\u043d\u0430\u044f \u0441\u0442\u0440\u0430\u043d\u0438\u0446\u0430\",\"item\":\"https:\/\/holyland.md\/ro\/\"},{\"@type\":\"ListItem\",\"position\":2,\"name\":\"Catalog produse HolyLand\",\"item\":\"https:\/\/holyland.md\/ro\/catalog\/\"},{\"@type\":\"ListItem\",\"position\":3,\"name\":\"JUVELAST KIT\"}]},{\"@type\":\"WebSite\",\"@id\":\"https:\/\/holyland.md\/ro\/#website\",\"url\":\"https:\/\/holyland.md\/ro\/\",\"name\":\"Holy Land Cosmetics\",\"description\":\"\",\"publisher\":{\"@id\":\"https:\/\/holyland.md\/ro\/#organization\"},\"potentialAction\":[{\"@type\":\"SearchAction\",\"target\":{\"@type\":\"EntryPoint\",\"urlTemplate\":\"https:\/\/holyland.md\/ro\/?s={search_term_string}\"},\"query-input\":\"required name=search_term_string\"}],\"inLanguage\":\"ro-RO\"},{\"@type\":\"Organization\",\"@id\":\"https:\/\/holyland.md\/ro\/#organization\",\"name\":\"Holy Land Cosmetics\",\"url\":\"https:\/\/holyland.md\/ro\/\",\"logo\":{\"@type\":\"ImageObject\",\"inLanguage\":\"ro-RO\",\"@id\":\"https:\/\/holyland.md\/ro\/#\/schema\/logo\/image\/\",\"url\":\"https:\/\/holyland.md\/wp-content\/uploads\/2020\/03\/hl-always-active.png\",\"contentUrl\":\"https:\/\/holyland.md\/wp-content\/uploads\/2020\/03\/hl-always-active.png\",\"width\":1437,\"height\":892,\"caption\":\"Holy Land Cosmetics\"},\"image\":{\"@id\":\"https:\/\/holyland.md\/ro\/#\/schema\/logo\/image\/\"}}]}<\/script>\n<!-- \/ Yoast SEO plugin. -->","yoast_head_json":{"title":"JUVELAST KIT | Holy Land Cosmetics","robots":{"index":"index","follow":"follow","max-snippet":"max-snippet:-1","max-image-preview":"max-image-preview:large","max-video-preview":"max-video-preview:-1"},"canonical":"https:\/\/holyland.md\/ro\/product\/juvelast-kit\/","og_locale":"ro_RO","og_type":"article","og_title":"JUVELAST KIT | Holy Land Cosmetics","og_description":"Set","og_url":"https:\/\/holyland.md\/ro\/product\/juvelast-kit\/","og_site_name":"Holy Land Cosmetics","article_modified_time":"2026-03-24T11:10:47+00:00","og_image":[{"width":1000,"height":1000,"url":"https:\/\/holyland.md\/wp-content\/uploads\/2020\/04\/SET-JUVELAST-1.jpg","type":"image\/jpeg"}],"twitter_card":"summary_large_image","twitter_misc":{"Timp estimat pentru citire":"3 minute"},"schema":{"@context":"https:\/\/schema.org","@graph":[{"@type":"WebPage","@id":"https:\/\/holyland.md\/ro\/product\/juvelast-kit\/","url":"https:\/\/holyland.md\/ro\/product\/juvelast-kit\/","name":"JUVELAST KIT | Holy Land Cosmetics","isPartOf":{"@id":"https:\/\/holyland.md\/ro\/#website"},"primaryImageOfPage":{"@id":"https:\/\/holyland.md\/ro\/product\/juvelast-kit\/#primaryimage"},"image":{"@id":"https:\/\/holyland.md\/ro\/product\/juvelast-kit\/#primaryimage"},"thumbnailUrl":"https:\/\/holyland.md\/wp-content\/uploads\/2020\/04\/SET-JUVELAST-1.jpg","datePublished":"2020-04-27T15:54:14+00:00","dateModified":"2026-03-24T11:10:47+00:00","breadcrumb":{"@id":"https:\/\/holyland.md\/ro\/product\/juvelast-kit\/#breadcrumb"},"inLanguage":"ro-RO","potentialAction":[{"@type":"ReadAction","target":["https:\/\/holyland.md\/ro\/product\/juvelast-kit\/"]}]},{"@type":"ImageObject","inLanguage":"ro-RO","@id":"https:\/\/holyland.md\/ro\/product\/juvelast-kit\/#primaryimage","url":"https:\/\/holyland.md\/wp-content\/uploads\/2020\/04\/SET-JUVELAST-1.jpg","contentUrl":"https:\/\/holyland.md\/wp-content\/uploads\/2020\/04\/SET-JUVELAST-1.jpg","width":1000,"height":1000,"caption":"JUVELAST-KIT"},{"@type":"BreadcrumbList","@id":"https:\/\/holyland.md\/ro\/product\/juvelast-kit\/#breadcrumb","itemListElement":[{"@type":"ListItem","position":1,"name":"\u0413\u043b\u0430\u0432\u043d\u0430\u044f \u0441\u0442\u0440\u0430\u043d\u0438\u0446\u0430","item":"https:\/\/holyland.md\/ro\/"},{"@type":"ListItem","position":2,"name":"Catalog produse HolyLand","item":"https:\/\/holyland.md\/ro\/catalog\/"},{"@type":"ListItem","position":3,"name":"JUVELAST KIT"}]},{"@type":"WebSite","@id":"https:\/\/holyland.md\/ro\/#website","url":"https:\/\/holyland.md\/ro\/","name":"Holy Land Cosmetics","description":"","publisher":{"@id":"https:\/\/holyland.md\/ro\/#organization"},"potentialAction":[{"@type":"SearchAction","target":{"@type":"EntryPoint","urlTemplate":"https:\/\/holyland.md\/ro\/?s={search_term_string}"},"query-input":"required name=search_term_string"}],"inLanguage":"ro-RO"},{"@type":"Organization","@id":"https:\/\/holyland.md\/ro\/#organization","name":"Holy Land Cosmetics","url":"https:\/\/holyland.md\/ro\/","logo":{"@type":"ImageObject","inLanguage":"ro-RO","@id":"https:\/\/holyland.md\/ro\/#\/schema\/logo\/image\/","url":"https:\/\/holyland.md\/wp-content\/uploads\/2020\/03\/hl-always-active.png","contentUrl":"https:\/\/holyland.md\/wp-content\/uploads\/2020\/03\/hl-always-active.png","width":1437,"height":892,"caption":"Holy Land Cosmetics"},"image":{"@id":"https:\/\/holyland.md\/ro\/#\/schema\/logo\/image\/"}}]}},"_links":{"self":[{"href":"https:\/\/holyland.md\/ro\/wp-json\/wp\/v2\/product\/2124"}],"collection":[{"href":"https:\/\/holyland.md\/ro\/wp-json\/wp\/v2\/product"}],"about":[{"href":"https:\/\/holyland.md\/ro\/wp-json\/wp\/v2\/types\/product"}],"wp:featuredmedia":[{"embeddable":true,"href":"https:\/\/holyland.md\/ro\/wp-json\/wp\/v2\/media\/3873"}],"wp:attachment":[{"href":"https:\/\/holyland.md\/ro\/wp-json\/wp\/v2\/media?parent=2124"}],"wp:term":[{"taxonomy":"product_cat","embeddable":true,"href":"https:\/\/holyland.md\/ro\/wp-json\/wp\/v2\/product_cat?post=2124"},{"taxonomy":"product_tag","embeddable":true,"href":"https:\/\/holyland.md\/ro\/wp-json\/wp\/v2\/product_tag?post=2124"}],"curies":[{"name":"wp","href":"https:\/\/api.w.org\/{rel}","templated":true}]}}