{"id":2132,"date":"2020-04-27T14:54:43","date_gmt":"2020-04-27T11:54:43","guid":{"rendered":"https:\/\/holyland.md\/product\/eye-contour-balmsoothing-eye-mask\/"},"modified":"2026-03-24T14:15:46","modified_gmt":"2026-03-24T11:15:46","slug":"eye-contour-balmsoothing-eye-mask","status":"publish","type":"product","link":"https:\/\/holyland.md\/ro\/product\/eye-contour-balmsoothing-eye-mask\/","title":{"rendered":"EYE THERAPY KIT"},"content":{"rendered":"<p>Include balsam \u0219i masca destinate special \u00eengrijirii zonei delicate a ochilor.<\/p>\n<p><a href=\"https:\/\/holyland.md\/ro\/product\/eye-therapy-eye-contour-balm\/\" target=\"_blank\" rel=\"noopener noreferrer\"><strong>EYE THERAPY EYE CONTOUR BALM 30 ml<\/strong><\/a><\/p>\n<p>Un produs de \u00eengrijire special\u0103 pentru zona periorbital\u0103 delicat\u0103 sub form\u0103 de balsam cu o textur\u0103 u\u0219oar\u0103 pl\u0103cut\u0103. Combin\u0103 hidratarea delicat\u0103 \u0219i men\u021binerea vitezei optime a tuturor proceselor fiziologice ale pielii la nivelul pielii tinere.<\/p>\n<p><strong>Principii active:<\/strong><\/p>\n<p>Hialuronat de Sodiu, Extract de Curmal\u0103, de Arnica, Ulei de G\u0103lbenele, Extract de Ceai Verde.<\/p>\n<p><strong>Mod de folosire:<\/strong><\/p>\n<p>Dup\u0103 cur\u0103\u021bare, se aplic\u0103 un strat sub\u021bire \u0219i se favorizeaz\u0103 absorb\u021bia printr-o mi\u0219care de tapotament. De utilizat de 1-2 ori pe zi sau conform recomand\u0103rilor specialistului Dumneavoastr\u0103.<\/p>\n<p><a href=\"https:\/\/holyland.md\/ro\/product\/eye-therapy-soothing-eye-mask\/\" target=\"_blank\" rel=\"noopener noreferrer\"><strong>EYE THERAPY SOOTHING EYE MASK 30 ml<\/strong><\/a><\/p>\n<p>\u041casc\u0103 creat\u0103 lu\u00e2nd \u00een considerare toate caracteristicile \u0219i nevoile de baz\u0103 ale zonei delicate din jurul ochilor. Hidrateaz\u0103, tonifiaz\u0103, hr\u0103ne\u0219te, men\u021bine tinere\u021bea pielii, are un efect de \u00eenmuiere \u0219i drenaj. Ajut\u0103 la tratarea umfl\u0103turilor \u0219i a cearc\u0103nelor, precum \u0219i a ridurilor fine.<\/p>\n<p><strong>Principii active:<\/strong><\/p>\n<p>Extract de Mu\u015fe\u0163el, Vitamina E, Acid Linoleic, Palmitat de Retinol, Extract de Curmal\u0103, de Hamamelis, Bisabolol, Ulei de Mu\u015fe\u0163el, Extract de Rodii, de Ginkgo Biloba, de Ceai Verde.<\/p>\n<p><strong>Mod de folosire:<\/strong><\/p>\n<p>Dup\u0103 o cur\u0103\u021bare delicat\u0103, se aplic\u0103 un strat sub\u021bire uniform pe zona periorbital\u0103 de-a lungul p\u0103r\u021bii osoase, evit\u00e2nd pleoapa mobil\u0103. Dup\u0103 20 de minute, se cl\u0103te\u0219te cu ap\u0103 cald\u0103 sau se \u0219terge pielea cu un tampon de bumbac \u00eenmuiat \u00een lo\u021biune. De utilizat de 2 ori pe s\u0103pt\u0103m\u00e2n\u0103 sau conform recomand\u0103rilor specialistului Dumneavoastr\u0103.<\/p>\n","protected":false},"excerpt":{"rendered":"<p>Set<\/p>\n","protected":false},"featured_media":2876,"template":"","meta":[],"product_cat":[106,133],"product_tag":[],"class_list":{"0":"post-2132","1":"product","2":"type-product","3":"status-publish","4":"has-post-thumbnail","6":"product_cat-eye-therapy-hl","7":"product_cat-seturi","9":"first","10":"outofstock","11":"shipping-taxable","12":"purchasable","13":"product-type-simple"},"yoast_head":"<!-- This site is optimized with the Yoast SEO plugin v23.3 - https:\/\/yoast.com\/wordpress\/plugins\/seo\/ -->\n<title>EYE THERAPY KIT | Holy Land Cosmetics<\/title>\n<meta name=\"robots\" content=\"index, follow, max-snippet:-1, max-image-preview:large, max-video-preview:-1\" \/>\n<link rel=\"canonical\" href=\"https:\/\/holyland.md\/ro\/product\/eye-contour-balmsoothing-eye-mask\/\" \/>\n<meta property=\"og:locale\" content=\"ro_RO\" \/>\n<meta property=\"og:type\" content=\"article\" \/>\n<meta property=\"og:title\" content=\"EYE THERAPY KIT | Holy Land Cosmetics\" \/>\n<meta property=\"og:description\" content=\"Set\" \/>\n<meta property=\"og:url\" content=\"https:\/\/holyland.md\/ro\/product\/eye-contour-balmsoothing-eye-mask\/\" \/>\n<meta property=\"og:site_name\" content=\"Holy Land Cosmetics\" \/>\n<meta property=\"article:modified_time\" content=\"2026-03-24T11:15:46+00:00\" \/>\n<meta property=\"og:image\" content=\"https:\/\/holyland.md\/wp-content\/uploads\/2020\/04\/EYE-THERAPY-\u0441\u0435\u0440\u0438\u044f.jpg\" \/>\n\t<meta property=\"og:image:width\" content=\"1000\" \/>\n\t<meta property=\"og:image:height\" content=\"1000\" \/>\n\t<meta property=\"og:image:type\" content=\"image\/jpeg\" \/>\n<meta name=\"twitter:card\" content=\"summary_large_image\" \/>\n<meta name=\"twitter:label1\" content=\"Timp estimat pentru citire\" \/>\n\t<meta name=\"twitter:data1\" content=\"2 minute\" \/>\n<script type=\"application\/ld+json\" class=\"yoast-schema-graph\">{\"@context\":\"https:\/\/schema.org\",\"@graph\":[{\"@type\":\"WebPage\",\"@id\":\"https:\/\/holyland.md\/ro\/product\/eye-contour-balmsoothing-eye-mask\/\",\"url\":\"https:\/\/holyland.md\/ro\/product\/eye-contour-balmsoothing-eye-mask\/\",\"name\":\"EYE THERAPY KIT | Holy Land Cosmetics\",\"isPartOf\":{\"@id\":\"https:\/\/holyland.md\/ro\/#website\"},\"primaryImageOfPage\":{\"@id\":\"https:\/\/holyland.md\/ro\/product\/eye-contour-balmsoothing-eye-mask\/#primaryimage\"},\"image\":{\"@id\":\"https:\/\/holyland.md\/ro\/product\/eye-contour-balmsoothing-eye-mask\/#primaryimage\"},\"thumbnailUrl\":\"https:\/\/holyland.md\/wp-content\/uploads\/2020\/04\/EYE-THERAPY-\u0441\u0435\u0440\u0438\u044f.jpg\",\"datePublished\":\"2020-04-27T11:54:43+00:00\",\"dateModified\":\"2026-03-24T11:15:46+00:00\",\"breadcrumb\":{\"@id\":\"https:\/\/holyland.md\/ro\/product\/eye-contour-balmsoothing-eye-mask\/#breadcrumb\"},\"inLanguage\":\"ro-RO\",\"potentialAction\":[{\"@type\":\"ReadAction\",\"target\":[\"https:\/\/holyland.md\/ro\/product\/eye-contour-balmsoothing-eye-mask\/\"]}]},{\"@type\":\"ImageObject\",\"inLanguage\":\"ro-RO\",\"@id\":\"https:\/\/holyland.md\/ro\/product\/eye-contour-balmsoothing-eye-mask\/#primaryimage\",\"url\":\"https:\/\/holyland.md\/wp-content\/uploads\/2020\/04\/EYE-THERAPY-\u0441\u0435\u0440\u0438\u044f.jpg\",\"contentUrl\":\"https:\/\/holyland.md\/wp-content\/uploads\/2020\/04\/EYE-THERAPY-\u0441\u0435\u0440\u0438\u044f.jpg\",\"width\":1000,\"height\":1000},{\"@type\":\"BreadcrumbList\",\"@id\":\"https:\/\/holyland.md\/ro\/product\/eye-contour-balmsoothing-eye-mask\/#breadcrumb\",\"itemListElement\":[{\"@type\":\"ListItem\",\"position\":1,\"name\":\"\u0413\u043b\u0430\u0432\u043d\u0430\u044f \u0441\u0442\u0440\u0430\u043d\u0438\u0446\u0430\",\"item\":\"https:\/\/holyland.md\/ro\/\"},{\"@type\":\"ListItem\",\"position\":2,\"name\":\"Catalog produse HolyLand\",\"item\":\"https:\/\/holyland.md\/ro\/catalog\/\"},{\"@type\":\"ListItem\",\"position\":3,\"name\":\"EYE THERAPY KIT\"}]},{\"@type\":\"WebSite\",\"@id\":\"https:\/\/holyland.md\/ro\/#website\",\"url\":\"https:\/\/holyland.md\/ro\/\",\"name\":\"Holy Land Cosmetics\",\"description\":\"\",\"publisher\":{\"@id\":\"https:\/\/holyland.md\/ro\/#organization\"},\"potentialAction\":[{\"@type\":\"SearchAction\",\"target\":{\"@type\":\"EntryPoint\",\"urlTemplate\":\"https:\/\/holyland.md\/ro\/?s={search_term_string}\"},\"query-input\":\"required name=search_term_string\"}],\"inLanguage\":\"ro-RO\"},{\"@type\":\"Organization\",\"@id\":\"https:\/\/holyland.md\/ro\/#organization\",\"name\":\"Holy Land Cosmetics\",\"url\":\"https:\/\/holyland.md\/ro\/\",\"logo\":{\"@type\":\"ImageObject\",\"inLanguage\":\"ro-RO\",\"@id\":\"https:\/\/holyland.md\/ro\/#\/schema\/logo\/image\/\",\"url\":\"https:\/\/holyland.md\/wp-content\/uploads\/2020\/03\/hl-always-active.png\",\"contentUrl\":\"https:\/\/holyland.md\/wp-content\/uploads\/2020\/03\/hl-always-active.png\",\"width\":1437,\"height\":892,\"caption\":\"Holy Land Cosmetics\"},\"image\":{\"@id\":\"https:\/\/holyland.md\/ro\/#\/schema\/logo\/image\/\"}}]}<\/script>\n<!-- \/ Yoast SEO plugin. -->","yoast_head_json":{"title":"EYE THERAPY KIT | Holy Land Cosmetics","robots":{"index":"index","follow":"follow","max-snippet":"max-snippet:-1","max-image-preview":"max-image-preview:large","max-video-preview":"max-video-preview:-1"},"canonical":"https:\/\/holyland.md\/ro\/product\/eye-contour-balmsoothing-eye-mask\/","og_locale":"ro_RO","og_type":"article","og_title":"EYE THERAPY KIT | Holy Land Cosmetics","og_description":"Set","og_url":"https:\/\/holyland.md\/ro\/product\/eye-contour-balmsoothing-eye-mask\/","og_site_name":"Holy Land Cosmetics","article_modified_time":"2026-03-24T11:15:46+00:00","og_image":[{"width":1000,"height":1000,"url":"https:\/\/holyland.md\/wp-content\/uploads\/2020\/04\/EYE-THERAPY-\u0441\u0435\u0440\u0438\u044f.jpg","type":"image\/jpeg"}],"twitter_card":"summary_large_image","twitter_misc":{"Timp estimat pentru citire":"2 minute"},"schema":{"@context":"https:\/\/schema.org","@graph":[{"@type":"WebPage","@id":"https:\/\/holyland.md\/ro\/product\/eye-contour-balmsoothing-eye-mask\/","url":"https:\/\/holyland.md\/ro\/product\/eye-contour-balmsoothing-eye-mask\/","name":"EYE THERAPY KIT | Holy Land Cosmetics","isPartOf":{"@id":"https:\/\/holyland.md\/ro\/#website"},"primaryImageOfPage":{"@id":"https:\/\/holyland.md\/ro\/product\/eye-contour-balmsoothing-eye-mask\/#primaryimage"},"image":{"@id":"https:\/\/holyland.md\/ro\/product\/eye-contour-balmsoothing-eye-mask\/#primaryimage"},"thumbnailUrl":"https:\/\/holyland.md\/wp-content\/uploads\/2020\/04\/EYE-THERAPY-\u0441\u0435\u0440\u0438\u044f.jpg","datePublished":"2020-04-27T11:54:43+00:00","dateModified":"2026-03-24T11:15:46+00:00","breadcrumb":{"@id":"https:\/\/holyland.md\/ro\/product\/eye-contour-balmsoothing-eye-mask\/#breadcrumb"},"inLanguage":"ro-RO","potentialAction":[{"@type":"ReadAction","target":["https:\/\/holyland.md\/ro\/product\/eye-contour-balmsoothing-eye-mask\/"]}]},{"@type":"ImageObject","inLanguage":"ro-RO","@id":"https:\/\/holyland.md\/ro\/product\/eye-contour-balmsoothing-eye-mask\/#primaryimage","url":"https:\/\/holyland.md\/wp-content\/uploads\/2020\/04\/EYE-THERAPY-\u0441\u0435\u0440\u0438\u044f.jpg","contentUrl":"https:\/\/holyland.md\/wp-content\/uploads\/2020\/04\/EYE-THERAPY-\u0441\u0435\u0440\u0438\u044f.jpg","width":1000,"height":1000},{"@type":"BreadcrumbList","@id":"https:\/\/holyland.md\/ro\/product\/eye-contour-balmsoothing-eye-mask\/#breadcrumb","itemListElement":[{"@type":"ListItem","position":1,"name":"\u0413\u043b\u0430\u0432\u043d\u0430\u044f \u0441\u0442\u0440\u0430\u043d\u0438\u0446\u0430","item":"https:\/\/holyland.md\/ro\/"},{"@type":"ListItem","position":2,"name":"Catalog produse HolyLand","item":"https:\/\/holyland.md\/ro\/catalog\/"},{"@type":"ListItem","position":3,"name":"EYE THERAPY KIT"}]},{"@type":"WebSite","@id":"https:\/\/holyland.md\/ro\/#website","url":"https:\/\/holyland.md\/ro\/","name":"Holy Land Cosmetics","description":"","publisher":{"@id":"https:\/\/holyland.md\/ro\/#organization"},"potentialAction":[{"@type":"SearchAction","target":{"@type":"EntryPoint","urlTemplate":"https:\/\/holyland.md\/ro\/?s={search_term_string}"},"query-input":"required name=search_term_string"}],"inLanguage":"ro-RO"},{"@type":"Organization","@id":"https:\/\/holyland.md\/ro\/#organization","name":"Holy Land Cosmetics","url":"https:\/\/holyland.md\/ro\/","logo":{"@type":"ImageObject","inLanguage":"ro-RO","@id":"https:\/\/holyland.md\/ro\/#\/schema\/logo\/image\/","url":"https:\/\/holyland.md\/wp-content\/uploads\/2020\/03\/hl-always-active.png","contentUrl":"https:\/\/holyland.md\/wp-content\/uploads\/2020\/03\/hl-always-active.png","width":1437,"height":892,"caption":"Holy Land Cosmetics"},"image":{"@id":"https:\/\/holyland.md\/ro\/#\/schema\/logo\/image\/"}}]}},"_links":{"self":[{"href":"https:\/\/holyland.md\/ro\/wp-json\/wp\/v2\/product\/2132"}],"collection":[{"href":"https:\/\/holyland.md\/ro\/wp-json\/wp\/v2\/product"}],"about":[{"href":"https:\/\/holyland.md\/ro\/wp-json\/wp\/v2\/types\/product"}],"wp:featuredmedia":[{"embeddable":true,"href":"https:\/\/holyland.md\/ro\/wp-json\/wp\/v2\/media\/2876"}],"wp:attachment":[{"href":"https:\/\/holyland.md\/ro\/wp-json\/wp\/v2\/media?parent=2132"}],"wp:term":[{"taxonomy":"product_cat","embeddable":true,"href":"https:\/\/holyland.md\/ro\/wp-json\/wp\/v2\/product_cat?post=2132"},{"taxonomy":"product_tag","embeddable":true,"href":"https:\/\/holyland.md\/ro\/wp-json\/wp\/v2\/product_tag?post=2132"}],"curies":[{"name":"wp","href":"https:\/\/api.w.org\/{rel}","templated":true}]}}