{"id":3836,"date":"2021-06-03T13:53:32","date_gmt":"2021-06-03T10:53:32","guid":{"rendered":"https:\/\/holyland.md\/product\/youthful-cream-for-normal-to-oily\/"},"modified":"2026-03-23T13:05:00","modified_gmt":"2026-03-23T10:05:00","slug":"youthful-cream-for-normal-to-oily","status":"publish","type":"product","link":"https:\/\/holyland.md\/ro\/product\/youthful-cream-for-normal-to-oily\/","title":{"rendered":"YOUTHFUL CREAM FOR NORMAL TO OILY"},"content":{"rendered":"<p>Crem\u0103 hidratant\u0103 de o textur\u0103 fin\u0103 \u0219i u\u0219oar\u0103. Perfect \u0219i rapid absorbit\u0103. Creat\u0103 pe baza de extracte de fructe \u0219i plante pentru a umple lipsa de vitamine \u0219i minerale. Crema echilibreaz\u0103 secre\u021bia de sebum, promoveaz\u0103 refacerea mantei hidro-lipidice, vindecarea rapid\u0103, amelioreaz\u0103 inflama\u021bia, tonific\u0103, re\u00eemprosp\u0103teaz\u0103 \u0219i mic\u0219oreaz\u0103 porii.<\/p>\n<p><strong>Principii active:<\/strong><\/p>\n<p>R\u0103\u015fin\u0103 de Dracaena Draco, Extract de Piersici, de Hamei, de Mu\u015fe\u0163el, din Frunze de Melissa, de Millefolium, din Fructe de Fenicul, Pantenol, Pantotenat de Calciu, Alantoina, Extract de Stevia, de Ceai Verde, de Rubus, de Malva, de Echinaceea, de Hamamelis, de Arnica, de Acid Ascorbic.<\/p>\n<p><strong>Mod de aplicare:<\/strong><\/p>\n<p>Dup\u0103 o cur\u0103\u021bare profund\u0103 \u00een dou\u0103 etape, se aplic\u0103 o cantitate mic\u0103 de crem\u0103 pe piele, se distribuie uniform pe toat\u0103 suprafa\u021ba. De folosit de 1-2 ori pe zi conform recomand\u0103rilor specialistului Dumneavoastr\u0103.<\/p>\n","protected":false},"excerpt":{"rendered":"<p>Volum: 70 ml<\/p>\n","protected":false},"featured_media":3833,"template":"","meta":[],"product_cat":[124],"product_tag":[],"class_list":{"0":"post-3836","1":"product","2":"type-product","3":"status-publish","4":"has-post-thumbnail","6":"product_cat-youthful-hl","8":"first","9":"instock","10":"shipping-taxable","11":"purchasable","12":"product-type-simple"},"yoast_head":"<!-- This site is optimized with the Yoast SEO plugin v23.3 - https:\/\/yoast.com\/wordpress\/plugins\/seo\/ -->\n<title>YOUTHFUL CREAM FOR NORMAL TO OILY | Holy Land Cosmetics<\/title>\n<meta name=\"robots\" content=\"index, follow, max-snippet:-1, max-image-preview:large, max-video-preview:-1\" \/>\n<link rel=\"canonical\" href=\"https:\/\/holyland.md\/ro\/product\/youthful-cream-for-normal-to-oily\/\" \/>\n<meta property=\"og:locale\" content=\"ro_RO\" \/>\n<meta property=\"og:type\" content=\"article\" \/>\n<meta property=\"og:title\" content=\"YOUTHFUL CREAM FOR NORMAL TO OILY | Holy Land Cosmetics\" \/>\n<meta property=\"og:description\" content=\"Volum: 70 ml\" \/>\n<meta property=\"og:url\" content=\"https:\/\/holyland.md\/ro\/product\/youthful-cream-for-normal-to-oily\/\" \/>\n<meta property=\"og:site_name\" content=\"Holy Land Cosmetics\" \/>\n<meta property=\"article:modified_time\" content=\"2026-03-23T10:05:00+00:00\" \/>\n<meta property=\"og:image\" content=\"https:\/\/holyland.md\/wp-content\/uploads\/2021\/06\/YOUTHFUL-CREAM.jpg\" \/>\n\t<meta property=\"og:image:width\" content=\"1000\" \/>\n\t<meta property=\"og:image:height\" content=\"1000\" \/>\n\t<meta property=\"og:image:type\" content=\"image\/jpeg\" \/>\n<meta name=\"twitter:card\" content=\"summary_large_image\" \/>\n<meta name=\"twitter:label1\" content=\"Timp estimat pentru citire\" \/>\n\t<meta name=\"twitter:data1\" content=\"1 minut\" \/>\n<script type=\"application\/ld+json\" class=\"yoast-schema-graph\">{\"@context\":\"https:\/\/schema.org\",\"@graph\":[{\"@type\":\"WebPage\",\"@id\":\"https:\/\/holyland.md\/ro\/product\/youthful-cream-for-normal-to-oily\/\",\"url\":\"https:\/\/holyland.md\/ro\/product\/youthful-cream-for-normal-to-oily\/\",\"name\":\"YOUTHFUL CREAM FOR NORMAL TO OILY | Holy Land Cosmetics\",\"isPartOf\":{\"@id\":\"https:\/\/holyland.md\/ro\/#website\"},\"primaryImageOfPage\":{\"@id\":\"https:\/\/holyland.md\/ro\/product\/youthful-cream-for-normal-to-oily\/#primaryimage\"},\"image\":{\"@id\":\"https:\/\/holyland.md\/ro\/product\/youthful-cream-for-normal-to-oily\/#primaryimage\"},\"thumbnailUrl\":\"https:\/\/holyland.md\/wp-content\/uploads\/2021\/06\/YOUTHFUL-CREAM.jpg\",\"datePublished\":\"2021-06-03T10:53:32+00:00\",\"dateModified\":\"2026-03-23T10:05:00+00:00\",\"breadcrumb\":{\"@id\":\"https:\/\/holyland.md\/ro\/product\/youthful-cream-for-normal-to-oily\/#breadcrumb\"},\"inLanguage\":\"ro-RO\",\"potentialAction\":[{\"@type\":\"ReadAction\",\"target\":[\"https:\/\/holyland.md\/ro\/product\/youthful-cream-for-normal-to-oily\/\"]}]},{\"@type\":\"ImageObject\",\"inLanguage\":\"ro-RO\",\"@id\":\"https:\/\/holyland.md\/ro\/product\/youthful-cream-for-normal-to-oily\/#primaryimage\",\"url\":\"https:\/\/holyland.md\/wp-content\/uploads\/2021\/06\/YOUTHFUL-CREAM.jpg\",\"contentUrl\":\"https:\/\/holyland.md\/wp-content\/uploads\/2021\/06\/YOUTHFUL-CREAM.jpg\",\"width\":1000,\"height\":1000,\"caption\":\"YOUTHFUL-CREAM\"},{\"@type\":\"BreadcrumbList\",\"@id\":\"https:\/\/holyland.md\/ro\/product\/youthful-cream-for-normal-to-oily\/#breadcrumb\",\"itemListElement\":[{\"@type\":\"ListItem\",\"position\":1,\"name\":\"\u0413\u043b\u0430\u0432\u043d\u0430\u044f \u0441\u0442\u0440\u0430\u043d\u0438\u0446\u0430\",\"item\":\"https:\/\/holyland.md\/ro\/\"},{\"@type\":\"ListItem\",\"position\":2,\"name\":\"Catalog produse HolyLand\",\"item\":\"https:\/\/holyland.md\/ro\/catalog\/\"},{\"@type\":\"ListItem\",\"position\":3,\"name\":\"YOUTHFUL CREAM FOR NORMAL TO OILY\"}]},{\"@type\":\"WebSite\",\"@id\":\"https:\/\/holyland.md\/ro\/#website\",\"url\":\"https:\/\/holyland.md\/ro\/\",\"name\":\"Holy Land Cosmetics\",\"description\":\"\",\"publisher\":{\"@id\":\"https:\/\/holyland.md\/ro\/#organization\"},\"potentialAction\":[{\"@type\":\"SearchAction\",\"target\":{\"@type\":\"EntryPoint\",\"urlTemplate\":\"https:\/\/holyland.md\/ro\/?s={search_term_string}\"},\"query-input\":\"required name=search_term_string\"}],\"inLanguage\":\"ro-RO\"},{\"@type\":\"Organization\",\"@id\":\"https:\/\/holyland.md\/ro\/#organization\",\"name\":\"Holy Land Cosmetics\",\"url\":\"https:\/\/holyland.md\/ro\/\",\"logo\":{\"@type\":\"ImageObject\",\"inLanguage\":\"ro-RO\",\"@id\":\"https:\/\/holyland.md\/ro\/#\/schema\/logo\/image\/\",\"url\":\"https:\/\/holyland.md\/wp-content\/uploads\/2020\/03\/hl-always-active.png\",\"contentUrl\":\"https:\/\/holyland.md\/wp-content\/uploads\/2020\/03\/hl-always-active.png\",\"width\":1437,\"height\":892,\"caption\":\"Holy Land Cosmetics\"},\"image\":{\"@id\":\"https:\/\/holyland.md\/ro\/#\/schema\/logo\/image\/\"}}]}<\/script>\n<!-- \/ Yoast SEO plugin. -->","yoast_head_json":{"title":"YOUTHFUL CREAM FOR NORMAL TO OILY | Holy Land Cosmetics","robots":{"index":"index","follow":"follow","max-snippet":"max-snippet:-1","max-image-preview":"max-image-preview:large","max-video-preview":"max-video-preview:-1"},"canonical":"https:\/\/holyland.md\/ro\/product\/youthful-cream-for-normal-to-oily\/","og_locale":"ro_RO","og_type":"article","og_title":"YOUTHFUL CREAM FOR NORMAL TO OILY | Holy Land Cosmetics","og_description":"Volum: 70 ml","og_url":"https:\/\/holyland.md\/ro\/product\/youthful-cream-for-normal-to-oily\/","og_site_name":"Holy Land Cosmetics","article_modified_time":"2026-03-23T10:05:00+00:00","og_image":[{"width":1000,"height":1000,"url":"https:\/\/holyland.md\/wp-content\/uploads\/2021\/06\/YOUTHFUL-CREAM.jpg","type":"image\/jpeg"}],"twitter_card":"summary_large_image","twitter_misc":{"Timp estimat pentru citire":"1 minut"},"schema":{"@context":"https:\/\/schema.org","@graph":[{"@type":"WebPage","@id":"https:\/\/holyland.md\/ro\/product\/youthful-cream-for-normal-to-oily\/","url":"https:\/\/holyland.md\/ro\/product\/youthful-cream-for-normal-to-oily\/","name":"YOUTHFUL CREAM FOR NORMAL TO OILY | Holy Land Cosmetics","isPartOf":{"@id":"https:\/\/holyland.md\/ro\/#website"},"primaryImageOfPage":{"@id":"https:\/\/holyland.md\/ro\/product\/youthful-cream-for-normal-to-oily\/#primaryimage"},"image":{"@id":"https:\/\/holyland.md\/ro\/product\/youthful-cream-for-normal-to-oily\/#primaryimage"},"thumbnailUrl":"https:\/\/holyland.md\/wp-content\/uploads\/2021\/06\/YOUTHFUL-CREAM.jpg","datePublished":"2021-06-03T10:53:32+00:00","dateModified":"2026-03-23T10:05:00+00:00","breadcrumb":{"@id":"https:\/\/holyland.md\/ro\/product\/youthful-cream-for-normal-to-oily\/#breadcrumb"},"inLanguage":"ro-RO","potentialAction":[{"@type":"ReadAction","target":["https:\/\/holyland.md\/ro\/product\/youthful-cream-for-normal-to-oily\/"]}]},{"@type":"ImageObject","inLanguage":"ro-RO","@id":"https:\/\/holyland.md\/ro\/product\/youthful-cream-for-normal-to-oily\/#primaryimage","url":"https:\/\/holyland.md\/wp-content\/uploads\/2021\/06\/YOUTHFUL-CREAM.jpg","contentUrl":"https:\/\/holyland.md\/wp-content\/uploads\/2021\/06\/YOUTHFUL-CREAM.jpg","width":1000,"height":1000,"caption":"YOUTHFUL-CREAM"},{"@type":"BreadcrumbList","@id":"https:\/\/holyland.md\/ro\/product\/youthful-cream-for-normal-to-oily\/#breadcrumb","itemListElement":[{"@type":"ListItem","position":1,"name":"\u0413\u043b\u0430\u0432\u043d\u0430\u044f \u0441\u0442\u0440\u0430\u043d\u0438\u0446\u0430","item":"https:\/\/holyland.md\/ro\/"},{"@type":"ListItem","position":2,"name":"Catalog produse HolyLand","item":"https:\/\/holyland.md\/ro\/catalog\/"},{"@type":"ListItem","position":3,"name":"YOUTHFUL CREAM FOR NORMAL TO OILY"}]},{"@type":"WebSite","@id":"https:\/\/holyland.md\/ro\/#website","url":"https:\/\/holyland.md\/ro\/","name":"Holy Land Cosmetics","description":"","publisher":{"@id":"https:\/\/holyland.md\/ro\/#organization"},"potentialAction":[{"@type":"SearchAction","target":{"@type":"EntryPoint","urlTemplate":"https:\/\/holyland.md\/ro\/?s={search_term_string}"},"query-input":"required name=search_term_string"}],"inLanguage":"ro-RO"},{"@type":"Organization","@id":"https:\/\/holyland.md\/ro\/#organization","name":"Holy Land Cosmetics","url":"https:\/\/holyland.md\/ro\/","logo":{"@type":"ImageObject","inLanguage":"ro-RO","@id":"https:\/\/holyland.md\/ro\/#\/schema\/logo\/image\/","url":"https:\/\/holyland.md\/wp-content\/uploads\/2020\/03\/hl-always-active.png","contentUrl":"https:\/\/holyland.md\/wp-content\/uploads\/2020\/03\/hl-always-active.png","width":1437,"height":892,"caption":"Holy Land Cosmetics"},"image":{"@id":"https:\/\/holyland.md\/ro\/#\/schema\/logo\/image\/"}}]}},"_links":{"self":[{"href":"https:\/\/holyland.md\/ro\/wp-json\/wp\/v2\/product\/3836"}],"collection":[{"href":"https:\/\/holyland.md\/ro\/wp-json\/wp\/v2\/product"}],"about":[{"href":"https:\/\/holyland.md\/ro\/wp-json\/wp\/v2\/types\/product"}],"wp:featuredmedia":[{"embeddable":true,"href":"https:\/\/holyland.md\/ro\/wp-json\/wp\/v2\/media\/3833"}],"wp:attachment":[{"href":"https:\/\/holyland.md\/ro\/wp-json\/wp\/v2\/media?parent=3836"}],"wp:term":[{"taxonomy":"product_cat","embeddable":true,"href":"https:\/\/holyland.md\/ro\/wp-json\/wp\/v2\/product_cat?post=3836"},{"taxonomy":"product_tag","embeddable":true,"href":"https:\/\/holyland.md\/ro\/wp-json\/wp\/v2\/product_tag?post=3836"}],"curies":[{"name":"wp","href":"https:\/\/api.w.org\/{rel}","templated":true}]}}