{"id":3848,"date":"2021-06-03T15:15:53","date_gmt":"2021-06-03T12:15:53","guid":{"rendered":"https:\/\/holyland.md\/product\/youthful-cream-for-normal-to-dry\/"},"modified":"2026-03-23T13:04:34","modified_gmt":"2026-03-23T10:04:34","slug":"youthful-cream-for-normal-to-dry","status":"publish","type":"product","link":"https:\/\/holyland.md\/ro\/product\/youthful-cream-for-normal-to-dry\/","title":{"rendered":"YOUTHFUL CREAM FOR NORMAL TO DRY"},"content":{"rendered":"<p>Crem\u0103 hidratant\u0103 cu textur\u0103 fin\u0103 \u0219i u\u0219oar\u0103. Perfect \u0219i rapid absorbit\u0103. Creat\u0103 pe baza de extracte de fructe \u0219i plante pentru a compensa lipsa de vitamine \u0219i minerale. Crema \u00eenmoaie, ajut\u0103 la refacerea mantei hidro-lipidice, tonific\u0103 \u0219i mic\u0219oreaz\u0103 porii.<\/p>\n<p><strong>Principii active:<\/strong><\/p>\n<p>Scualen, R\u0103\u015fin\u0103 de Dracaena Draco, Acid Ascorbic, Extract de Piersici, de Stevia, de Rubus, de Ceai Verde, de Malva, de Echinaceea, de Lemn Dulce, de Melissa, de Mentha Piperita, de Ginkgo Biloba.<\/p>\n<p><strong>Mod de aplicare:<\/strong><\/p>\n<p>Dup\u0103 o cur\u0103\u021bare profund\u0103 \u00een dou\u0103 etape, se aplic\u0103 o cantitate mic\u0103 de crem\u0103 pe piele, se distribuie uniform pe toat\u0103 suprafa\u021ba. De folosit de 1-2 ori pe zi conform recomand\u0103rilor specialistului Dumneavoastr\u0103.<\/p>\n","protected":false},"excerpt":{"rendered":"<p>Volum: 70 ml<\/p>\n","protected":false},"featured_media":0,"template":"","meta":[],"product_cat":[124],"product_tag":[],"class_list":{"0":"post-3848","1":"product","2":"type-product","3":"status-publish","5":"product_cat-youthful-hl","7":"first","8":"instock","9":"shipping-taxable","10":"purchasable","11":"product-type-simple"},"yoast_head":"<!-- This site is optimized with the Yoast SEO plugin v23.3 - https:\/\/yoast.com\/wordpress\/plugins\/seo\/ -->\n<title>YOUTHFUL CREAM FOR NORMAL TO DRY | Holy Land Cosmetics<\/title>\n<meta name=\"robots\" content=\"index, follow, max-snippet:-1, max-image-preview:large, max-video-preview:-1\" \/>\n<link rel=\"canonical\" href=\"https:\/\/holyland.md\/ro\/product\/youthful-cream-for-normal-to-dry\/\" \/>\n<meta property=\"og:locale\" content=\"ro_RO\" \/>\n<meta property=\"og:type\" content=\"article\" \/>\n<meta property=\"og:title\" content=\"YOUTHFUL CREAM FOR NORMAL TO DRY | Holy Land Cosmetics\" \/>\n<meta property=\"og:description\" content=\"Volum: 70 ml\" \/>\n<meta property=\"og:url\" content=\"https:\/\/holyland.md\/ro\/product\/youthful-cream-for-normal-to-dry\/\" \/>\n<meta property=\"og:site_name\" content=\"Holy Land Cosmetics\" \/>\n<meta property=\"article:modified_time\" content=\"2026-03-23T10:04:34+00:00\" \/>\n<meta name=\"twitter:card\" content=\"summary_large_image\" \/>\n<meta name=\"twitter:label1\" content=\"Timp estimat pentru citire\" \/>\n\t<meta name=\"twitter:data1\" content=\"1 minut\" \/>\n<script type=\"application\/ld+json\" class=\"yoast-schema-graph\">{\"@context\":\"https:\/\/schema.org\",\"@graph\":[{\"@type\":\"WebPage\",\"@id\":\"https:\/\/holyland.md\/ro\/product\/youthful-cream-for-normal-to-dry\/\",\"url\":\"https:\/\/holyland.md\/ro\/product\/youthful-cream-for-normal-to-dry\/\",\"name\":\"YOUTHFUL CREAM FOR NORMAL TO DRY | Holy Land Cosmetics\",\"isPartOf\":{\"@id\":\"https:\/\/holyland.md\/ro\/#website\"},\"datePublished\":\"2021-06-03T12:15:53+00:00\",\"dateModified\":\"2026-03-23T10:04:34+00:00\",\"breadcrumb\":{\"@id\":\"https:\/\/holyland.md\/ro\/product\/youthful-cream-for-normal-to-dry\/#breadcrumb\"},\"inLanguage\":\"ro-RO\",\"potentialAction\":[{\"@type\":\"ReadAction\",\"target\":[\"https:\/\/holyland.md\/ro\/product\/youthful-cream-for-normal-to-dry\/\"]}]},{\"@type\":\"BreadcrumbList\",\"@id\":\"https:\/\/holyland.md\/ro\/product\/youthful-cream-for-normal-to-dry\/#breadcrumb\",\"itemListElement\":[{\"@type\":\"ListItem\",\"position\":1,\"name\":\"\u0413\u043b\u0430\u0432\u043d\u0430\u044f \u0441\u0442\u0440\u0430\u043d\u0438\u0446\u0430\",\"item\":\"https:\/\/holyland.md\/ro\/\"},{\"@type\":\"ListItem\",\"position\":2,\"name\":\"Catalog produse HolyLand\",\"item\":\"https:\/\/holyland.md\/ro\/catalog\/\"},{\"@type\":\"ListItem\",\"position\":3,\"name\":\"YOUTHFUL CREAM FOR NORMAL TO DRY\"}]},{\"@type\":\"WebSite\",\"@id\":\"https:\/\/holyland.md\/ro\/#website\",\"url\":\"https:\/\/holyland.md\/ro\/\",\"name\":\"Holy Land Cosmetics\",\"description\":\"\",\"publisher\":{\"@id\":\"https:\/\/holyland.md\/ro\/#organization\"},\"potentialAction\":[{\"@type\":\"SearchAction\",\"target\":{\"@type\":\"EntryPoint\",\"urlTemplate\":\"https:\/\/holyland.md\/ro\/?s={search_term_string}\"},\"query-input\":\"required name=search_term_string\"}],\"inLanguage\":\"ro-RO\"},{\"@type\":\"Organization\",\"@id\":\"https:\/\/holyland.md\/ro\/#organization\",\"name\":\"Holy Land Cosmetics\",\"url\":\"https:\/\/holyland.md\/ro\/\",\"logo\":{\"@type\":\"ImageObject\",\"inLanguage\":\"ro-RO\",\"@id\":\"https:\/\/holyland.md\/ro\/#\/schema\/logo\/image\/\",\"url\":\"https:\/\/holyland.md\/wp-content\/uploads\/2020\/03\/hl-always-active.png\",\"contentUrl\":\"https:\/\/holyland.md\/wp-content\/uploads\/2020\/03\/hl-always-active.png\",\"width\":1437,\"height\":892,\"caption\":\"Holy Land Cosmetics\"},\"image\":{\"@id\":\"https:\/\/holyland.md\/ro\/#\/schema\/logo\/image\/\"}}]}<\/script>\n<!-- \/ Yoast SEO plugin. -->","yoast_head_json":{"title":"YOUTHFUL CREAM FOR NORMAL TO DRY | Holy Land Cosmetics","robots":{"index":"index","follow":"follow","max-snippet":"max-snippet:-1","max-image-preview":"max-image-preview:large","max-video-preview":"max-video-preview:-1"},"canonical":"https:\/\/holyland.md\/ro\/product\/youthful-cream-for-normal-to-dry\/","og_locale":"ro_RO","og_type":"article","og_title":"YOUTHFUL CREAM FOR NORMAL TO DRY | Holy Land Cosmetics","og_description":"Volum: 70 ml","og_url":"https:\/\/holyland.md\/ro\/product\/youthful-cream-for-normal-to-dry\/","og_site_name":"Holy Land Cosmetics","article_modified_time":"2026-03-23T10:04:34+00:00","twitter_card":"summary_large_image","twitter_misc":{"Timp estimat pentru citire":"1 minut"},"schema":{"@context":"https:\/\/schema.org","@graph":[{"@type":"WebPage","@id":"https:\/\/holyland.md\/ro\/product\/youthful-cream-for-normal-to-dry\/","url":"https:\/\/holyland.md\/ro\/product\/youthful-cream-for-normal-to-dry\/","name":"YOUTHFUL CREAM FOR NORMAL TO DRY | Holy Land Cosmetics","isPartOf":{"@id":"https:\/\/holyland.md\/ro\/#website"},"datePublished":"2021-06-03T12:15:53+00:00","dateModified":"2026-03-23T10:04:34+00:00","breadcrumb":{"@id":"https:\/\/holyland.md\/ro\/product\/youthful-cream-for-normal-to-dry\/#breadcrumb"},"inLanguage":"ro-RO","potentialAction":[{"@type":"ReadAction","target":["https:\/\/holyland.md\/ro\/product\/youthful-cream-for-normal-to-dry\/"]}]},{"@type":"BreadcrumbList","@id":"https:\/\/holyland.md\/ro\/product\/youthful-cream-for-normal-to-dry\/#breadcrumb","itemListElement":[{"@type":"ListItem","position":1,"name":"\u0413\u043b\u0430\u0432\u043d\u0430\u044f \u0441\u0442\u0440\u0430\u043d\u0438\u0446\u0430","item":"https:\/\/holyland.md\/ro\/"},{"@type":"ListItem","position":2,"name":"Catalog produse HolyLand","item":"https:\/\/holyland.md\/ro\/catalog\/"},{"@type":"ListItem","position":3,"name":"YOUTHFUL CREAM FOR NORMAL TO DRY"}]},{"@type":"WebSite","@id":"https:\/\/holyland.md\/ro\/#website","url":"https:\/\/holyland.md\/ro\/","name":"Holy Land Cosmetics","description":"","publisher":{"@id":"https:\/\/holyland.md\/ro\/#organization"},"potentialAction":[{"@type":"SearchAction","target":{"@type":"EntryPoint","urlTemplate":"https:\/\/holyland.md\/ro\/?s={search_term_string}"},"query-input":"required name=search_term_string"}],"inLanguage":"ro-RO"},{"@type":"Organization","@id":"https:\/\/holyland.md\/ro\/#organization","name":"Holy Land Cosmetics","url":"https:\/\/holyland.md\/ro\/","logo":{"@type":"ImageObject","inLanguage":"ro-RO","@id":"https:\/\/holyland.md\/ro\/#\/schema\/logo\/image\/","url":"https:\/\/holyland.md\/wp-content\/uploads\/2020\/03\/hl-always-active.png","contentUrl":"https:\/\/holyland.md\/wp-content\/uploads\/2020\/03\/hl-always-active.png","width":1437,"height":892,"caption":"Holy Land Cosmetics"},"image":{"@id":"https:\/\/holyland.md\/ro\/#\/schema\/logo\/image\/"}}]}},"_links":{"self":[{"href":"https:\/\/holyland.md\/ro\/wp-json\/wp\/v2\/product\/3848"}],"collection":[{"href":"https:\/\/holyland.md\/ro\/wp-json\/wp\/v2\/product"}],"about":[{"href":"https:\/\/holyland.md\/ro\/wp-json\/wp\/v2\/types\/product"}],"wp:attachment":[{"href":"https:\/\/holyland.md\/ro\/wp-json\/wp\/v2\/media?parent=3848"}],"wp:term":[{"taxonomy":"product_cat","embeddable":true,"href":"https:\/\/holyland.md\/ro\/wp-json\/wp\/v2\/product_cat?post=3848"},{"taxonomy":"product_tag","embeddable":true,"href":"https:\/\/holyland.md\/ro\/wp-json\/wp\/v2\/product_tag?post=3848"}],"curies":[{"name":"wp","href":"https:\/\/api.w.org\/{rel}","templated":true}]}}