{"id":3860,"date":"2021-06-03T15:49:05","date_gmt":"2021-06-03T12:49:05","guid":{"rendered":"https:\/\/holyland.md\/product\/vitalise-moisture-optimizing-mask-step\/"},"modified":"2026-03-24T14:06:55","modified_gmt":"2026-03-24T11:06:55","slug":"vitalise-moisture-optimizing-mask-step","status":"publish","type":"product","link":"https:\/\/holyland.md\/ro\/product\/vitalise-moisture-optimizing-mask-step\/","title":{"rendered":"VITALISE MOISTURE OPTIMIZING MASK STEP"},"content":{"rendered":"<p>Produs profesional. Masca cremoas\u0103. Are un efect de \u00eenmuiere, hidratare, \u00eent\u0103rire a imunit\u0103\u021bii locale.<\/p>\n<p><strong>Principii active:<\/strong><\/p>\n<p>Acid Hialuronic hidrolizat, Hialuronat de Sodiu, Ulei din semin\u0163e de Kukui, Ulei din nuca Macadamia, acetylhexapeptide-8.<\/p>\n<p><strong>Mod de aplicare:<\/strong><\/p>\n<p>Procedura vizeaz\u0103 utilizare a unei combina\u021bii de dou\u0103 preparate STEP 1 VITALISE MOISTURE OPTIMIZING BOOSTER \u0219i STEP 2 VITALISE MOISTURE OPTIMIZING MASK complementare unul cu cel\u0103lalt. O astfel de compozi\u021bie ofer\u0103 o alunecare scurt\u0103 timp de 10-15 minute, dup\u0103 care cade complet \u00een piele. Nu te sp\u0103la! \u00cenchide\u021bi etapa de \u00eengrijire activ\u0103 cu o masc\u0103 profesional\u0103 SISTEM DE HIDRATARE MASCA PROFESIONAL\u0102.<\/p>\n","protected":false},"excerpt":{"rendered":"<p>Volum: 250 ml<\/p>\n","protected":false},"featured_media":3886,"template":"","meta":[],"product_cat":[123],"product_tag":[],"class_list":{"0":"post-3860","1":"product","2":"type-product","3":"status-publish","4":"has-post-thumbnail","6":"product_cat-vitalise-hl","8":"first","9":"instock","10":"shipping-taxable","11":"purchasable","12":"product-type-simple"},"yoast_head":"<!-- This site is optimized with the Yoast SEO plugin v23.3 - https:\/\/yoast.com\/wordpress\/plugins\/seo\/ -->\n<title>VITALISE MOISTURE OPTIMIZING MASK STEP | Holy Land Cosmetics<\/title>\n<meta name=\"robots\" content=\"index, follow, max-snippet:-1, max-image-preview:large, max-video-preview:-1\" \/>\n<link rel=\"canonical\" href=\"https:\/\/holyland.md\/ro\/product\/vitalise-moisture-optimizing-mask-step\/\" \/>\n<meta property=\"og:locale\" content=\"ro_RO\" \/>\n<meta property=\"og:type\" content=\"article\" \/>\n<meta property=\"og:title\" content=\"VITALISE MOISTURE OPTIMIZING MASK STEP | Holy Land Cosmetics\" \/>\n<meta property=\"og:description\" content=\"Volum: 250 ml\" \/>\n<meta property=\"og:url\" content=\"https:\/\/holyland.md\/ro\/product\/vitalise-moisture-optimizing-mask-step\/\" \/>\n<meta property=\"og:site_name\" content=\"Holy Land Cosmetics\" \/>\n<meta property=\"article:modified_time\" content=\"2026-03-24T11:06:55+00:00\" \/>\n<meta property=\"og:image\" content=\"https:\/\/holyland.md\/wp-content\/uploads\/2021\/06\/VITALISE-MOISTURE-OPTIMISING-MASK-STEP-2.jpg\" \/>\n\t<meta property=\"og:image:width\" content=\"1000\" \/>\n\t<meta property=\"og:image:height\" content=\"1000\" \/>\n\t<meta property=\"og:image:type\" content=\"image\/jpeg\" \/>\n<meta name=\"twitter:card\" content=\"summary_large_image\" \/>\n<meta name=\"twitter:label1\" content=\"Timp estimat pentru citire\" \/>\n\t<meta name=\"twitter:data1\" content=\"1 minut\" \/>\n<script type=\"application\/ld+json\" class=\"yoast-schema-graph\">{\"@context\":\"https:\/\/schema.org\",\"@graph\":[{\"@type\":\"WebPage\",\"@id\":\"https:\/\/holyland.md\/ro\/product\/vitalise-moisture-optimizing-mask-step\/\",\"url\":\"https:\/\/holyland.md\/ro\/product\/vitalise-moisture-optimizing-mask-step\/\",\"name\":\"VITALISE MOISTURE OPTIMIZING MASK STEP | Holy Land Cosmetics\",\"isPartOf\":{\"@id\":\"https:\/\/holyland.md\/ro\/#website\"},\"primaryImageOfPage\":{\"@id\":\"https:\/\/holyland.md\/ro\/product\/vitalise-moisture-optimizing-mask-step\/#primaryimage\"},\"image\":{\"@id\":\"https:\/\/holyland.md\/ro\/product\/vitalise-moisture-optimizing-mask-step\/#primaryimage\"},\"thumbnailUrl\":\"https:\/\/holyland.md\/wp-content\/uploads\/2021\/06\/VITALISE-MOISTURE-OPTIMISING-MASK-STEP-2.jpg\",\"datePublished\":\"2021-06-03T12:49:05+00:00\",\"dateModified\":\"2026-03-24T11:06:55+00:00\",\"breadcrumb\":{\"@id\":\"https:\/\/holyland.md\/ro\/product\/vitalise-moisture-optimizing-mask-step\/#breadcrumb\"},\"inLanguage\":\"ro-RO\",\"potentialAction\":[{\"@type\":\"ReadAction\",\"target\":[\"https:\/\/holyland.md\/ro\/product\/vitalise-moisture-optimizing-mask-step\/\"]}]},{\"@type\":\"ImageObject\",\"inLanguage\":\"ro-RO\",\"@id\":\"https:\/\/holyland.md\/ro\/product\/vitalise-moisture-optimizing-mask-step\/#primaryimage\",\"url\":\"https:\/\/holyland.md\/wp-content\/uploads\/2021\/06\/VITALISE-MOISTURE-OPTIMISING-MASK-STEP-2.jpg\",\"contentUrl\":\"https:\/\/holyland.md\/wp-content\/uploads\/2021\/06\/VITALISE-MOISTURE-OPTIMISING-MASK-STEP-2.jpg\",\"width\":1000,\"height\":1000,\"caption\":\"VITALISE-MOISTURE-OPTIMISING-MASK\"},{\"@type\":\"BreadcrumbList\",\"@id\":\"https:\/\/holyland.md\/ro\/product\/vitalise-moisture-optimizing-mask-step\/#breadcrumb\",\"itemListElement\":[{\"@type\":\"ListItem\",\"position\":1,\"name\":\"\u0413\u043b\u0430\u0432\u043d\u0430\u044f \u0441\u0442\u0440\u0430\u043d\u0438\u0446\u0430\",\"item\":\"https:\/\/holyland.md\/ro\/\"},{\"@type\":\"ListItem\",\"position\":2,\"name\":\"Catalog produse HolyLand\",\"item\":\"https:\/\/holyland.md\/ro\/catalog\/\"},{\"@type\":\"ListItem\",\"position\":3,\"name\":\"VITALISE MOISTURE OPTIMIZING MASK STEP\"}]},{\"@type\":\"WebSite\",\"@id\":\"https:\/\/holyland.md\/ro\/#website\",\"url\":\"https:\/\/holyland.md\/ro\/\",\"name\":\"Holy Land Cosmetics\",\"description\":\"\",\"publisher\":{\"@id\":\"https:\/\/holyland.md\/ro\/#organization\"},\"potentialAction\":[{\"@type\":\"SearchAction\",\"target\":{\"@type\":\"EntryPoint\",\"urlTemplate\":\"https:\/\/holyland.md\/ro\/?s={search_term_string}\"},\"query-input\":\"required name=search_term_string\"}],\"inLanguage\":\"ro-RO\"},{\"@type\":\"Organization\",\"@id\":\"https:\/\/holyland.md\/ro\/#organization\",\"name\":\"Holy Land Cosmetics\",\"url\":\"https:\/\/holyland.md\/ro\/\",\"logo\":{\"@type\":\"ImageObject\",\"inLanguage\":\"ro-RO\",\"@id\":\"https:\/\/holyland.md\/ro\/#\/schema\/logo\/image\/\",\"url\":\"https:\/\/holyland.md\/wp-content\/uploads\/2020\/03\/hl-always-active.png\",\"contentUrl\":\"https:\/\/holyland.md\/wp-content\/uploads\/2020\/03\/hl-always-active.png\",\"width\":1437,\"height\":892,\"caption\":\"Holy Land Cosmetics\"},\"image\":{\"@id\":\"https:\/\/holyland.md\/ro\/#\/schema\/logo\/image\/\"}}]}<\/script>\n<!-- \/ Yoast SEO plugin. -->","yoast_head_json":{"title":"VITALISE MOISTURE OPTIMIZING MASK STEP | Holy Land Cosmetics","robots":{"index":"index","follow":"follow","max-snippet":"max-snippet:-1","max-image-preview":"max-image-preview:large","max-video-preview":"max-video-preview:-1"},"canonical":"https:\/\/holyland.md\/ro\/product\/vitalise-moisture-optimizing-mask-step\/","og_locale":"ro_RO","og_type":"article","og_title":"VITALISE MOISTURE OPTIMIZING MASK STEP | Holy Land Cosmetics","og_description":"Volum: 250 ml","og_url":"https:\/\/holyland.md\/ro\/product\/vitalise-moisture-optimizing-mask-step\/","og_site_name":"Holy Land Cosmetics","article_modified_time":"2026-03-24T11:06:55+00:00","og_image":[{"width":1000,"height":1000,"url":"https:\/\/holyland.md\/wp-content\/uploads\/2021\/06\/VITALISE-MOISTURE-OPTIMISING-MASK-STEP-2.jpg","type":"image\/jpeg"}],"twitter_card":"summary_large_image","twitter_misc":{"Timp estimat pentru citire":"1 minut"},"schema":{"@context":"https:\/\/schema.org","@graph":[{"@type":"WebPage","@id":"https:\/\/holyland.md\/ro\/product\/vitalise-moisture-optimizing-mask-step\/","url":"https:\/\/holyland.md\/ro\/product\/vitalise-moisture-optimizing-mask-step\/","name":"VITALISE MOISTURE OPTIMIZING MASK STEP | Holy Land Cosmetics","isPartOf":{"@id":"https:\/\/holyland.md\/ro\/#website"},"primaryImageOfPage":{"@id":"https:\/\/holyland.md\/ro\/product\/vitalise-moisture-optimizing-mask-step\/#primaryimage"},"image":{"@id":"https:\/\/holyland.md\/ro\/product\/vitalise-moisture-optimizing-mask-step\/#primaryimage"},"thumbnailUrl":"https:\/\/holyland.md\/wp-content\/uploads\/2021\/06\/VITALISE-MOISTURE-OPTIMISING-MASK-STEP-2.jpg","datePublished":"2021-06-03T12:49:05+00:00","dateModified":"2026-03-24T11:06:55+00:00","breadcrumb":{"@id":"https:\/\/holyland.md\/ro\/product\/vitalise-moisture-optimizing-mask-step\/#breadcrumb"},"inLanguage":"ro-RO","potentialAction":[{"@type":"ReadAction","target":["https:\/\/holyland.md\/ro\/product\/vitalise-moisture-optimizing-mask-step\/"]}]},{"@type":"ImageObject","inLanguage":"ro-RO","@id":"https:\/\/holyland.md\/ro\/product\/vitalise-moisture-optimizing-mask-step\/#primaryimage","url":"https:\/\/holyland.md\/wp-content\/uploads\/2021\/06\/VITALISE-MOISTURE-OPTIMISING-MASK-STEP-2.jpg","contentUrl":"https:\/\/holyland.md\/wp-content\/uploads\/2021\/06\/VITALISE-MOISTURE-OPTIMISING-MASK-STEP-2.jpg","width":1000,"height":1000,"caption":"VITALISE-MOISTURE-OPTIMISING-MASK"},{"@type":"BreadcrumbList","@id":"https:\/\/holyland.md\/ro\/product\/vitalise-moisture-optimizing-mask-step\/#breadcrumb","itemListElement":[{"@type":"ListItem","position":1,"name":"\u0413\u043b\u0430\u0432\u043d\u0430\u044f \u0441\u0442\u0440\u0430\u043d\u0438\u0446\u0430","item":"https:\/\/holyland.md\/ro\/"},{"@type":"ListItem","position":2,"name":"Catalog produse HolyLand","item":"https:\/\/holyland.md\/ro\/catalog\/"},{"@type":"ListItem","position":3,"name":"VITALISE MOISTURE OPTIMIZING MASK STEP"}]},{"@type":"WebSite","@id":"https:\/\/holyland.md\/ro\/#website","url":"https:\/\/holyland.md\/ro\/","name":"Holy Land Cosmetics","description":"","publisher":{"@id":"https:\/\/holyland.md\/ro\/#organization"},"potentialAction":[{"@type":"SearchAction","target":{"@type":"EntryPoint","urlTemplate":"https:\/\/holyland.md\/ro\/?s={search_term_string}"},"query-input":"required name=search_term_string"}],"inLanguage":"ro-RO"},{"@type":"Organization","@id":"https:\/\/holyland.md\/ro\/#organization","name":"Holy Land Cosmetics","url":"https:\/\/holyland.md\/ro\/","logo":{"@type":"ImageObject","inLanguage":"ro-RO","@id":"https:\/\/holyland.md\/ro\/#\/schema\/logo\/image\/","url":"https:\/\/holyland.md\/wp-content\/uploads\/2020\/03\/hl-always-active.png","contentUrl":"https:\/\/holyland.md\/wp-content\/uploads\/2020\/03\/hl-always-active.png","width":1437,"height":892,"caption":"Holy Land Cosmetics"},"image":{"@id":"https:\/\/holyland.md\/ro\/#\/schema\/logo\/image\/"}}]}},"_links":{"self":[{"href":"https:\/\/holyland.md\/ro\/wp-json\/wp\/v2\/product\/3860"}],"collection":[{"href":"https:\/\/holyland.md\/ro\/wp-json\/wp\/v2\/product"}],"about":[{"href":"https:\/\/holyland.md\/ro\/wp-json\/wp\/v2\/types\/product"}],"wp:featuredmedia":[{"embeddable":true,"href":"https:\/\/holyland.md\/ro\/wp-json\/wp\/v2\/media\/3886"}],"wp:attachment":[{"href":"https:\/\/holyland.md\/ro\/wp-json\/wp\/v2\/media?parent=3860"}],"wp:term":[{"taxonomy":"product_cat","embeddable":true,"href":"https:\/\/holyland.md\/ro\/wp-json\/wp\/v2\/product_cat?post=3860"},{"taxonomy":"product_tag","embeddable":true,"href":"https:\/\/holyland.md\/ro\/wp-json\/wp\/v2\/product_tag?post=3860"}],"curies":[{"name":"wp","href":"https:\/\/api.w.org\/{rel}","templated":true}]}}