{"id":3869,"date":"2021-06-03T16:14:45","date_gmt":"2021-06-03T13:14:45","guid":{"rendered":"https:\/\/holyland.md\/product\/vitalise-professional-mask\/"},"modified":"2026-03-24T14:06:45","modified_gmt":"2026-03-24T11:06:45","slug":"vitalise-professional-mask","status":"publish","type":"product","link":"https:\/\/holyland.md\/ro\/product\/vitalise-professional-mask\/","title":{"rendered":"VITALISE PROFESSIONAL MASK"},"content":{"rendered":"<p>Masca \u2013 set \u00eenclude:<\/p>\n<p><strong>1. VITALISE ADVANCED HYDRATION SYSTEM HYDRAMAX<\/strong><\/p>\n<p>Masc\u0103 alginat\u0103, gata de utilizare.<\/p>\n<p><strong>Ingrediente active:<\/strong><\/p>\n<p>alginat.<\/p>\n<p><strong>Mod de aplicare:<\/strong><\/p>\n<p>Se aplic\u0103 conform descrierii din ata\u0219ament.<\/p>\n<p><strong>2. VITALISE ADVANCED HYDRATION SYSTEM HYDRAMAX ACTIVATOR<\/strong><\/p>\n<p>Fixator al m\u0103\u0219tii alginate. Promoveaz\u0103 \u00eent\u0103rirea acestei.<\/p>\n<p><strong>Principii active:<\/strong><\/p>\n<p>Clorur\u0103 de Calciu.<\/p>\n<p><strong>Mod de aplicare:<\/strong><\/p>\n<p>De aplicat conform instruc\u0163iunilor anexate.<\/p>\n<p><strong>3. VITALISE ADVANCED HYDRATION SYSTEM THERMOMAX A<\/strong><\/p>\n<p>Masca bifazic\u0103 termic\u0103 cu efect de sculpturare. Componenta uscata (pulbere).<\/p>\n<p><strong>Principii active:<\/strong><\/p>\n<p>Sulfat de Calciu, Sulfat de Magneziu.<\/p>\n<p><strong>Mod de aplicare:<\/strong><\/p>\n<p>De aplicat conform instruc\u0163iunilor anexate.<\/p>\n<p><strong>4. VITALISE ADVANCED HYDRATION SYSTEM THERMOMAX \u0412 ACTIVATOR<\/strong><\/p>\n<p>Masca bifazic\u0103 termic\u0103 cu efect de sculpturare. Componenta lichid\u0103 (solu\u021bie).<\/p>\n<p><strong>Principii active:<\/strong><\/p>\n<p>Clorur\u0103 de Calciu, Sulfat de Magneziu, Niacina, Algina.<\/p>\n<p><strong>Mod de aplicare:<\/strong><\/p>\n<p>De aplicat conform instruc\u0163iunilor anexate.<\/p>\n","protected":false},"excerpt":{"rendered":"<p>Set<\/p>\n","protected":false},"featured_media":0,"template":"","meta":[],"product_cat":[123],"product_tag":[],"class_list":{"0":"post-3869","1":"product","2":"type-product","3":"status-publish","5":"product_cat-vitalise-hl","7":"first","8":"outofstock","9":"shipping-taxable","10":"purchasable","11":"product-type-simple"},"yoast_head":"<!-- This site is optimized with the Yoast SEO plugin v23.3 - https:\/\/yoast.com\/wordpress\/plugins\/seo\/ -->\n<title>VITALISE PROFESSIONAL MASK | Holy Land Cosmetics<\/title>\n<meta name=\"robots\" content=\"index, follow, max-snippet:-1, max-image-preview:large, max-video-preview:-1\" \/>\n<link rel=\"canonical\" href=\"https:\/\/holyland.md\/ro\/product\/vitalise-professional-mask\/\" \/>\n<meta property=\"og:locale\" content=\"ro_RO\" \/>\n<meta property=\"og:type\" content=\"article\" \/>\n<meta property=\"og:title\" content=\"VITALISE PROFESSIONAL MASK | Holy Land Cosmetics\" \/>\n<meta property=\"og:description\" content=\"Set\" \/>\n<meta property=\"og:url\" content=\"https:\/\/holyland.md\/ro\/product\/vitalise-professional-mask\/\" \/>\n<meta property=\"og:site_name\" content=\"Holy Land Cosmetics\" \/>\n<meta property=\"article:modified_time\" content=\"2026-03-24T11:06:45+00:00\" \/>\n<meta name=\"twitter:card\" content=\"summary_large_image\" \/>\n<meta name=\"twitter:label1\" content=\"Timp estimat pentru citire\" \/>\n\t<meta name=\"twitter:data1\" content=\"1 minut\" \/>\n<script type=\"application\/ld+json\" class=\"yoast-schema-graph\">{\"@context\":\"https:\/\/schema.org\",\"@graph\":[{\"@type\":\"WebPage\",\"@id\":\"https:\/\/holyland.md\/ro\/product\/vitalise-professional-mask\/\",\"url\":\"https:\/\/holyland.md\/ro\/product\/vitalise-professional-mask\/\",\"name\":\"VITALISE PROFESSIONAL MASK | Holy Land Cosmetics\",\"isPartOf\":{\"@id\":\"https:\/\/holyland.md\/ro\/#website\"},\"datePublished\":\"2021-06-03T13:14:45+00:00\",\"dateModified\":\"2026-03-24T11:06:45+00:00\",\"breadcrumb\":{\"@id\":\"https:\/\/holyland.md\/ro\/product\/vitalise-professional-mask\/#breadcrumb\"},\"inLanguage\":\"ro-RO\",\"potentialAction\":[{\"@type\":\"ReadAction\",\"target\":[\"https:\/\/holyland.md\/ro\/product\/vitalise-professional-mask\/\"]}]},{\"@type\":\"BreadcrumbList\",\"@id\":\"https:\/\/holyland.md\/ro\/product\/vitalise-professional-mask\/#breadcrumb\",\"itemListElement\":[{\"@type\":\"ListItem\",\"position\":1,\"name\":\"\u0413\u043b\u0430\u0432\u043d\u0430\u044f \u0441\u0442\u0440\u0430\u043d\u0438\u0446\u0430\",\"item\":\"https:\/\/holyland.md\/ro\/\"},{\"@type\":\"ListItem\",\"position\":2,\"name\":\"Catalog produse HolyLand\",\"item\":\"https:\/\/holyland.md\/ro\/catalog\/\"},{\"@type\":\"ListItem\",\"position\":3,\"name\":\"VITALISE PROFESSIONAL MASK\"}]},{\"@type\":\"WebSite\",\"@id\":\"https:\/\/holyland.md\/ro\/#website\",\"url\":\"https:\/\/holyland.md\/ro\/\",\"name\":\"Holy Land Cosmetics\",\"description\":\"\",\"publisher\":{\"@id\":\"https:\/\/holyland.md\/ro\/#organization\"},\"potentialAction\":[{\"@type\":\"SearchAction\",\"target\":{\"@type\":\"EntryPoint\",\"urlTemplate\":\"https:\/\/holyland.md\/ro\/?s={search_term_string}\"},\"query-input\":\"required name=search_term_string\"}],\"inLanguage\":\"ro-RO\"},{\"@type\":\"Organization\",\"@id\":\"https:\/\/holyland.md\/ro\/#organization\",\"name\":\"Holy Land Cosmetics\",\"url\":\"https:\/\/holyland.md\/ro\/\",\"logo\":{\"@type\":\"ImageObject\",\"inLanguage\":\"ro-RO\",\"@id\":\"https:\/\/holyland.md\/ro\/#\/schema\/logo\/image\/\",\"url\":\"https:\/\/holyland.md\/wp-content\/uploads\/2020\/03\/hl-always-active.png\",\"contentUrl\":\"https:\/\/holyland.md\/wp-content\/uploads\/2020\/03\/hl-always-active.png\",\"width\":1437,\"height\":892,\"caption\":\"Holy Land Cosmetics\"},\"image\":{\"@id\":\"https:\/\/holyland.md\/ro\/#\/schema\/logo\/image\/\"}}]}<\/script>\n<!-- \/ Yoast SEO plugin. -->","yoast_head_json":{"title":"VITALISE PROFESSIONAL MASK | Holy Land Cosmetics","robots":{"index":"index","follow":"follow","max-snippet":"max-snippet:-1","max-image-preview":"max-image-preview:large","max-video-preview":"max-video-preview:-1"},"canonical":"https:\/\/holyland.md\/ro\/product\/vitalise-professional-mask\/","og_locale":"ro_RO","og_type":"article","og_title":"VITALISE PROFESSIONAL MASK | Holy Land Cosmetics","og_description":"Set","og_url":"https:\/\/holyland.md\/ro\/product\/vitalise-professional-mask\/","og_site_name":"Holy Land Cosmetics","article_modified_time":"2026-03-24T11:06:45+00:00","twitter_card":"summary_large_image","twitter_misc":{"Timp estimat pentru citire":"1 minut"},"schema":{"@context":"https:\/\/schema.org","@graph":[{"@type":"WebPage","@id":"https:\/\/holyland.md\/ro\/product\/vitalise-professional-mask\/","url":"https:\/\/holyland.md\/ro\/product\/vitalise-professional-mask\/","name":"VITALISE PROFESSIONAL MASK | Holy Land Cosmetics","isPartOf":{"@id":"https:\/\/holyland.md\/ro\/#website"},"datePublished":"2021-06-03T13:14:45+00:00","dateModified":"2026-03-24T11:06:45+00:00","breadcrumb":{"@id":"https:\/\/holyland.md\/ro\/product\/vitalise-professional-mask\/#breadcrumb"},"inLanguage":"ro-RO","potentialAction":[{"@type":"ReadAction","target":["https:\/\/holyland.md\/ro\/product\/vitalise-professional-mask\/"]}]},{"@type":"BreadcrumbList","@id":"https:\/\/holyland.md\/ro\/product\/vitalise-professional-mask\/#breadcrumb","itemListElement":[{"@type":"ListItem","position":1,"name":"\u0413\u043b\u0430\u0432\u043d\u0430\u044f \u0441\u0442\u0440\u0430\u043d\u0438\u0446\u0430","item":"https:\/\/holyland.md\/ro\/"},{"@type":"ListItem","position":2,"name":"Catalog produse HolyLand","item":"https:\/\/holyland.md\/ro\/catalog\/"},{"@type":"ListItem","position":3,"name":"VITALISE PROFESSIONAL MASK"}]},{"@type":"WebSite","@id":"https:\/\/holyland.md\/ro\/#website","url":"https:\/\/holyland.md\/ro\/","name":"Holy Land Cosmetics","description":"","publisher":{"@id":"https:\/\/holyland.md\/ro\/#organization"},"potentialAction":[{"@type":"SearchAction","target":{"@type":"EntryPoint","urlTemplate":"https:\/\/holyland.md\/ro\/?s={search_term_string}"},"query-input":"required name=search_term_string"}],"inLanguage":"ro-RO"},{"@type":"Organization","@id":"https:\/\/holyland.md\/ro\/#organization","name":"Holy Land Cosmetics","url":"https:\/\/holyland.md\/ro\/","logo":{"@type":"ImageObject","inLanguage":"ro-RO","@id":"https:\/\/holyland.md\/ro\/#\/schema\/logo\/image\/","url":"https:\/\/holyland.md\/wp-content\/uploads\/2020\/03\/hl-always-active.png","contentUrl":"https:\/\/holyland.md\/wp-content\/uploads\/2020\/03\/hl-always-active.png","width":1437,"height":892,"caption":"Holy Land Cosmetics"},"image":{"@id":"https:\/\/holyland.md\/ro\/#\/schema\/logo\/image\/"}}]}},"_links":{"self":[{"href":"https:\/\/holyland.md\/ro\/wp-json\/wp\/v2\/product\/3869"}],"collection":[{"href":"https:\/\/holyland.md\/ro\/wp-json\/wp\/v2\/product"}],"about":[{"href":"https:\/\/holyland.md\/ro\/wp-json\/wp\/v2\/types\/product"}],"wp:attachment":[{"href":"https:\/\/holyland.md\/ro\/wp-json\/wp\/v2\/media?parent=3869"}],"wp:term":[{"taxonomy":"product_cat","embeddable":true,"href":"https:\/\/holyland.md\/ro\/wp-json\/wp\/v2\/product_cat?post=3869"},{"taxonomy":"product_tag","embeddable":true,"href":"https:\/\/holyland.md\/ro\/wp-json\/wp\/v2\/product_tag?post=3869"}],"curies":[{"name":"wp","href":"https:\/\/api.w.org\/{rel}","templated":true}]}}