{"id":3875,"date":"2021-06-03T16:45:40","date_gmt":"2021-06-03T13:45:40","guid":{"rendered":"https:\/\/holyland.md\/product\/eyelight-ultra-refine-exfoliator\/"},"modified":"2026-03-24T14:06:34","modified_gmt":"2026-03-24T11:06:34","slug":"eyelight-ultra-refine-exfoliator","status":"publish","type":"product","link":"https:\/\/holyland.md\/ro\/product\/eyelight-ultra-refine-exfoliator\/","title":{"rendered":"EYELIGHT ULTRA REFINE EXFOLIATOR"},"content":{"rendered":"<p>Peeling superficial combinat cu un efect pronun\u021bat de hidratare, drenare, str\u0103lucire \u0219i \u00eentinerire. O alegere de peeling excelent\u0103 pentru sezonul cald sau o procedur\u0103 expres\u0103. NUMAI PENTRU UTILIZARE PROFESIONAL\u0102!<\/p>\n<p><strong>Principii active:<\/strong><\/p>\n<p>Extract de Afine, Extract de Trestie de Zah\u0103r, Extract de Ar\u0163ar de Zah\u0103r, Extract de L\u0103m\u00e2ie, Extract de Portocale, Acid Ascorbic, Hexapeptide 10, Hitozan, Glicozaminoglicani, Acid Citric, Acid Lactic, Cofeina, Extract de Ceai Verde.<\/p>\n<p><strong>Mod de aplicare:<\/strong><\/p>\n<p>Posibilitatea de a cump\u0103ra \u0219i utiliza numai dup\u0103 instruirea de baz\u0103 la un reprezentant autorizat cu primirea certificatului de confirmare corespunz\u0103tor.<\/p>\n","protected":false},"excerpt":{"rendered":"<p>Volum: 100 ml <\/p>\n","protected":false},"featured_media":0,"template":"","meta":[],"product_cat":[115],"product_tag":[],"class_list":{"0":"post-3875","1":"product","2":"type-product","3":"status-publish","5":"product_cat-peels-hl","7":"first","8":"outofstock","9":"shipping-taxable","10":"purchasable","11":"product-type-simple"},"yoast_head":"<!-- This site is optimized with the Yoast SEO plugin v23.3 - https:\/\/yoast.com\/wordpress\/plugins\/seo\/ -->\n<title>EYELIGHT ULTRA REFINE EXFOLIATOR | Holy Land Cosmetics<\/title>\n<meta name=\"robots\" content=\"index, follow, max-snippet:-1, max-image-preview:large, max-video-preview:-1\" \/>\n<link rel=\"canonical\" href=\"https:\/\/holyland.md\/ro\/product\/eyelight-ultra-refine-exfoliator\/\" \/>\n<meta property=\"og:locale\" content=\"ro_RO\" \/>\n<meta property=\"og:type\" content=\"article\" \/>\n<meta property=\"og:title\" content=\"EYELIGHT ULTRA REFINE EXFOLIATOR | Holy Land Cosmetics\" \/>\n<meta property=\"og:description\" content=\"Volum: 100 ml\" \/>\n<meta property=\"og:url\" content=\"https:\/\/holyland.md\/ro\/product\/eyelight-ultra-refine-exfoliator\/\" \/>\n<meta property=\"og:site_name\" content=\"Holy Land Cosmetics\" \/>\n<meta property=\"article:modified_time\" content=\"2026-03-24T11:06:34+00:00\" \/>\n<meta name=\"twitter:card\" content=\"summary_large_image\" \/>\n<meta name=\"twitter:label1\" content=\"Timp estimat pentru citire\" \/>\n\t<meta name=\"twitter:data1\" content=\"1 minut\" \/>\n<script type=\"application\/ld+json\" class=\"yoast-schema-graph\">{\"@context\":\"https:\/\/schema.org\",\"@graph\":[{\"@type\":\"WebPage\",\"@id\":\"https:\/\/holyland.md\/ro\/product\/eyelight-ultra-refine-exfoliator\/\",\"url\":\"https:\/\/holyland.md\/ro\/product\/eyelight-ultra-refine-exfoliator\/\",\"name\":\"EYELIGHT ULTRA REFINE EXFOLIATOR | Holy Land Cosmetics\",\"isPartOf\":{\"@id\":\"https:\/\/holyland.md\/ro\/#website\"},\"datePublished\":\"2021-06-03T13:45:40+00:00\",\"dateModified\":\"2026-03-24T11:06:34+00:00\",\"breadcrumb\":{\"@id\":\"https:\/\/holyland.md\/ro\/product\/eyelight-ultra-refine-exfoliator\/#breadcrumb\"},\"inLanguage\":\"ro-RO\",\"potentialAction\":[{\"@type\":\"ReadAction\",\"target\":[\"https:\/\/holyland.md\/ro\/product\/eyelight-ultra-refine-exfoliator\/\"]}]},{\"@type\":\"BreadcrumbList\",\"@id\":\"https:\/\/holyland.md\/ro\/product\/eyelight-ultra-refine-exfoliator\/#breadcrumb\",\"itemListElement\":[{\"@type\":\"ListItem\",\"position\":1,\"name\":\"\u0413\u043b\u0430\u0432\u043d\u0430\u044f \u0441\u0442\u0440\u0430\u043d\u0438\u0446\u0430\",\"item\":\"https:\/\/holyland.md\/ro\/\"},{\"@type\":\"ListItem\",\"position\":2,\"name\":\"Catalog produse HolyLand\",\"item\":\"https:\/\/holyland.md\/ro\/catalog\/\"},{\"@type\":\"ListItem\",\"position\":3,\"name\":\"EYELIGHT ULTRA REFINE EXFOLIATOR\"}]},{\"@type\":\"WebSite\",\"@id\":\"https:\/\/holyland.md\/ro\/#website\",\"url\":\"https:\/\/holyland.md\/ro\/\",\"name\":\"Holy Land Cosmetics\",\"description\":\"\",\"publisher\":{\"@id\":\"https:\/\/holyland.md\/ro\/#organization\"},\"potentialAction\":[{\"@type\":\"SearchAction\",\"target\":{\"@type\":\"EntryPoint\",\"urlTemplate\":\"https:\/\/holyland.md\/ro\/?s={search_term_string}\"},\"query-input\":\"required name=search_term_string\"}],\"inLanguage\":\"ro-RO\"},{\"@type\":\"Organization\",\"@id\":\"https:\/\/holyland.md\/ro\/#organization\",\"name\":\"Holy Land Cosmetics\",\"url\":\"https:\/\/holyland.md\/ro\/\",\"logo\":{\"@type\":\"ImageObject\",\"inLanguage\":\"ro-RO\",\"@id\":\"https:\/\/holyland.md\/ro\/#\/schema\/logo\/image\/\",\"url\":\"https:\/\/holyland.md\/wp-content\/uploads\/2020\/03\/hl-always-active.png\",\"contentUrl\":\"https:\/\/holyland.md\/wp-content\/uploads\/2020\/03\/hl-always-active.png\",\"width\":1437,\"height\":892,\"caption\":\"Holy Land Cosmetics\"},\"image\":{\"@id\":\"https:\/\/holyland.md\/ro\/#\/schema\/logo\/image\/\"}}]}<\/script>\n<!-- \/ Yoast SEO plugin. -->","yoast_head_json":{"title":"EYELIGHT ULTRA REFINE EXFOLIATOR | Holy Land Cosmetics","robots":{"index":"index","follow":"follow","max-snippet":"max-snippet:-1","max-image-preview":"max-image-preview:large","max-video-preview":"max-video-preview:-1"},"canonical":"https:\/\/holyland.md\/ro\/product\/eyelight-ultra-refine-exfoliator\/","og_locale":"ro_RO","og_type":"article","og_title":"EYELIGHT ULTRA REFINE EXFOLIATOR | Holy Land Cosmetics","og_description":"Volum: 100 ml","og_url":"https:\/\/holyland.md\/ro\/product\/eyelight-ultra-refine-exfoliator\/","og_site_name":"Holy Land Cosmetics","article_modified_time":"2026-03-24T11:06:34+00:00","twitter_card":"summary_large_image","twitter_misc":{"Timp estimat pentru citire":"1 minut"},"schema":{"@context":"https:\/\/schema.org","@graph":[{"@type":"WebPage","@id":"https:\/\/holyland.md\/ro\/product\/eyelight-ultra-refine-exfoliator\/","url":"https:\/\/holyland.md\/ro\/product\/eyelight-ultra-refine-exfoliator\/","name":"EYELIGHT ULTRA REFINE EXFOLIATOR | Holy Land Cosmetics","isPartOf":{"@id":"https:\/\/holyland.md\/ro\/#website"},"datePublished":"2021-06-03T13:45:40+00:00","dateModified":"2026-03-24T11:06:34+00:00","breadcrumb":{"@id":"https:\/\/holyland.md\/ro\/product\/eyelight-ultra-refine-exfoliator\/#breadcrumb"},"inLanguage":"ro-RO","potentialAction":[{"@type":"ReadAction","target":["https:\/\/holyland.md\/ro\/product\/eyelight-ultra-refine-exfoliator\/"]}]},{"@type":"BreadcrumbList","@id":"https:\/\/holyland.md\/ro\/product\/eyelight-ultra-refine-exfoliator\/#breadcrumb","itemListElement":[{"@type":"ListItem","position":1,"name":"\u0413\u043b\u0430\u0432\u043d\u0430\u044f \u0441\u0442\u0440\u0430\u043d\u0438\u0446\u0430","item":"https:\/\/holyland.md\/ro\/"},{"@type":"ListItem","position":2,"name":"Catalog produse HolyLand","item":"https:\/\/holyland.md\/ro\/catalog\/"},{"@type":"ListItem","position":3,"name":"EYELIGHT ULTRA REFINE EXFOLIATOR"}]},{"@type":"WebSite","@id":"https:\/\/holyland.md\/ro\/#website","url":"https:\/\/holyland.md\/ro\/","name":"Holy Land Cosmetics","description":"","publisher":{"@id":"https:\/\/holyland.md\/ro\/#organization"},"potentialAction":[{"@type":"SearchAction","target":{"@type":"EntryPoint","urlTemplate":"https:\/\/holyland.md\/ro\/?s={search_term_string}"},"query-input":"required name=search_term_string"}],"inLanguage":"ro-RO"},{"@type":"Organization","@id":"https:\/\/holyland.md\/ro\/#organization","name":"Holy Land Cosmetics","url":"https:\/\/holyland.md\/ro\/","logo":{"@type":"ImageObject","inLanguage":"ro-RO","@id":"https:\/\/holyland.md\/ro\/#\/schema\/logo\/image\/","url":"https:\/\/holyland.md\/wp-content\/uploads\/2020\/03\/hl-always-active.png","contentUrl":"https:\/\/holyland.md\/wp-content\/uploads\/2020\/03\/hl-always-active.png","width":1437,"height":892,"caption":"Holy Land Cosmetics"},"image":{"@id":"https:\/\/holyland.md\/ro\/#\/schema\/logo\/image\/"}}]}},"_links":{"self":[{"href":"https:\/\/holyland.md\/ro\/wp-json\/wp\/v2\/product\/3875"}],"collection":[{"href":"https:\/\/holyland.md\/ro\/wp-json\/wp\/v2\/product"}],"about":[{"href":"https:\/\/holyland.md\/ro\/wp-json\/wp\/v2\/types\/product"}],"wp:attachment":[{"href":"https:\/\/holyland.md\/ro\/wp-json\/wp\/v2\/media?parent=3875"}],"wp:term":[{"taxonomy":"product_cat","embeddable":true,"href":"https:\/\/holyland.md\/ro\/wp-json\/wp\/v2\/product_cat?post=3875"},{"taxonomy":"product_tag","embeddable":true,"href":"https:\/\/holyland.md\/ro\/wp-json\/wp\/v2\/product_tag?post=3875"}],"curies":[{"name":"wp","href":"https:\/\/api.w.org\/{rel}","templated":true}]}}