{"id":3878,"date":"2021-06-03T17:01:15","date_gmt":"2021-06-03T14:01:15","guid":{"rendered":"https:\/\/holyland.md\/product\/mythologic-hydro-mask\/"},"modified":"2026-03-23T13:04:01","modified_gmt":"2026-03-23T10:04:01","slug":"mythologic-hydro-mask","status":"publish","type":"product","link":"https:\/\/holyland.md\/ro\/product\/mythologic-hydro-mask\/","title":{"rendered":"MYTHOLOGIC HYDRO MASK"},"content":{"rendered":"<p>Masca sub\u021bire cu efect de lifting pentru pielea fe\u021bei \u0219i a corpului. Creat\u0103 pe baza a celor mai bune ingrediente \u0219i re\u021bete, eficien\u021ba c\u0103rora este dovedit\u0103 de-a lungul secolelor. Nu usuc\u0103 excesiv pielea, ci dimpotriv\u0103 o hidrateaz\u0103, re\u00eemprosp\u0103teaz\u0103, uniformizeaz\u0103 culoarea \u0219i textura pielii, mic\u0219oreaz\u0103 vizual porii, satureaz\u0103 pielea cu componentele necesare pentru a construi celule noi \u0219i fibre s\u0103n\u0103toase. Tonific\u0103 perfect \u0219i u\u0219or \u00een\u0103lbeste.<\/p>\n<p><strong>Principii active:<\/strong><\/p>\n<p>Ulei din boabe de soia, ulei de Safflower, acid linoleic, oxid de zinc, ceramide, extract de Hibiscus, Nasturtium, Nasturel, r\u0103d\u0103cina de brusture, frunze de salvia, l\u0103m\u00e2ie, ieder\u0103, saponaria, limba mielului, vitamine A, C \u015fi E.<\/p>\n<p><strong>Mod de folosire:<\/strong><\/p>\n<p>Dup\u0103 o cur\u0103\u021bare minu\u021bioas\u0103 \u00een dou\u0103 etape, masca se aplic\u0103 \u00eentr-un strat sub\u021bire, se distribuie uniform pe \u00eentreaga suprafa\u021b\u0103. Peste 15-20 de minute, se cl\u0103te\u0219te cu ap\u0103 cald\u0103. De utilizat o dat\u0103 pe s\u0103pt\u0103m\u00e2n\u0103 sau conform recomand\u0103rilor specialistului Dumneavoastr\u0103.<\/p>\n","protected":false},"excerpt":{"rendered":"<p>Volum: 125 ml, 1000 ml<\/p>\n","protected":false},"featured_media":0,"template":"","meta":[],"product_cat":[114],"product_tag":[],"class_list":{"0":"post-3878","1":"product","2":"type-product","3":"status-publish","5":"product_cat-mythologic-hl","7":"first","8":"instock","9":"shipping-taxable","10":"purchasable","11":"product-type-simple"},"yoast_head":"<!-- This site is optimized with the Yoast SEO plugin v23.3 - https:\/\/yoast.com\/wordpress\/plugins\/seo\/ -->\n<title>MYTHOLOGIC HYDRO MASK | Holy Land Cosmetics<\/title>\n<meta name=\"robots\" content=\"index, follow, max-snippet:-1, max-image-preview:large, max-video-preview:-1\" \/>\n<link rel=\"canonical\" href=\"https:\/\/holyland.md\/ro\/product\/mythologic-hydro-mask\/\" \/>\n<meta property=\"og:locale\" content=\"ro_RO\" \/>\n<meta property=\"og:type\" content=\"article\" \/>\n<meta property=\"og:title\" content=\"MYTHOLOGIC HYDRO MASK | Holy Land Cosmetics\" \/>\n<meta property=\"og:description\" content=\"Volum: 125 ml, 1000 ml\" \/>\n<meta property=\"og:url\" content=\"https:\/\/holyland.md\/ro\/product\/mythologic-hydro-mask\/\" \/>\n<meta property=\"og:site_name\" content=\"Holy Land Cosmetics\" \/>\n<meta property=\"article:modified_time\" content=\"2026-03-23T10:04:01+00:00\" \/>\n<meta name=\"twitter:card\" content=\"summary_large_image\" \/>\n<meta name=\"twitter:label1\" content=\"Timp estimat pentru citire\" \/>\n\t<meta name=\"twitter:data1\" content=\"1 minut\" \/>\n<script type=\"application\/ld+json\" class=\"yoast-schema-graph\">{\"@context\":\"https:\/\/schema.org\",\"@graph\":[{\"@type\":\"WebPage\",\"@id\":\"https:\/\/holyland.md\/ro\/product\/mythologic-hydro-mask\/\",\"url\":\"https:\/\/holyland.md\/ro\/product\/mythologic-hydro-mask\/\",\"name\":\"MYTHOLOGIC HYDRO MASK | Holy Land Cosmetics\",\"isPartOf\":{\"@id\":\"https:\/\/holyland.md\/ro\/#website\"},\"datePublished\":\"2021-06-03T14:01:15+00:00\",\"dateModified\":\"2026-03-23T10:04:01+00:00\",\"breadcrumb\":{\"@id\":\"https:\/\/holyland.md\/ro\/product\/mythologic-hydro-mask\/#breadcrumb\"},\"inLanguage\":\"ro-RO\",\"potentialAction\":[{\"@type\":\"ReadAction\",\"target\":[\"https:\/\/holyland.md\/ro\/product\/mythologic-hydro-mask\/\"]}]},{\"@type\":\"BreadcrumbList\",\"@id\":\"https:\/\/holyland.md\/ro\/product\/mythologic-hydro-mask\/#breadcrumb\",\"itemListElement\":[{\"@type\":\"ListItem\",\"position\":1,\"name\":\"\u0413\u043b\u0430\u0432\u043d\u0430\u044f \u0441\u0442\u0440\u0430\u043d\u0438\u0446\u0430\",\"item\":\"https:\/\/holyland.md\/ro\/\"},{\"@type\":\"ListItem\",\"position\":2,\"name\":\"Catalog produse HolyLand\",\"item\":\"https:\/\/holyland.md\/ro\/catalog\/\"},{\"@type\":\"ListItem\",\"position\":3,\"name\":\"MYTHOLOGIC HYDRO MASK\"}]},{\"@type\":\"WebSite\",\"@id\":\"https:\/\/holyland.md\/ro\/#website\",\"url\":\"https:\/\/holyland.md\/ro\/\",\"name\":\"Holy Land Cosmetics\",\"description\":\"\",\"publisher\":{\"@id\":\"https:\/\/holyland.md\/ro\/#organization\"},\"potentialAction\":[{\"@type\":\"SearchAction\",\"target\":{\"@type\":\"EntryPoint\",\"urlTemplate\":\"https:\/\/holyland.md\/ro\/?s={search_term_string}\"},\"query-input\":\"required name=search_term_string\"}],\"inLanguage\":\"ro-RO\"},{\"@type\":\"Organization\",\"@id\":\"https:\/\/holyland.md\/ro\/#organization\",\"name\":\"Holy Land Cosmetics\",\"url\":\"https:\/\/holyland.md\/ro\/\",\"logo\":{\"@type\":\"ImageObject\",\"inLanguage\":\"ro-RO\",\"@id\":\"https:\/\/holyland.md\/ro\/#\/schema\/logo\/image\/\",\"url\":\"https:\/\/holyland.md\/wp-content\/uploads\/2020\/03\/hl-always-active.png\",\"contentUrl\":\"https:\/\/holyland.md\/wp-content\/uploads\/2020\/03\/hl-always-active.png\",\"width\":1437,\"height\":892,\"caption\":\"Holy Land Cosmetics\"},\"image\":{\"@id\":\"https:\/\/holyland.md\/ro\/#\/schema\/logo\/image\/\"}}]}<\/script>\n<!-- \/ Yoast SEO plugin. -->","yoast_head_json":{"title":"MYTHOLOGIC HYDRO MASK | Holy Land Cosmetics","robots":{"index":"index","follow":"follow","max-snippet":"max-snippet:-1","max-image-preview":"max-image-preview:large","max-video-preview":"max-video-preview:-1"},"canonical":"https:\/\/holyland.md\/ro\/product\/mythologic-hydro-mask\/","og_locale":"ro_RO","og_type":"article","og_title":"MYTHOLOGIC HYDRO MASK | Holy Land Cosmetics","og_description":"Volum: 125 ml, 1000 ml","og_url":"https:\/\/holyland.md\/ro\/product\/mythologic-hydro-mask\/","og_site_name":"Holy Land Cosmetics","article_modified_time":"2026-03-23T10:04:01+00:00","twitter_card":"summary_large_image","twitter_misc":{"Timp estimat pentru citire":"1 minut"},"schema":{"@context":"https:\/\/schema.org","@graph":[{"@type":"WebPage","@id":"https:\/\/holyland.md\/ro\/product\/mythologic-hydro-mask\/","url":"https:\/\/holyland.md\/ro\/product\/mythologic-hydro-mask\/","name":"MYTHOLOGIC HYDRO MASK | Holy Land Cosmetics","isPartOf":{"@id":"https:\/\/holyland.md\/ro\/#website"},"datePublished":"2021-06-03T14:01:15+00:00","dateModified":"2026-03-23T10:04:01+00:00","breadcrumb":{"@id":"https:\/\/holyland.md\/ro\/product\/mythologic-hydro-mask\/#breadcrumb"},"inLanguage":"ro-RO","potentialAction":[{"@type":"ReadAction","target":["https:\/\/holyland.md\/ro\/product\/mythologic-hydro-mask\/"]}]},{"@type":"BreadcrumbList","@id":"https:\/\/holyland.md\/ro\/product\/mythologic-hydro-mask\/#breadcrumb","itemListElement":[{"@type":"ListItem","position":1,"name":"\u0413\u043b\u0430\u0432\u043d\u0430\u044f \u0441\u0442\u0440\u0430\u043d\u0438\u0446\u0430","item":"https:\/\/holyland.md\/ro\/"},{"@type":"ListItem","position":2,"name":"Catalog produse HolyLand","item":"https:\/\/holyland.md\/ro\/catalog\/"},{"@type":"ListItem","position":3,"name":"MYTHOLOGIC HYDRO MASK"}]},{"@type":"WebSite","@id":"https:\/\/holyland.md\/ro\/#website","url":"https:\/\/holyland.md\/ro\/","name":"Holy Land Cosmetics","description":"","publisher":{"@id":"https:\/\/holyland.md\/ro\/#organization"},"potentialAction":[{"@type":"SearchAction","target":{"@type":"EntryPoint","urlTemplate":"https:\/\/holyland.md\/ro\/?s={search_term_string}"},"query-input":"required name=search_term_string"}],"inLanguage":"ro-RO"},{"@type":"Organization","@id":"https:\/\/holyland.md\/ro\/#organization","name":"Holy Land Cosmetics","url":"https:\/\/holyland.md\/ro\/","logo":{"@type":"ImageObject","inLanguage":"ro-RO","@id":"https:\/\/holyland.md\/ro\/#\/schema\/logo\/image\/","url":"https:\/\/holyland.md\/wp-content\/uploads\/2020\/03\/hl-always-active.png","contentUrl":"https:\/\/holyland.md\/wp-content\/uploads\/2020\/03\/hl-always-active.png","width":1437,"height":892,"caption":"Holy Land Cosmetics"},"image":{"@id":"https:\/\/holyland.md\/ro\/#\/schema\/logo\/image\/"}}]}},"_links":{"self":[{"href":"https:\/\/holyland.md\/ro\/wp-json\/wp\/v2\/product\/3878"}],"collection":[{"href":"https:\/\/holyland.md\/ro\/wp-json\/wp\/v2\/product"}],"about":[{"href":"https:\/\/holyland.md\/ro\/wp-json\/wp\/v2\/types\/product"}],"wp:attachment":[{"href":"https:\/\/holyland.md\/ro\/wp-json\/wp\/v2\/media?parent=3878"}],"wp:term":[{"taxonomy":"product_cat","embeddable":true,"href":"https:\/\/holyland.md\/ro\/wp-json\/wp\/v2\/product_cat?post=3878"},{"taxonomy":"product_tag","embeddable":true,"href":"https:\/\/holyland.md\/ro\/wp-json\/wp\/v2\/product_tag?post=3878"}],"curies":[{"name":"wp","href":"https:\/\/api.w.org\/{rel}","templated":true}]}}