{"id":3887,"date":"2021-06-03T17:09:57","date_gmt":"2021-06-03T14:09:57","guid":{"rendered":"https:\/\/holyland.md\/product\/mythologic-mineral-mask\/"},"modified":"2026-03-24T14:06:15","modified_gmt":"2026-03-24T11:06:15","slug":"mythologic-mineral-mask","status":"publish","type":"product","link":"https:\/\/holyland.md\/ro\/product\/mythologic-mineral-mask\/","title":{"rendered":"MYTHOLOGIC MINERAL MASK"},"content":{"rendered":"<p>Masc\u0103 saturat\u0103 cu minerale care tonifiaz\u0103 \u00eent\u0103re\u0219te pielea \u0219i constr\u00e2nge vasele de s\u00e2nge. Datorit\u0103 compact\u0103rii epidermului \u0219i sus\u021binerii cadrului vascular, se realizeaz\u0103 un efect anti-cuperos, tenul este uniformizat, un drenaj \u0219i, odat\u0103 cu acesta, se efectueaz\u0103 un efect anti-umfl\u0103tor. Caolinul cur\u0103\u021b\u0103 superficial epidermul, reface \u0219i \u00eent\u0103re\u0219te func\u021bia de barier\u0103 a pielii. Masca este un produs excelent de tip \u201eambulan\u021b\u0103\u201d, care ajut\u0103 la accelerarea resorb\u021biei v\u00e2n\u0103t\u0103ilor, la vindecarea oric\u0103ror daune.<\/p>\n<p><strong>Principii active:<\/strong><\/p>\n<p>Ulei de olive, extract de ov\u0103z, de curmal\u0103, ulei de g\u0103lbenele, oxid de zinc, caolin, carbonat de calciu, silicat de magneziu, carbonat de potasiu, sulf, siliciu \u015fi oxid de fier.<\/p>\n<p><strong>Mod de folosire:<\/strong><\/p>\n<p>Dup\u0103 o cur\u0103\u021bare minu\u021bioas\u0103 \u00een dou\u0103 etape, masca se aplic\u0103 \u00eentr-un strat sub\u021bire, se distribuie uniform pe \u00eentreaga suprafa\u021b\u0103. Peste 15-20 de minute, se cl\u0103te\u0219te cu ap\u0103 cald\u0103. De utilizat o dat\u0103 pe s\u0103pt\u0103m\u00e2n\u0103 sau conform recomand\u0103rilor specialistului Dumneavoastr\u0103.<\/p>\n","protected":false},"excerpt":{"rendered":"<p>Volum: 125 ml, 1000 ml <\/p>\n","protected":false},"featured_media":0,"template":"","meta":[],"product_cat":[114],"product_tag":[],"class_list":{"0":"post-3887","1":"product","2":"type-product","3":"status-publish","5":"product_cat-mythologic-hl","7":"first","8":"instock","9":"shipping-taxable","10":"purchasable","11":"product-type-simple"},"yoast_head":"<!-- This site is optimized with the Yoast SEO plugin v23.3 - https:\/\/yoast.com\/wordpress\/plugins\/seo\/ -->\n<title>MYTHOLOGIC MINERAL MASK | Holy Land Cosmetics<\/title>\n<meta name=\"robots\" content=\"index, follow, max-snippet:-1, max-image-preview:large, max-video-preview:-1\" \/>\n<link rel=\"canonical\" href=\"https:\/\/holyland.md\/ro\/product\/mythologic-mineral-mask\/\" \/>\n<meta property=\"og:locale\" content=\"ro_RO\" \/>\n<meta property=\"og:type\" content=\"article\" \/>\n<meta property=\"og:title\" content=\"MYTHOLOGIC MINERAL MASK | Holy Land Cosmetics\" \/>\n<meta property=\"og:description\" content=\"Volum: 125 ml, 1000 ml\" \/>\n<meta property=\"og:url\" content=\"https:\/\/holyland.md\/ro\/product\/mythologic-mineral-mask\/\" \/>\n<meta property=\"og:site_name\" content=\"Holy Land Cosmetics\" \/>\n<meta property=\"article:modified_time\" content=\"2026-03-24T11:06:15+00:00\" \/>\n<meta name=\"twitter:card\" content=\"summary_large_image\" \/>\n<meta name=\"twitter:label1\" content=\"Timp estimat pentru citire\" \/>\n\t<meta name=\"twitter:data1\" content=\"1 minut\" \/>\n<script type=\"application\/ld+json\" class=\"yoast-schema-graph\">{\"@context\":\"https:\/\/schema.org\",\"@graph\":[{\"@type\":\"WebPage\",\"@id\":\"https:\/\/holyland.md\/ro\/product\/mythologic-mineral-mask\/\",\"url\":\"https:\/\/holyland.md\/ro\/product\/mythologic-mineral-mask\/\",\"name\":\"MYTHOLOGIC MINERAL MASK | Holy Land Cosmetics\",\"isPartOf\":{\"@id\":\"https:\/\/holyland.md\/ro\/#website\"},\"datePublished\":\"2021-06-03T14:09:57+00:00\",\"dateModified\":\"2026-03-24T11:06:15+00:00\",\"breadcrumb\":{\"@id\":\"https:\/\/holyland.md\/ro\/product\/mythologic-mineral-mask\/#breadcrumb\"},\"inLanguage\":\"ro-RO\",\"potentialAction\":[{\"@type\":\"ReadAction\",\"target\":[\"https:\/\/holyland.md\/ro\/product\/mythologic-mineral-mask\/\"]}]},{\"@type\":\"BreadcrumbList\",\"@id\":\"https:\/\/holyland.md\/ro\/product\/mythologic-mineral-mask\/#breadcrumb\",\"itemListElement\":[{\"@type\":\"ListItem\",\"position\":1,\"name\":\"\u0413\u043b\u0430\u0432\u043d\u0430\u044f \u0441\u0442\u0440\u0430\u043d\u0438\u0446\u0430\",\"item\":\"https:\/\/holyland.md\/ro\/\"},{\"@type\":\"ListItem\",\"position\":2,\"name\":\"Catalog produse HolyLand\",\"item\":\"https:\/\/holyland.md\/ro\/catalog\/\"},{\"@type\":\"ListItem\",\"position\":3,\"name\":\"MYTHOLOGIC MINERAL MASK\"}]},{\"@type\":\"WebSite\",\"@id\":\"https:\/\/holyland.md\/ro\/#website\",\"url\":\"https:\/\/holyland.md\/ro\/\",\"name\":\"Holy Land Cosmetics\",\"description\":\"\",\"publisher\":{\"@id\":\"https:\/\/holyland.md\/ro\/#organization\"},\"potentialAction\":[{\"@type\":\"SearchAction\",\"target\":{\"@type\":\"EntryPoint\",\"urlTemplate\":\"https:\/\/holyland.md\/ro\/?s={search_term_string}\"},\"query-input\":\"required name=search_term_string\"}],\"inLanguage\":\"ro-RO\"},{\"@type\":\"Organization\",\"@id\":\"https:\/\/holyland.md\/ro\/#organization\",\"name\":\"Holy Land Cosmetics\",\"url\":\"https:\/\/holyland.md\/ro\/\",\"logo\":{\"@type\":\"ImageObject\",\"inLanguage\":\"ro-RO\",\"@id\":\"https:\/\/holyland.md\/ro\/#\/schema\/logo\/image\/\",\"url\":\"https:\/\/holyland.md\/wp-content\/uploads\/2020\/03\/hl-always-active.png\",\"contentUrl\":\"https:\/\/holyland.md\/wp-content\/uploads\/2020\/03\/hl-always-active.png\",\"width\":1437,\"height\":892,\"caption\":\"Holy Land Cosmetics\"},\"image\":{\"@id\":\"https:\/\/holyland.md\/ro\/#\/schema\/logo\/image\/\"}}]}<\/script>\n<!-- \/ Yoast SEO plugin. -->","yoast_head_json":{"title":"MYTHOLOGIC MINERAL MASK | Holy Land Cosmetics","robots":{"index":"index","follow":"follow","max-snippet":"max-snippet:-1","max-image-preview":"max-image-preview:large","max-video-preview":"max-video-preview:-1"},"canonical":"https:\/\/holyland.md\/ro\/product\/mythologic-mineral-mask\/","og_locale":"ro_RO","og_type":"article","og_title":"MYTHOLOGIC MINERAL MASK | Holy Land Cosmetics","og_description":"Volum: 125 ml, 1000 ml","og_url":"https:\/\/holyland.md\/ro\/product\/mythologic-mineral-mask\/","og_site_name":"Holy Land Cosmetics","article_modified_time":"2026-03-24T11:06:15+00:00","twitter_card":"summary_large_image","twitter_misc":{"Timp estimat pentru citire":"1 minut"},"schema":{"@context":"https:\/\/schema.org","@graph":[{"@type":"WebPage","@id":"https:\/\/holyland.md\/ro\/product\/mythologic-mineral-mask\/","url":"https:\/\/holyland.md\/ro\/product\/mythologic-mineral-mask\/","name":"MYTHOLOGIC MINERAL MASK | Holy Land Cosmetics","isPartOf":{"@id":"https:\/\/holyland.md\/ro\/#website"},"datePublished":"2021-06-03T14:09:57+00:00","dateModified":"2026-03-24T11:06:15+00:00","breadcrumb":{"@id":"https:\/\/holyland.md\/ro\/product\/mythologic-mineral-mask\/#breadcrumb"},"inLanguage":"ro-RO","potentialAction":[{"@type":"ReadAction","target":["https:\/\/holyland.md\/ro\/product\/mythologic-mineral-mask\/"]}]},{"@type":"BreadcrumbList","@id":"https:\/\/holyland.md\/ro\/product\/mythologic-mineral-mask\/#breadcrumb","itemListElement":[{"@type":"ListItem","position":1,"name":"\u0413\u043b\u0430\u0432\u043d\u0430\u044f \u0441\u0442\u0440\u0430\u043d\u0438\u0446\u0430","item":"https:\/\/holyland.md\/ro\/"},{"@type":"ListItem","position":2,"name":"Catalog produse HolyLand","item":"https:\/\/holyland.md\/ro\/catalog\/"},{"@type":"ListItem","position":3,"name":"MYTHOLOGIC MINERAL MASK"}]},{"@type":"WebSite","@id":"https:\/\/holyland.md\/ro\/#website","url":"https:\/\/holyland.md\/ro\/","name":"Holy Land Cosmetics","description":"","publisher":{"@id":"https:\/\/holyland.md\/ro\/#organization"},"potentialAction":[{"@type":"SearchAction","target":{"@type":"EntryPoint","urlTemplate":"https:\/\/holyland.md\/ro\/?s={search_term_string}"},"query-input":"required name=search_term_string"}],"inLanguage":"ro-RO"},{"@type":"Organization","@id":"https:\/\/holyland.md\/ro\/#organization","name":"Holy Land Cosmetics","url":"https:\/\/holyland.md\/ro\/","logo":{"@type":"ImageObject","inLanguage":"ro-RO","@id":"https:\/\/holyland.md\/ro\/#\/schema\/logo\/image\/","url":"https:\/\/holyland.md\/wp-content\/uploads\/2020\/03\/hl-always-active.png","contentUrl":"https:\/\/holyland.md\/wp-content\/uploads\/2020\/03\/hl-always-active.png","width":1437,"height":892,"caption":"Holy Land Cosmetics"},"image":{"@id":"https:\/\/holyland.md\/ro\/#\/schema\/logo\/image\/"}}]}},"_links":{"self":[{"href":"https:\/\/holyland.md\/ro\/wp-json\/wp\/v2\/product\/3887"}],"collection":[{"href":"https:\/\/holyland.md\/ro\/wp-json\/wp\/v2\/product"}],"about":[{"href":"https:\/\/holyland.md\/ro\/wp-json\/wp\/v2\/types\/product"}],"wp:attachment":[{"href":"https:\/\/holyland.md\/ro\/wp-json\/wp\/v2\/media?parent=3887"}],"wp:term":[{"taxonomy":"product_cat","embeddable":true,"href":"https:\/\/holyland.md\/ro\/wp-json\/wp\/v2\/product_cat?post=3887"},{"taxonomy":"product_tag","embeddable":true,"href":"https:\/\/holyland.md\/ro\/wp-json\/wp\/v2\/product_tag?post=3887"}],"curies":[{"name":"wp","href":"https:\/\/api.w.org\/{rel}","templated":true}]}}