{"id":3910,"date":"2021-06-04T09:53:25","date_gmt":"2021-06-04T06:53:25","guid":{"rendered":"https:\/\/holyland.md\/product\/dermalight-illuminating-peel\/"},"modified":"2026-03-23T13:01:55","modified_gmt":"2026-03-23T10:01:55","slug":"dermalight-illuminating-peel","status":"publish","type":"product","link":"https:\/\/holyland.md\/ro\/product\/dermalight-illuminating-peel\/","title":{"rendered":"DERMALIGHT ILLUMINATING PEEL"},"content":{"rendered":"<p>Peeling chimic combinat superficial cu efect pronun\u021bat de \u00een\u0103lbire. Bazat pe un complex de acizi de fructe \u0219i cu acid salicilic plus o component\u0103 de \u00een\u0103lbire &#8211; fenilalanina.<\/p>\n<p><strong>Principii active:<\/strong><\/p>\n<p>acidul lactic, acidul citric, undecilenoil fenilalanina, etilhexilmetoxicinamatul, acidul salicilic, acidul mandelic, lactatul de sodiu, bisabololul.<\/p>\n<p><strong>Mod de aplicare:<\/strong><\/p>\n<p>Posibilitate de procurare \u0219i aplicare \u00een practic\u0103 numai dup\u0103 trecerea cursului de baz\u0103 la reprezentantul oficial cu primirea unui certificat corespunz\u0103tor de confirmare.<\/p>\n","protected":false},"excerpt":{"rendered":"<p>Volum: 85 ml<\/p>\n","protected":false},"featured_media":3929,"template":"","meta":[],"product_cat":[104],"product_tag":[],"class_list":{"0":"post-3910","1":"product","2":"type-product","3":"status-publish","4":"has-post-thumbnail","6":"product_cat-dermalight-hl","8":"first","9":"instock","10":"shipping-taxable","11":"purchasable","12":"product-type-simple"},"yoast_head":"<!-- This site is optimized with the Yoast SEO plugin v23.3 - https:\/\/yoast.com\/wordpress\/plugins\/seo\/ -->\n<title>DERMALIGHT ILLUMINATING PEEL | Holy Land Cosmetics<\/title>\n<meta name=\"robots\" content=\"index, follow, max-snippet:-1, max-image-preview:large, max-video-preview:-1\" \/>\n<link rel=\"canonical\" href=\"https:\/\/holyland.md\/ro\/product\/dermalight-illuminating-peel\/\" \/>\n<meta property=\"og:locale\" content=\"ro_RO\" \/>\n<meta property=\"og:type\" content=\"article\" \/>\n<meta property=\"og:title\" content=\"DERMALIGHT ILLUMINATING PEEL | Holy Land Cosmetics\" \/>\n<meta property=\"og:description\" content=\"Volum: 85 ml\" \/>\n<meta property=\"og:url\" content=\"https:\/\/holyland.md\/ro\/product\/dermalight-illuminating-peel\/\" \/>\n<meta property=\"og:site_name\" content=\"Holy Land Cosmetics\" \/>\n<meta property=\"article:modified_time\" content=\"2026-03-23T10:01:55+00:00\" \/>\n<meta property=\"og:image\" content=\"https:\/\/holyland.md\/wp-content\/uploads\/2021\/06\/DERMALIGHT-ILLUMINATING-PEEL.jpg\" \/>\n\t<meta property=\"og:image:width\" content=\"1000\" \/>\n\t<meta property=\"og:image:height\" content=\"1000\" \/>\n\t<meta property=\"og:image:type\" content=\"image\/jpeg\" \/>\n<meta name=\"twitter:card\" content=\"summary_large_image\" \/>\n<meta name=\"twitter:label1\" content=\"Timp estimat pentru citire\" \/>\n\t<meta name=\"twitter:data1\" content=\"1 minut\" \/>\n<script type=\"application\/ld+json\" class=\"yoast-schema-graph\">{\"@context\":\"https:\/\/schema.org\",\"@graph\":[{\"@type\":\"WebPage\",\"@id\":\"https:\/\/holyland.md\/ro\/product\/dermalight-illuminating-peel\/\",\"url\":\"https:\/\/holyland.md\/ro\/product\/dermalight-illuminating-peel\/\",\"name\":\"DERMALIGHT ILLUMINATING PEEL | Holy Land Cosmetics\",\"isPartOf\":{\"@id\":\"https:\/\/holyland.md\/ro\/#website\"},\"primaryImageOfPage\":{\"@id\":\"https:\/\/holyland.md\/ro\/product\/dermalight-illuminating-peel\/#primaryimage\"},\"image\":{\"@id\":\"https:\/\/holyland.md\/ro\/product\/dermalight-illuminating-peel\/#primaryimage\"},\"thumbnailUrl\":\"https:\/\/holyland.md\/wp-content\/uploads\/2021\/06\/DERMALIGHT-ILLUMINATING-PEEL.jpg\",\"datePublished\":\"2021-06-04T06:53:25+00:00\",\"dateModified\":\"2026-03-23T10:01:55+00:00\",\"breadcrumb\":{\"@id\":\"https:\/\/holyland.md\/ro\/product\/dermalight-illuminating-peel\/#breadcrumb\"},\"inLanguage\":\"ro-RO\",\"potentialAction\":[{\"@type\":\"ReadAction\",\"target\":[\"https:\/\/holyland.md\/ro\/product\/dermalight-illuminating-peel\/\"]}]},{\"@type\":\"ImageObject\",\"inLanguage\":\"ro-RO\",\"@id\":\"https:\/\/holyland.md\/ro\/product\/dermalight-illuminating-peel\/#primaryimage\",\"url\":\"https:\/\/holyland.md\/wp-content\/uploads\/2021\/06\/DERMALIGHT-ILLUMINATING-PEEL.jpg\",\"contentUrl\":\"https:\/\/holyland.md\/wp-content\/uploads\/2021\/06\/DERMALIGHT-ILLUMINATING-PEEL.jpg\",\"width\":1000,\"height\":1000,\"caption\":\"DERMALIGHT-ILLUMINATING-PEEL\"},{\"@type\":\"BreadcrumbList\",\"@id\":\"https:\/\/holyland.md\/ro\/product\/dermalight-illuminating-peel\/#breadcrumb\",\"itemListElement\":[{\"@type\":\"ListItem\",\"position\":1,\"name\":\"\u0413\u043b\u0430\u0432\u043d\u0430\u044f \u0441\u0442\u0440\u0430\u043d\u0438\u0446\u0430\",\"item\":\"https:\/\/holyland.md\/ro\/\"},{\"@type\":\"ListItem\",\"position\":2,\"name\":\"Catalog produse HolyLand\",\"item\":\"https:\/\/holyland.md\/ro\/catalog\/\"},{\"@type\":\"ListItem\",\"position\":3,\"name\":\"DERMALIGHT ILLUMINATING PEEL\"}]},{\"@type\":\"WebSite\",\"@id\":\"https:\/\/holyland.md\/ro\/#website\",\"url\":\"https:\/\/holyland.md\/ro\/\",\"name\":\"Holy Land Cosmetics\",\"description\":\"\",\"publisher\":{\"@id\":\"https:\/\/holyland.md\/ro\/#organization\"},\"potentialAction\":[{\"@type\":\"SearchAction\",\"target\":{\"@type\":\"EntryPoint\",\"urlTemplate\":\"https:\/\/holyland.md\/ro\/?s={search_term_string}\"},\"query-input\":\"required name=search_term_string\"}],\"inLanguage\":\"ro-RO\"},{\"@type\":\"Organization\",\"@id\":\"https:\/\/holyland.md\/ro\/#organization\",\"name\":\"Holy Land Cosmetics\",\"url\":\"https:\/\/holyland.md\/ro\/\",\"logo\":{\"@type\":\"ImageObject\",\"inLanguage\":\"ro-RO\",\"@id\":\"https:\/\/holyland.md\/ro\/#\/schema\/logo\/image\/\",\"url\":\"https:\/\/holyland.md\/wp-content\/uploads\/2020\/03\/hl-always-active.png\",\"contentUrl\":\"https:\/\/holyland.md\/wp-content\/uploads\/2020\/03\/hl-always-active.png\",\"width\":1437,\"height\":892,\"caption\":\"Holy Land Cosmetics\"},\"image\":{\"@id\":\"https:\/\/holyland.md\/ro\/#\/schema\/logo\/image\/\"}}]}<\/script>\n<!-- \/ Yoast SEO plugin. -->","yoast_head_json":{"title":"DERMALIGHT ILLUMINATING PEEL | Holy Land Cosmetics","robots":{"index":"index","follow":"follow","max-snippet":"max-snippet:-1","max-image-preview":"max-image-preview:large","max-video-preview":"max-video-preview:-1"},"canonical":"https:\/\/holyland.md\/ro\/product\/dermalight-illuminating-peel\/","og_locale":"ro_RO","og_type":"article","og_title":"DERMALIGHT ILLUMINATING PEEL | Holy Land Cosmetics","og_description":"Volum: 85 ml","og_url":"https:\/\/holyland.md\/ro\/product\/dermalight-illuminating-peel\/","og_site_name":"Holy Land Cosmetics","article_modified_time":"2026-03-23T10:01:55+00:00","og_image":[{"width":1000,"height":1000,"url":"https:\/\/holyland.md\/wp-content\/uploads\/2021\/06\/DERMALIGHT-ILLUMINATING-PEEL.jpg","type":"image\/jpeg"}],"twitter_card":"summary_large_image","twitter_misc":{"Timp estimat pentru citire":"1 minut"},"schema":{"@context":"https:\/\/schema.org","@graph":[{"@type":"WebPage","@id":"https:\/\/holyland.md\/ro\/product\/dermalight-illuminating-peel\/","url":"https:\/\/holyland.md\/ro\/product\/dermalight-illuminating-peel\/","name":"DERMALIGHT ILLUMINATING PEEL | Holy Land Cosmetics","isPartOf":{"@id":"https:\/\/holyland.md\/ro\/#website"},"primaryImageOfPage":{"@id":"https:\/\/holyland.md\/ro\/product\/dermalight-illuminating-peel\/#primaryimage"},"image":{"@id":"https:\/\/holyland.md\/ro\/product\/dermalight-illuminating-peel\/#primaryimage"},"thumbnailUrl":"https:\/\/holyland.md\/wp-content\/uploads\/2021\/06\/DERMALIGHT-ILLUMINATING-PEEL.jpg","datePublished":"2021-06-04T06:53:25+00:00","dateModified":"2026-03-23T10:01:55+00:00","breadcrumb":{"@id":"https:\/\/holyland.md\/ro\/product\/dermalight-illuminating-peel\/#breadcrumb"},"inLanguage":"ro-RO","potentialAction":[{"@type":"ReadAction","target":["https:\/\/holyland.md\/ro\/product\/dermalight-illuminating-peel\/"]}]},{"@type":"ImageObject","inLanguage":"ro-RO","@id":"https:\/\/holyland.md\/ro\/product\/dermalight-illuminating-peel\/#primaryimage","url":"https:\/\/holyland.md\/wp-content\/uploads\/2021\/06\/DERMALIGHT-ILLUMINATING-PEEL.jpg","contentUrl":"https:\/\/holyland.md\/wp-content\/uploads\/2021\/06\/DERMALIGHT-ILLUMINATING-PEEL.jpg","width":1000,"height":1000,"caption":"DERMALIGHT-ILLUMINATING-PEEL"},{"@type":"BreadcrumbList","@id":"https:\/\/holyland.md\/ro\/product\/dermalight-illuminating-peel\/#breadcrumb","itemListElement":[{"@type":"ListItem","position":1,"name":"\u0413\u043b\u0430\u0432\u043d\u0430\u044f \u0441\u0442\u0440\u0430\u043d\u0438\u0446\u0430","item":"https:\/\/holyland.md\/ro\/"},{"@type":"ListItem","position":2,"name":"Catalog produse HolyLand","item":"https:\/\/holyland.md\/ro\/catalog\/"},{"@type":"ListItem","position":3,"name":"DERMALIGHT ILLUMINATING PEEL"}]},{"@type":"WebSite","@id":"https:\/\/holyland.md\/ro\/#website","url":"https:\/\/holyland.md\/ro\/","name":"Holy Land Cosmetics","description":"","publisher":{"@id":"https:\/\/holyland.md\/ro\/#organization"},"potentialAction":[{"@type":"SearchAction","target":{"@type":"EntryPoint","urlTemplate":"https:\/\/holyland.md\/ro\/?s={search_term_string}"},"query-input":"required name=search_term_string"}],"inLanguage":"ro-RO"},{"@type":"Organization","@id":"https:\/\/holyland.md\/ro\/#organization","name":"Holy Land Cosmetics","url":"https:\/\/holyland.md\/ro\/","logo":{"@type":"ImageObject","inLanguage":"ro-RO","@id":"https:\/\/holyland.md\/ro\/#\/schema\/logo\/image\/","url":"https:\/\/holyland.md\/wp-content\/uploads\/2020\/03\/hl-always-active.png","contentUrl":"https:\/\/holyland.md\/wp-content\/uploads\/2020\/03\/hl-always-active.png","width":1437,"height":892,"caption":"Holy Land Cosmetics"},"image":{"@id":"https:\/\/holyland.md\/ro\/#\/schema\/logo\/image\/"}}]}},"_links":{"self":[{"href":"https:\/\/holyland.md\/ro\/wp-json\/wp\/v2\/product\/3910"}],"collection":[{"href":"https:\/\/holyland.md\/ro\/wp-json\/wp\/v2\/product"}],"about":[{"href":"https:\/\/holyland.md\/ro\/wp-json\/wp\/v2\/types\/product"}],"wp:featuredmedia":[{"embeddable":true,"href":"https:\/\/holyland.md\/ro\/wp-json\/wp\/v2\/media\/3929"}],"wp:attachment":[{"href":"https:\/\/holyland.md\/ro\/wp-json\/wp\/v2\/media?parent=3910"}],"wp:term":[{"taxonomy":"product_cat","embeddable":true,"href":"https:\/\/holyland.md\/ro\/wp-json\/wp\/v2\/product_cat?post=3910"},{"taxonomy":"product_tag","embeddable":true,"href":"https:\/\/holyland.md\/ro\/wp-json\/wp\/v2\/product_tag?post=3910"}],"curies":[{"name":"wp","href":"https:\/\/api.w.org\/{rel}","templated":true}]}}