{"id":3994,"date":"2021-06-04T11:52:54","date_gmt":"2021-06-04T08:52:54","guid":{"rendered":"https:\/\/holyland.md\/product\/azulene-mask\/"},"modified":"2026-03-24T13:57:36","modified_gmt":"2026-03-24T10:57:36","slug":"azulene-mask","status":"publish","type":"product","link":"https:\/\/holyland.md\/ro\/product\/azulene-mask\/","title":{"rendered":"AZULENE MASK"},"content":{"rendered":"<p>O masc\u0103 cremoas\u0103 pl\u0103cut\u0103. Hr\u0103ne\u0219te, regenereaz\u0103, calmeaz\u0103, \u00eent\u0103re\u0219te pere\u021bile vaselor de s\u00e2nge.<\/p>\n<p><strong>Principii active:<\/strong><\/p>\n<p>Lanolin\u0103, azulen\u0103.<\/p>\n<p><strong>Mod de folosire:<\/strong><\/p>\n<p>Aplica\u021bi o cantitate mic\u0103 de masc\u0103 pe pielea cur\u0103\u021bit\u0103 anterior \u0219i distribui\u021bi-o uniform prin mi\u0219c\u0103ri de masaj. L\u0103sa\u021bi s\u0103 ac\u021bioneze 15 minute, apoi cl\u0103ti\u021bi cu ap\u0103 cald\u0103 sau \u00eendep\u0103rta\u021bi cu discuri de vat\u0103 \u00eenmuiate \u00een lo\u021biune. Finaliza\u021bi procedura cu o crem\u0103 \u00een func\u021bie de tipul de piele.<\/p>\n","protected":false},"excerpt":{"rendered":"<p>Volum: 250 ml <\/p>\n","protected":false},"featured_media":4042,"template":"","meta":[],"product_cat":[95,112,132],"product_tag":[],"class_list":{"0":"post-3994","1":"product","2":"type-product","3":"status-publish","4":"has-post-thumbnail","6":"product_cat-azulene-hl","7":"product_cat-masks-hl","8":"product_cat-masti","10":"first","11":"instock","12":"shipping-taxable","13":"purchasable","14":"product-type-simple"},"yoast_head":"<!-- This site is optimized with the Yoast SEO plugin v23.3 - https:\/\/yoast.com\/wordpress\/plugins\/seo\/ -->\n<title>AZULENE MASK | Holy Land Cosmetics<\/title>\n<meta name=\"robots\" content=\"index, follow, max-snippet:-1, max-image-preview:large, max-video-preview:-1\" \/>\n<link rel=\"canonical\" href=\"https:\/\/holyland.md\/ro\/product\/azulene-mask\/\" \/>\n<meta property=\"og:locale\" content=\"ro_RO\" \/>\n<meta property=\"og:type\" content=\"article\" \/>\n<meta property=\"og:title\" content=\"AZULENE MASK | Holy Land Cosmetics\" \/>\n<meta property=\"og:description\" content=\"Volum: 250 ml\" \/>\n<meta property=\"og:url\" content=\"https:\/\/holyland.md\/ro\/product\/azulene-mask\/\" \/>\n<meta property=\"og:site_name\" content=\"Holy Land Cosmetics\" \/>\n<meta property=\"article:modified_time\" content=\"2026-03-24T10:57:36+00:00\" \/>\n<meta property=\"og:image\" content=\"https:\/\/holyland.md\/wp-content\/uploads\/2021\/06\/AZULENE-MASK-GLASS.jpg\" \/>\n\t<meta property=\"og:image:width\" content=\"1000\" \/>\n\t<meta property=\"og:image:height\" content=\"1000\" \/>\n\t<meta property=\"og:image:type\" content=\"image\/jpeg\" \/>\n<meta name=\"twitter:card\" content=\"summary_large_image\" \/>\n<meta name=\"twitter:label1\" content=\"Timp estimat pentru citire\" \/>\n\t<meta name=\"twitter:data1\" content=\"1 minut\" \/>\n<script type=\"application\/ld+json\" class=\"yoast-schema-graph\">{\"@context\":\"https:\/\/schema.org\",\"@graph\":[{\"@type\":\"WebPage\",\"@id\":\"https:\/\/holyland.md\/ro\/product\/azulene-mask\/\",\"url\":\"https:\/\/holyland.md\/ro\/product\/azulene-mask\/\",\"name\":\"AZULENE MASK | Holy Land Cosmetics\",\"isPartOf\":{\"@id\":\"https:\/\/holyland.md\/ro\/#website\"},\"primaryImageOfPage\":{\"@id\":\"https:\/\/holyland.md\/ro\/product\/azulene-mask\/#primaryimage\"},\"image\":{\"@id\":\"https:\/\/holyland.md\/ro\/product\/azulene-mask\/#primaryimage\"},\"thumbnailUrl\":\"https:\/\/holyland.md\/wp-content\/uploads\/2021\/06\/AZULENE-MASK-GLASS.jpg\",\"datePublished\":\"2021-06-04T08:52:54+00:00\",\"dateModified\":\"2026-03-24T10:57:36+00:00\",\"breadcrumb\":{\"@id\":\"https:\/\/holyland.md\/ro\/product\/azulene-mask\/#breadcrumb\"},\"inLanguage\":\"ro-RO\",\"potentialAction\":[{\"@type\":\"ReadAction\",\"target\":[\"https:\/\/holyland.md\/ro\/product\/azulene-mask\/\"]}]},{\"@type\":\"ImageObject\",\"inLanguage\":\"ro-RO\",\"@id\":\"https:\/\/holyland.md\/ro\/product\/azulene-mask\/#primaryimage\",\"url\":\"https:\/\/holyland.md\/wp-content\/uploads\/2021\/06\/AZULENE-MASK-GLASS.jpg\",\"contentUrl\":\"https:\/\/holyland.md\/wp-content\/uploads\/2021\/06\/AZULENE-MASK-GLASS.jpg\",\"width\":1000,\"height\":1000,\"caption\":\"AZULENE-MASK\"},{\"@type\":\"BreadcrumbList\",\"@id\":\"https:\/\/holyland.md\/ro\/product\/azulene-mask\/#breadcrumb\",\"itemListElement\":[{\"@type\":\"ListItem\",\"position\":1,\"name\":\"\u0413\u043b\u0430\u0432\u043d\u0430\u044f \u0441\u0442\u0440\u0430\u043d\u0438\u0446\u0430\",\"item\":\"https:\/\/holyland.md\/ro\/\"},{\"@type\":\"ListItem\",\"position\":2,\"name\":\"Catalog produse HolyLand\",\"item\":\"https:\/\/holyland.md\/ro\/catalog\/\"},{\"@type\":\"ListItem\",\"position\":3,\"name\":\"AZULENE MASK\"}]},{\"@type\":\"WebSite\",\"@id\":\"https:\/\/holyland.md\/ro\/#website\",\"url\":\"https:\/\/holyland.md\/ro\/\",\"name\":\"Holy Land Cosmetics\",\"description\":\"\",\"publisher\":{\"@id\":\"https:\/\/holyland.md\/ro\/#organization\"},\"potentialAction\":[{\"@type\":\"SearchAction\",\"target\":{\"@type\":\"EntryPoint\",\"urlTemplate\":\"https:\/\/holyland.md\/ro\/?s={search_term_string}\"},\"query-input\":\"required name=search_term_string\"}],\"inLanguage\":\"ro-RO\"},{\"@type\":\"Organization\",\"@id\":\"https:\/\/holyland.md\/ro\/#organization\",\"name\":\"Holy Land Cosmetics\",\"url\":\"https:\/\/holyland.md\/ro\/\",\"logo\":{\"@type\":\"ImageObject\",\"inLanguage\":\"ro-RO\",\"@id\":\"https:\/\/holyland.md\/ro\/#\/schema\/logo\/image\/\",\"url\":\"https:\/\/holyland.md\/wp-content\/uploads\/2020\/03\/hl-always-active.png\",\"contentUrl\":\"https:\/\/holyland.md\/wp-content\/uploads\/2020\/03\/hl-always-active.png\",\"width\":1437,\"height\":892,\"caption\":\"Holy Land Cosmetics\"},\"image\":{\"@id\":\"https:\/\/holyland.md\/ro\/#\/schema\/logo\/image\/\"}}]}<\/script>\n<!-- \/ Yoast SEO plugin. -->","yoast_head_json":{"title":"AZULENE MASK | Holy Land Cosmetics","robots":{"index":"index","follow":"follow","max-snippet":"max-snippet:-1","max-image-preview":"max-image-preview:large","max-video-preview":"max-video-preview:-1"},"canonical":"https:\/\/holyland.md\/ro\/product\/azulene-mask\/","og_locale":"ro_RO","og_type":"article","og_title":"AZULENE MASK | Holy Land Cosmetics","og_description":"Volum: 250 ml","og_url":"https:\/\/holyland.md\/ro\/product\/azulene-mask\/","og_site_name":"Holy Land Cosmetics","article_modified_time":"2026-03-24T10:57:36+00:00","og_image":[{"width":1000,"height":1000,"url":"https:\/\/holyland.md\/wp-content\/uploads\/2021\/06\/AZULENE-MASK-GLASS.jpg","type":"image\/jpeg"}],"twitter_card":"summary_large_image","twitter_misc":{"Timp estimat pentru citire":"1 minut"},"schema":{"@context":"https:\/\/schema.org","@graph":[{"@type":"WebPage","@id":"https:\/\/holyland.md\/ro\/product\/azulene-mask\/","url":"https:\/\/holyland.md\/ro\/product\/azulene-mask\/","name":"AZULENE MASK | Holy Land Cosmetics","isPartOf":{"@id":"https:\/\/holyland.md\/ro\/#website"},"primaryImageOfPage":{"@id":"https:\/\/holyland.md\/ro\/product\/azulene-mask\/#primaryimage"},"image":{"@id":"https:\/\/holyland.md\/ro\/product\/azulene-mask\/#primaryimage"},"thumbnailUrl":"https:\/\/holyland.md\/wp-content\/uploads\/2021\/06\/AZULENE-MASK-GLASS.jpg","datePublished":"2021-06-04T08:52:54+00:00","dateModified":"2026-03-24T10:57:36+00:00","breadcrumb":{"@id":"https:\/\/holyland.md\/ro\/product\/azulene-mask\/#breadcrumb"},"inLanguage":"ro-RO","potentialAction":[{"@type":"ReadAction","target":["https:\/\/holyland.md\/ro\/product\/azulene-mask\/"]}]},{"@type":"ImageObject","inLanguage":"ro-RO","@id":"https:\/\/holyland.md\/ro\/product\/azulene-mask\/#primaryimage","url":"https:\/\/holyland.md\/wp-content\/uploads\/2021\/06\/AZULENE-MASK-GLASS.jpg","contentUrl":"https:\/\/holyland.md\/wp-content\/uploads\/2021\/06\/AZULENE-MASK-GLASS.jpg","width":1000,"height":1000,"caption":"AZULENE-MASK"},{"@type":"BreadcrumbList","@id":"https:\/\/holyland.md\/ro\/product\/azulene-mask\/#breadcrumb","itemListElement":[{"@type":"ListItem","position":1,"name":"\u0413\u043b\u0430\u0432\u043d\u0430\u044f \u0441\u0442\u0440\u0430\u043d\u0438\u0446\u0430","item":"https:\/\/holyland.md\/ro\/"},{"@type":"ListItem","position":2,"name":"Catalog produse HolyLand","item":"https:\/\/holyland.md\/ro\/catalog\/"},{"@type":"ListItem","position":3,"name":"AZULENE MASK"}]},{"@type":"WebSite","@id":"https:\/\/holyland.md\/ro\/#website","url":"https:\/\/holyland.md\/ro\/","name":"Holy Land Cosmetics","description":"","publisher":{"@id":"https:\/\/holyland.md\/ro\/#organization"},"potentialAction":[{"@type":"SearchAction","target":{"@type":"EntryPoint","urlTemplate":"https:\/\/holyland.md\/ro\/?s={search_term_string}"},"query-input":"required name=search_term_string"}],"inLanguage":"ro-RO"},{"@type":"Organization","@id":"https:\/\/holyland.md\/ro\/#organization","name":"Holy Land Cosmetics","url":"https:\/\/holyland.md\/ro\/","logo":{"@type":"ImageObject","inLanguage":"ro-RO","@id":"https:\/\/holyland.md\/ro\/#\/schema\/logo\/image\/","url":"https:\/\/holyland.md\/wp-content\/uploads\/2020\/03\/hl-always-active.png","contentUrl":"https:\/\/holyland.md\/wp-content\/uploads\/2020\/03\/hl-always-active.png","width":1437,"height":892,"caption":"Holy Land Cosmetics"},"image":{"@id":"https:\/\/holyland.md\/ro\/#\/schema\/logo\/image\/"}}]}},"_links":{"self":[{"href":"https:\/\/holyland.md\/ro\/wp-json\/wp\/v2\/product\/3994"}],"collection":[{"href":"https:\/\/holyland.md\/ro\/wp-json\/wp\/v2\/product"}],"about":[{"href":"https:\/\/holyland.md\/ro\/wp-json\/wp\/v2\/types\/product"}],"wp:featuredmedia":[{"embeddable":true,"href":"https:\/\/holyland.md\/ro\/wp-json\/wp\/v2\/media\/4042"}],"wp:attachment":[{"href":"https:\/\/holyland.md\/ro\/wp-json\/wp\/v2\/media?parent=3994"}],"wp:term":[{"taxonomy":"product_cat","embeddable":true,"href":"https:\/\/holyland.md\/ro\/wp-json\/wp\/v2\/product_cat?post=3994"},{"taxonomy":"product_tag","embeddable":true,"href":"https:\/\/holyland.md\/ro\/wp-json\/wp\/v2\/product_tag?post=3994"}],"curies":[{"name":"wp","href":"https:\/\/api.w.org\/{rel}","templated":true}]}}