{"id":4021,"date":"2021-06-04T12:40:20","date_gmt":"2021-06-04T09:40:20","guid":{"rendered":"https:\/\/holyland.md\/product\/alpha-beta-occlusive\/"},"modified":"2026-03-24T13:53:26","modified_gmt":"2026-03-24T10:53:26","slug":"alpha-beta-occlusive","status":"publish","type":"product","link":"https:\/\/holyland.md\/ro\/product\/alpha-beta-occlusive\/","title":{"rendered":"ALPHA-BETA OCCLUSIVE"},"content":{"rendered":"<p>Peeling profund ocluziv. Este capabil s\u0103 rezolve cele mai dificile sarcini, \u0219i de a restabili tinere\u021bea pielii pentru o lung\u0103 perioad\u0103 de timp. DOAR PENTRU UTILIZARE PROFESIONAL\u0102!<\/p>\n<p><strong>Principii active:<\/strong><\/p>\n<p>Acid salicilic, acid glicolic, extract de afine, de trestie de zah\u0103r, ar\u0163ar de zah\u0103r, portocale, l\u0103m\u00eeie, acid benzoic, rezorcina, acid retinoic.<\/p>\n<p><strong>Mod de folosire:<\/strong><\/p>\n<p>Posibilitatea de procurare \u0219i utilizare numai dup\u0103 cursul de prefec\u021bionare la reprezentantul oficial cu primirea unui certificat de confirmare corespunz\u0103tor.<\/p>\n","protected":false},"excerpt":{"rendered":"<p>Volum: 100 ml, 1000 ml, 1 ml<\/p>\n","protected":false},"featured_media":4019,"template":"","meta":[],"product_cat":[91,115,135],"product_tag":[],"class_list":{"0":"post-4021","1":"product","2":"type-product","3":"status-publish","4":"has-post-thumbnail","6":"product_cat-alpha-beta-hl","7":"product_cat-peels-hl","8":"product_cat-peelinguri","10":"first","11":"outofstock","12":"shipping-taxable","13":"product-type-simple"},"yoast_head":"<!-- This site is optimized with the Yoast SEO plugin v23.3 - https:\/\/yoast.com\/wordpress\/plugins\/seo\/ -->\n<title>ALPHA-BETA OCCLUSIVE | Holy Land Cosmetics<\/title>\n<meta name=\"robots\" content=\"index, follow, max-snippet:-1, max-image-preview:large, max-video-preview:-1\" \/>\n<link rel=\"canonical\" href=\"https:\/\/holyland.md\/ro\/product\/alpha-beta-occlusive\/\" \/>\n<meta property=\"og:locale\" content=\"ro_RO\" \/>\n<meta property=\"og:type\" content=\"article\" \/>\n<meta property=\"og:title\" content=\"ALPHA-BETA OCCLUSIVE | Holy Land Cosmetics\" \/>\n<meta property=\"og:description\" content=\"Volum: 100 ml, 1000 ml, 1 ml\" \/>\n<meta property=\"og:url\" content=\"https:\/\/holyland.md\/ro\/product\/alpha-beta-occlusive\/\" \/>\n<meta property=\"og:site_name\" content=\"Holy Land Cosmetics\" \/>\n<meta property=\"article:modified_time\" content=\"2026-03-24T10:53:26+00:00\" \/>\n<meta property=\"og:image\" content=\"https:\/\/holyland.md\/wp-content\/uploads\/2021\/06\/ABR-OCCLUSIVE-PEELING.jpg\" \/>\n\t<meta property=\"og:image:width\" content=\"1000\" \/>\n\t<meta property=\"og:image:height\" content=\"1000\" \/>\n\t<meta property=\"og:image:type\" content=\"image\/jpeg\" \/>\n<meta name=\"twitter:card\" content=\"summary_large_image\" \/>\n<meta name=\"twitter:label1\" content=\"Timp estimat pentru citire\" \/>\n\t<meta name=\"twitter:data1\" content=\"1 minut\" \/>\n<script type=\"application\/ld+json\" class=\"yoast-schema-graph\">{\"@context\":\"https:\/\/schema.org\",\"@graph\":[{\"@type\":\"WebPage\",\"@id\":\"https:\/\/holyland.md\/ro\/product\/alpha-beta-occlusive\/\",\"url\":\"https:\/\/holyland.md\/ro\/product\/alpha-beta-occlusive\/\",\"name\":\"ALPHA-BETA OCCLUSIVE | Holy Land Cosmetics\",\"isPartOf\":{\"@id\":\"https:\/\/holyland.md\/ro\/#website\"},\"primaryImageOfPage\":{\"@id\":\"https:\/\/holyland.md\/ro\/product\/alpha-beta-occlusive\/#primaryimage\"},\"image\":{\"@id\":\"https:\/\/holyland.md\/ro\/product\/alpha-beta-occlusive\/#primaryimage\"},\"thumbnailUrl\":\"https:\/\/holyland.md\/wp-content\/uploads\/2021\/06\/ABR-OCCLUSIVE-PEELING.jpg\",\"datePublished\":\"2021-06-04T09:40:20+00:00\",\"dateModified\":\"2026-03-24T10:53:26+00:00\",\"breadcrumb\":{\"@id\":\"https:\/\/holyland.md\/ro\/product\/alpha-beta-occlusive\/#breadcrumb\"},\"inLanguage\":\"ro-RO\",\"potentialAction\":[{\"@type\":\"ReadAction\",\"target\":[\"https:\/\/holyland.md\/ro\/product\/alpha-beta-occlusive\/\"]}]},{\"@type\":\"ImageObject\",\"inLanguage\":\"ro-RO\",\"@id\":\"https:\/\/holyland.md\/ro\/product\/alpha-beta-occlusive\/#primaryimage\",\"url\":\"https:\/\/holyland.md\/wp-content\/uploads\/2021\/06\/ABR-OCCLUSIVE-PEELING.jpg\",\"contentUrl\":\"https:\/\/holyland.md\/wp-content\/uploads\/2021\/06\/ABR-OCCLUSIVE-PEELING.jpg\",\"width\":1000,\"height\":1000,\"caption\":\"ABR-OCCLUSIVE-PEELING\"},{\"@type\":\"BreadcrumbList\",\"@id\":\"https:\/\/holyland.md\/ro\/product\/alpha-beta-occlusive\/#breadcrumb\",\"itemListElement\":[{\"@type\":\"ListItem\",\"position\":1,\"name\":\"\u0413\u043b\u0430\u0432\u043d\u0430\u044f \u0441\u0442\u0440\u0430\u043d\u0438\u0446\u0430\",\"item\":\"https:\/\/holyland.md\/ro\/\"},{\"@type\":\"ListItem\",\"position\":2,\"name\":\"Catalog produse HolyLand\",\"item\":\"https:\/\/holyland.md\/ro\/catalog\/\"},{\"@type\":\"ListItem\",\"position\":3,\"name\":\"ALPHA-BETA OCCLUSIVE\"}]},{\"@type\":\"WebSite\",\"@id\":\"https:\/\/holyland.md\/ro\/#website\",\"url\":\"https:\/\/holyland.md\/ro\/\",\"name\":\"Holy Land Cosmetics\",\"description\":\"\",\"publisher\":{\"@id\":\"https:\/\/holyland.md\/ro\/#organization\"},\"potentialAction\":[{\"@type\":\"SearchAction\",\"target\":{\"@type\":\"EntryPoint\",\"urlTemplate\":\"https:\/\/holyland.md\/ro\/?s={search_term_string}\"},\"query-input\":\"required name=search_term_string\"}],\"inLanguage\":\"ro-RO\"},{\"@type\":\"Organization\",\"@id\":\"https:\/\/holyland.md\/ro\/#organization\",\"name\":\"Holy Land Cosmetics\",\"url\":\"https:\/\/holyland.md\/ro\/\",\"logo\":{\"@type\":\"ImageObject\",\"inLanguage\":\"ro-RO\",\"@id\":\"https:\/\/holyland.md\/ro\/#\/schema\/logo\/image\/\",\"url\":\"https:\/\/holyland.md\/wp-content\/uploads\/2020\/03\/hl-always-active.png\",\"contentUrl\":\"https:\/\/holyland.md\/wp-content\/uploads\/2020\/03\/hl-always-active.png\",\"width\":1437,\"height\":892,\"caption\":\"Holy Land Cosmetics\"},\"image\":{\"@id\":\"https:\/\/holyland.md\/ro\/#\/schema\/logo\/image\/\"}}]}<\/script>\n<!-- \/ Yoast SEO plugin. -->","yoast_head_json":{"title":"ALPHA-BETA OCCLUSIVE | Holy Land Cosmetics","robots":{"index":"index","follow":"follow","max-snippet":"max-snippet:-1","max-image-preview":"max-image-preview:large","max-video-preview":"max-video-preview:-1"},"canonical":"https:\/\/holyland.md\/ro\/product\/alpha-beta-occlusive\/","og_locale":"ro_RO","og_type":"article","og_title":"ALPHA-BETA OCCLUSIVE | Holy Land Cosmetics","og_description":"Volum: 100 ml, 1000 ml, 1 ml","og_url":"https:\/\/holyland.md\/ro\/product\/alpha-beta-occlusive\/","og_site_name":"Holy Land Cosmetics","article_modified_time":"2026-03-24T10:53:26+00:00","og_image":[{"width":1000,"height":1000,"url":"https:\/\/holyland.md\/wp-content\/uploads\/2021\/06\/ABR-OCCLUSIVE-PEELING.jpg","type":"image\/jpeg"}],"twitter_card":"summary_large_image","twitter_misc":{"Timp estimat pentru citire":"1 minut"},"schema":{"@context":"https:\/\/schema.org","@graph":[{"@type":"WebPage","@id":"https:\/\/holyland.md\/ro\/product\/alpha-beta-occlusive\/","url":"https:\/\/holyland.md\/ro\/product\/alpha-beta-occlusive\/","name":"ALPHA-BETA OCCLUSIVE | Holy Land Cosmetics","isPartOf":{"@id":"https:\/\/holyland.md\/ro\/#website"},"primaryImageOfPage":{"@id":"https:\/\/holyland.md\/ro\/product\/alpha-beta-occlusive\/#primaryimage"},"image":{"@id":"https:\/\/holyland.md\/ro\/product\/alpha-beta-occlusive\/#primaryimage"},"thumbnailUrl":"https:\/\/holyland.md\/wp-content\/uploads\/2021\/06\/ABR-OCCLUSIVE-PEELING.jpg","datePublished":"2021-06-04T09:40:20+00:00","dateModified":"2026-03-24T10:53:26+00:00","breadcrumb":{"@id":"https:\/\/holyland.md\/ro\/product\/alpha-beta-occlusive\/#breadcrumb"},"inLanguage":"ro-RO","potentialAction":[{"@type":"ReadAction","target":["https:\/\/holyland.md\/ro\/product\/alpha-beta-occlusive\/"]}]},{"@type":"ImageObject","inLanguage":"ro-RO","@id":"https:\/\/holyland.md\/ro\/product\/alpha-beta-occlusive\/#primaryimage","url":"https:\/\/holyland.md\/wp-content\/uploads\/2021\/06\/ABR-OCCLUSIVE-PEELING.jpg","contentUrl":"https:\/\/holyland.md\/wp-content\/uploads\/2021\/06\/ABR-OCCLUSIVE-PEELING.jpg","width":1000,"height":1000,"caption":"ABR-OCCLUSIVE-PEELING"},{"@type":"BreadcrumbList","@id":"https:\/\/holyland.md\/ro\/product\/alpha-beta-occlusive\/#breadcrumb","itemListElement":[{"@type":"ListItem","position":1,"name":"\u0413\u043b\u0430\u0432\u043d\u0430\u044f \u0441\u0442\u0440\u0430\u043d\u0438\u0446\u0430","item":"https:\/\/holyland.md\/ro\/"},{"@type":"ListItem","position":2,"name":"Catalog produse HolyLand","item":"https:\/\/holyland.md\/ro\/catalog\/"},{"@type":"ListItem","position":3,"name":"ALPHA-BETA OCCLUSIVE"}]},{"@type":"WebSite","@id":"https:\/\/holyland.md\/ro\/#website","url":"https:\/\/holyland.md\/ro\/","name":"Holy Land Cosmetics","description":"","publisher":{"@id":"https:\/\/holyland.md\/ro\/#organization"},"potentialAction":[{"@type":"SearchAction","target":{"@type":"EntryPoint","urlTemplate":"https:\/\/holyland.md\/ro\/?s={search_term_string}"},"query-input":"required name=search_term_string"}],"inLanguage":"ro-RO"},{"@type":"Organization","@id":"https:\/\/holyland.md\/ro\/#organization","name":"Holy Land Cosmetics","url":"https:\/\/holyland.md\/ro\/","logo":{"@type":"ImageObject","inLanguage":"ro-RO","@id":"https:\/\/holyland.md\/ro\/#\/schema\/logo\/image\/","url":"https:\/\/holyland.md\/wp-content\/uploads\/2020\/03\/hl-always-active.png","contentUrl":"https:\/\/holyland.md\/wp-content\/uploads\/2020\/03\/hl-always-active.png","width":1437,"height":892,"caption":"Holy Land Cosmetics"},"image":{"@id":"https:\/\/holyland.md\/ro\/#\/schema\/logo\/image\/"}}]}},"_links":{"self":[{"href":"https:\/\/holyland.md\/ro\/wp-json\/wp\/v2\/product\/4021"}],"collection":[{"href":"https:\/\/holyland.md\/ro\/wp-json\/wp\/v2\/product"}],"about":[{"href":"https:\/\/holyland.md\/ro\/wp-json\/wp\/v2\/types\/product"}],"wp:featuredmedia":[{"embeddable":true,"href":"https:\/\/holyland.md\/ro\/wp-json\/wp\/v2\/media\/4019"}],"wp:attachment":[{"href":"https:\/\/holyland.md\/ro\/wp-json\/wp\/v2\/media?parent=4021"}],"wp:term":[{"taxonomy":"product_cat","embeddable":true,"href":"https:\/\/holyland.md\/ro\/wp-json\/wp\/v2\/product_cat?post=4021"},{"taxonomy":"product_tag","embeddable":true,"href":"https:\/\/holyland.md\/ro\/wp-json\/wp\/v2\/product_tag?post=4021"}],"curies":[{"name":"wp","href":"https:\/\/api.w.org\/{rel}","templated":true}]}}