{"id":4039,"date":"2021-06-04T14:22:07","date_gmt":"2021-06-04T11:22:07","guid":{"rendered":"https:\/\/holyland.md\/product\/acnox-pore-cleansing-prep-gel\/"},"modified":"2026-03-24T13:51:40","modified_gmt":"2026-03-24T10:51:40","slug":"acnox-pore-cleansing-prep-gel","status":"publish","type":"product","link":"https:\/\/holyland.md\/ro\/product\/acnox-pore-cleansing-prep-gel\/","title":{"rendered":"ACNOX Pore Cleansing Prep Gel"},"content":{"rendered":"<p>Un gel unic de cur\u0103\u021bare a porilor care ac\u021bioneaz\u0103 pentru a \u00eenmuia porii \u0219i \u00eenc\u0103lzi pielea \u00een preg\u0103tirea pentru o cur\u0103\u021bare profund\u0103 \u00een timpul tratamentelor cosmetice. Gelul con\u021bine acid salicilic care dizolv\u0103 celulelor moarte ale pielii \u0219i cimbru care este utilizat pentru purificarea \u0219i cur\u0103\u021barea pielii.<\/p>\n<p><strong>Ingredien\u021bi activi:<\/strong><\/p>\n<p>Zeolite, acid salicilic, extract de cimbru.<\/p>\n<p><strong>Aplicare:<\/strong><\/p>\n<p>Gelul se aplic\u0103 pe piele \u0219i se maseaz\u0103 timp de 1-2 minute. Se adaug\u0103 \u00eenc\u0103 un strat uniform suplimentar \u0219i a\u0219tepta\u021bi 10-15 minute. La sf\u00e2r\u0219itul cur\u0103\u021b\u0103rii profunde, de sp\u0103lat pielea cu ap\u0103 c\u0103ldu\u021b\u0103.<\/p>\n<p>De evitat contactul cu ochii. \u00cen caz de contact cu ochii, de cl\u0103tit bine cu ap\u0103.<\/p>\n","protected":false},"excerpt":{"rendered":"<p>Volum: 250 ml<\/p>\n","protected":false},"featured_media":0,"template":"","meta":[],"product_cat":[89,125],"product_tag":[],"class_list":{"0":"post-4039","1":"product","2":"type-product","3":"status-publish","5":"product_cat-acnox-hl","6":"product_cat-geluri","8":"first","9":"instock","10":"shipping-taxable","11":"purchasable","12":"product-type-simple"},"yoast_head":"<!-- This site is optimized with the Yoast SEO plugin v23.3 - https:\/\/yoast.com\/wordpress\/plugins\/seo\/ -->\n<title>ACNOX Pore Cleansing Prep Gel | Holy Land Cosmetics<\/title>\n<meta name=\"robots\" content=\"index, follow, max-snippet:-1, max-image-preview:large, max-video-preview:-1\" \/>\n<link rel=\"canonical\" href=\"https:\/\/holyland.md\/ro\/product\/acnox-pore-cleansing-prep-gel\/\" \/>\n<meta property=\"og:locale\" content=\"ro_RO\" \/>\n<meta property=\"og:type\" content=\"article\" \/>\n<meta property=\"og:title\" content=\"ACNOX Pore Cleansing Prep Gel | Holy Land Cosmetics\" \/>\n<meta property=\"og:description\" content=\"Volum: 250 ml\" \/>\n<meta property=\"og:url\" content=\"https:\/\/holyland.md\/ro\/product\/acnox-pore-cleansing-prep-gel\/\" \/>\n<meta property=\"og:site_name\" content=\"Holy Land Cosmetics\" \/>\n<meta property=\"article:modified_time\" content=\"2026-03-24T10:51:40+00:00\" \/>\n<meta name=\"twitter:card\" content=\"summary_large_image\" \/>\n<meta name=\"twitter:label1\" content=\"Timp estimat pentru citire\" \/>\n\t<meta name=\"twitter:data1\" content=\"1 minut\" \/>\n<script type=\"application\/ld+json\" class=\"yoast-schema-graph\">{\"@context\":\"https:\/\/schema.org\",\"@graph\":[{\"@type\":\"WebPage\",\"@id\":\"https:\/\/holyland.md\/ro\/product\/acnox-pore-cleansing-prep-gel\/\",\"url\":\"https:\/\/holyland.md\/ro\/product\/acnox-pore-cleansing-prep-gel\/\",\"name\":\"ACNOX Pore Cleansing Prep Gel | Holy Land Cosmetics\",\"isPartOf\":{\"@id\":\"https:\/\/holyland.md\/ro\/#website\"},\"datePublished\":\"2021-06-04T11:22:07+00:00\",\"dateModified\":\"2026-03-24T10:51:40+00:00\",\"breadcrumb\":{\"@id\":\"https:\/\/holyland.md\/ro\/product\/acnox-pore-cleansing-prep-gel\/#breadcrumb\"},\"inLanguage\":\"ro-RO\",\"potentialAction\":[{\"@type\":\"ReadAction\",\"target\":[\"https:\/\/holyland.md\/ro\/product\/acnox-pore-cleansing-prep-gel\/\"]}]},{\"@type\":\"BreadcrumbList\",\"@id\":\"https:\/\/holyland.md\/ro\/product\/acnox-pore-cleansing-prep-gel\/#breadcrumb\",\"itemListElement\":[{\"@type\":\"ListItem\",\"position\":1,\"name\":\"\u0413\u043b\u0430\u0432\u043d\u0430\u044f \u0441\u0442\u0440\u0430\u043d\u0438\u0446\u0430\",\"item\":\"https:\/\/holyland.md\/ro\/\"},{\"@type\":\"ListItem\",\"position\":2,\"name\":\"Catalog produse HolyLand\",\"item\":\"https:\/\/holyland.md\/ro\/catalog\/\"},{\"@type\":\"ListItem\",\"position\":3,\"name\":\"ACNOX Pore Cleansing Prep Gel\"}]},{\"@type\":\"WebSite\",\"@id\":\"https:\/\/holyland.md\/ro\/#website\",\"url\":\"https:\/\/holyland.md\/ro\/\",\"name\":\"Holy Land Cosmetics\",\"description\":\"\",\"publisher\":{\"@id\":\"https:\/\/holyland.md\/ro\/#organization\"},\"potentialAction\":[{\"@type\":\"SearchAction\",\"target\":{\"@type\":\"EntryPoint\",\"urlTemplate\":\"https:\/\/holyland.md\/ro\/?s={search_term_string}\"},\"query-input\":\"required name=search_term_string\"}],\"inLanguage\":\"ro-RO\"},{\"@type\":\"Organization\",\"@id\":\"https:\/\/holyland.md\/ro\/#organization\",\"name\":\"Holy Land Cosmetics\",\"url\":\"https:\/\/holyland.md\/ro\/\",\"logo\":{\"@type\":\"ImageObject\",\"inLanguage\":\"ro-RO\",\"@id\":\"https:\/\/holyland.md\/ro\/#\/schema\/logo\/image\/\",\"url\":\"https:\/\/holyland.md\/wp-content\/uploads\/2020\/03\/hl-always-active.png\",\"contentUrl\":\"https:\/\/holyland.md\/wp-content\/uploads\/2020\/03\/hl-always-active.png\",\"width\":1437,\"height\":892,\"caption\":\"Holy Land Cosmetics\"},\"image\":{\"@id\":\"https:\/\/holyland.md\/ro\/#\/schema\/logo\/image\/\"}}]}<\/script>\n<!-- \/ Yoast SEO plugin. -->","yoast_head_json":{"title":"ACNOX Pore Cleansing Prep Gel | Holy Land Cosmetics","robots":{"index":"index","follow":"follow","max-snippet":"max-snippet:-1","max-image-preview":"max-image-preview:large","max-video-preview":"max-video-preview:-1"},"canonical":"https:\/\/holyland.md\/ro\/product\/acnox-pore-cleansing-prep-gel\/","og_locale":"ro_RO","og_type":"article","og_title":"ACNOX Pore Cleansing Prep Gel | Holy Land Cosmetics","og_description":"Volum: 250 ml","og_url":"https:\/\/holyland.md\/ro\/product\/acnox-pore-cleansing-prep-gel\/","og_site_name":"Holy Land Cosmetics","article_modified_time":"2026-03-24T10:51:40+00:00","twitter_card":"summary_large_image","twitter_misc":{"Timp estimat pentru citire":"1 minut"},"schema":{"@context":"https:\/\/schema.org","@graph":[{"@type":"WebPage","@id":"https:\/\/holyland.md\/ro\/product\/acnox-pore-cleansing-prep-gel\/","url":"https:\/\/holyland.md\/ro\/product\/acnox-pore-cleansing-prep-gel\/","name":"ACNOX Pore Cleansing Prep Gel | Holy Land Cosmetics","isPartOf":{"@id":"https:\/\/holyland.md\/ro\/#website"},"datePublished":"2021-06-04T11:22:07+00:00","dateModified":"2026-03-24T10:51:40+00:00","breadcrumb":{"@id":"https:\/\/holyland.md\/ro\/product\/acnox-pore-cleansing-prep-gel\/#breadcrumb"},"inLanguage":"ro-RO","potentialAction":[{"@type":"ReadAction","target":["https:\/\/holyland.md\/ro\/product\/acnox-pore-cleansing-prep-gel\/"]}]},{"@type":"BreadcrumbList","@id":"https:\/\/holyland.md\/ro\/product\/acnox-pore-cleansing-prep-gel\/#breadcrumb","itemListElement":[{"@type":"ListItem","position":1,"name":"\u0413\u043b\u0430\u0432\u043d\u0430\u044f \u0441\u0442\u0440\u0430\u043d\u0438\u0446\u0430","item":"https:\/\/holyland.md\/ro\/"},{"@type":"ListItem","position":2,"name":"Catalog produse HolyLand","item":"https:\/\/holyland.md\/ro\/catalog\/"},{"@type":"ListItem","position":3,"name":"ACNOX Pore Cleansing Prep Gel"}]},{"@type":"WebSite","@id":"https:\/\/holyland.md\/ro\/#website","url":"https:\/\/holyland.md\/ro\/","name":"Holy Land Cosmetics","description":"","publisher":{"@id":"https:\/\/holyland.md\/ro\/#organization"},"potentialAction":[{"@type":"SearchAction","target":{"@type":"EntryPoint","urlTemplate":"https:\/\/holyland.md\/ro\/?s={search_term_string}"},"query-input":"required name=search_term_string"}],"inLanguage":"ro-RO"},{"@type":"Organization","@id":"https:\/\/holyland.md\/ro\/#organization","name":"Holy Land Cosmetics","url":"https:\/\/holyland.md\/ro\/","logo":{"@type":"ImageObject","inLanguage":"ro-RO","@id":"https:\/\/holyland.md\/ro\/#\/schema\/logo\/image\/","url":"https:\/\/holyland.md\/wp-content\/uploads\/2020\/03\/hl-always-active.png","contentUrl":"https:\/\/holyland.md\/wp-content\/uploads\/2020\/03\/hl-always-active.png","width":1437,"height":892,"caption":"Holy Land Cosmetics"},"image":{"@id":"https:\/\/holyland.md\/ro\/#\/schema\/logo\/image\/"}}]}},"_links":{"self":[{"href":"https:\/\/holyland.md\/ro\/wp-json\/wp\/v2\/product\/4039"}],"collection":[{"href":"https:\/\/holyland.md\/ro\/wp-json\/wp\/v2\/product"}],"about":[{"href":"https:\/\/holyland.md\/ro\/wp-json\/wp\/v2\/types\/product"}],"wp:attachment":[{"href":"https:\/\/holyland.md\/ro\/wp-json\/wp\/v2\/media?parent=4039"}],"wp:term":[{"taxonomy":"product_cat","embeddable":true,"href":"https:\/\/holyland.md\/ro\/wp-json\/wp\/v2\/product_cat?post=4039"},{"taxonomy":"product_tag","embeddable":true,"href":"https:\/\/holyland.md\/ro\/wp-json\/wp\/v2\/product_tag?post=4039"}],"curies":[{"name":"wp","href":"https:\/\/api.w.org\/{rel}","templated":true}]}}