{"id":4071,"date":"2021-06-04T14:44:27","date_gmt":"2021-06-04T11:44:27","guid":{"rendered":"https:\/\/holyland.md\/product\/acnox-balancing-hydratant-cream\/"},"modified":"2026-03-24T13:50:02","modified_gmt":"2026-03-24T10:50:02","slug":"acnox-balancing-hydratant-cream","status":"publish","type":"product","link":"https:\/\/holyland.md\/ro\/product\/acnox-balancing-hydratant-cream\/","title":{"rendered":"ACNOX Balancing Hydratant Cream"},"content":{"rendered":"<p>O crem\u0103 hidratant\u0103 unic\u0103 pe baza de probiotici care ac\u021bioneaz\u0103 pentru protejarea pielii de infec\u021bii \u0219i men\u021binerea echilibrului. Aminoacizii Serina \u0219i Arginina ac\u021bioneaz\u0103 pentru a restabili textura pielii \u0219i pentru un aspect calm \u0219i radiant.<\/p>\n<p><strong>Ingredien\u021bi activi:<\/strong><\/p>\n<p>Proteina de lapte, lactoz\u0103, lizat bifidobacteriilor, ubichinona, proteine hidrolizate de gr\u00eeu \u0219i soia, serina, prolina \u0219i agenina, extracte de portocal\u0103 amar\u0103, portocal\u0103 dulce, mandarina, mu\u0219chi irlandez, acidul ascorbic, acidul citric \u0219i lactic.<\/p>\n<p><strong>Aplicare:<\/strong><\/p>\n<p> Se aplica pe pielea curat\u0103 o dat\u0103 \u2013 de dou\u0103 ori pe zi \u0219i se a\u0219teapt\u0103 p\u00e2n\u0103 la absorb\u021bie complet\u0103. Pentru rezulatate maximale se recomand\u0103 de utilizat \u00een combina\u021bie cu ACNOX Active Cream.<\/p>\n","protected":false},"excerpt":{"rendered":"","protected":false},"featured_media":4056,"template":"","meta":[],"product_cat":[89,102,130],"product_tag":[],"class_list":{"0":"post-4071","1":"product","2":"type-product","3":"status-publish","4":"has-post-thumbnail","6":"product_cat-acnox-hl","7":"product_cat-creams-hl","8":"product_cat-creme","10":"first","11":"outofstock","12":"shipping-taxable","13":"purchasable","14":"product-type-variable"},"yoast_head":"<!-- This site is optimized with the Yoast SEO plugin v23.3 - https:\/\/yoast.com\/wordpress\/plugins\/seo\/ -->\n<title>ACNOX Balancing Hydratant Cream | Holy Land Cosmetics<\/title>\n<meta name=\"robots\" content=\"index, follow, max-snippet:-1, max-image-preview:large, max-video-preview:-1\" \/>\n<link rel=\"canonical\" href=\"https:\/\/holyland.md\/ro\/product\/acnox-balancing-hydratant-cream\/\" \/>\n<meta property=\"og:locale\" content=\"ro_RO\" \/>\n<meta property=\"og:type\" content=\"article\" \/>\n<meta property=\"og:title\" content=\"ACNOX Balancing Hydratant Cream | Holy Land Cosmetics\" \/>\n<meta property=\"og:url\" content=\"https:\/\/holyland.md\/ro\/product\/acnox-balancing-hydratant-cream\/\" \/>\n<meta property=\"og:site_name\" content=\"Holy Land Cosmetics\" \/>\n<meta property=\"article:modified_time\" content=\"2026-03-24T10:50:02+00:00\" \/>\n<meta property=\"og:image\" content=\"https:\/\/holyland.md\/wp-content\/uploads\/2021\/06\/ACNOX-HYDRATANT-CREAM-glass.jpg\" \/>\n\t<meta property=\"og:image:width\" content=\"1000\" \/>\n\t<meta property=\"og:image:height\" content=\"1000\" \/>\n\t<meta property=\"og:image:type\" content=\"image\/jpeg\" \/>\n<meta name=\"twitter:card\" content=\"summary_large_image\" \/>\n<meta name=\"twitter:label1\" content=\"Timp estimat pentru citire\" \/>\n\t<meta name=\"twitter:data1\" content=\"1 minut\" \/>\n<script type=\"application\/ld+json\" class=\"yoast-schema-graph\">{\"@context\":\"https:\/\/schema.org\",\"@graph\":[{\"@type\":\"WebPage\",\"@id\":\"https:\/\/holyland.md\/ro\/product\/acnox-balancing-hydratant-cream\/\",\"url\":\"https:\/\/holyland.md\/ro\/product\/acnox-balancing-hydratant-cream\/\",\"name\":\"ACNOX Balancing Hydratant Cream | Holy Land Cosmetics\",\"isPartOf\":{\"@id\":\"https:\/\/holyland.md\/ro\/#website\"},\"primaryImageOfPage\":{\"@id\":\"https:\/\/holyland.md\/ro\/product\/acnox-balancing-hydratant-cream\/#primaryimage\"},\"image\":{\"@id\":\"https:\/\/holyland.md\/ro\/product\/acnox-balancing-hydratant-cream\/#primaryimage\"},\"thumbnailUrl\":\"https:\/\/holyland.md\/wp-content\/uploads\/2021\/06\/ACNOX-HYDRATANT-CREAM-glass.jpg\",\"datePublished\":\"2021-06-04T11:44:27+00:00\",\"dateModified\":\"2026-03-24T10:50:02+00:00\",\"breadcrumb\":{\"@id\":\"https:\/\/holyland.md\/ro\/product\/acnox-balancing-hydratant-cream\/#breadcrumb\"},\"inLanguage\":\"ro-RO\",\"potentialAction\":[{\"@type\":\"ReadAction\",\"target\":[\"https:\/\/holyland.md\/ro\/product\/acnox-balancing-hydratant-cream\/\"]}]},{\"@type\":\"ImageObject\",\"inLanguage\":\"ro-RO\",\"@id\":\"https:\/\/holyland.md\/ro\/product\/acnox-balancing-hydratant-cream\/#primaryimage\",\"url\":\"https:\/\/holyland.md\/wp-content\/uploads\/2021\/06\/ACNOX-HYDRATANT-CREAM-glass.jpg\",\"contentUrl\":\"https:\/\/holyland.md\/wp-content\/uploads\/2021\/06\/ACNOX-HYDRATANT-CREAM-glass.jpg\",\"width\":1000,\"height\":1000,\"caption\":\"ACNOX-HYDRATANT-CREAM\"},{\"@type\":\"BreadcrumbList\",\"@id\":\"https:\/\/holyland.md\/ro\/product\/acnox-balancing-hydratant-cream\/#breadcrumb\",\"itemListElement\":[{\"@type\":\"ListItem\",\"position\":1,\"name\":\"\u0413\u043b\u0430\u0432\u043d\u0430\u044f \u0441\u0442\u0440\u0430\u043d\u0438\u0446\u0430\",\"item\":\"https:\/\/holyland.md\/ro\/\"},{\"@type\":\"ListItem\",\"position\":2,\"name\":\"Catalog produse HolyLand\",\"item\":\"https:\/\/holyland.md\/ro\/catalog\/\"},{\"@type\":\"ListItem\",\"position\":3,\"name\":\"ACNOX Balancing Hydratant Cream\"}]},{\"@type\":\"WebSite\",\"@id\":\"https:\/\/holyland.md\/ro\/#website\",\"url\":\"https:\/\/holyland.md\/ro\/\",\"name\":\"Holy Land Cosmetics\",\"description\":\"\",\"publisher\":{\"@id\":\"https:\/\/holyland.md\/ro\/#organization\"},\"potentialAction\":[{\"@type\":\"SearchAction\",\"target\":{\"@type\":\"EntryPoint\",\"urlTemplate\":\"https:\/\/holyland.md\/ro\/?s={search_term_string}\"},\"query-input\":\"required name=search_term_string\"}],\"inLanguage\":\"ro-RO\"},{\"@type\":\"Organization\",\"@id\":\"https:\/\/holyland.md\/ro\/#organization\",\"name\":\"Holy Land Cosmetics\",\"url\":\"https:\/\/holyland.md\/ro\/\",\"logo\":{\"@type\":\"ImageObject\",\"inLanguage\":\"ro-RO\",\"@id\":\"https:\/\/holyland.md\/ro\/#\/schema\/logo\/image\/\",\"url\":\"https:\/\/holyland.md\/wp-content\/uploads\/2020\/03\/hl-always-active.png\",\"contentUrl\":\"https:\/\/holyland.md\/wp-content\/uploads\/2020\/03\/hl-always-active.png\",\"width\":1437,\"height\":892,\"caption\":\"Holy Land Cosmetics\"},\"image\":{\"@id\":\"https:\/\/holyland.md\/ro\/#\/schema\/logo\/image\/\"}}]}<\/script>\n<!-- \/ Yoast SEO plugin. -->","yoast_head_json":{"title":"ACNOX Balancing Hydratant Cream | Holy Land Cosmetics","robots":{"index":"index","follow":"follow","max-snippet":"max-snippet:-1","max-image-preview":"max-image-preview:large","max-video-preview":"max-video-preview:-1"},"canonical":"https:\/\/holyland.md\/ro\/product\/acnox-balancing-hydratant-cream\/","og_locale":"ro_RO","og_type":"article","og_title":"ACNOX Balancing Hydratant Cream | Holy Land Cosmetics","og_url":"https:\/\/holyland.md\/ro\/product\/acnox-balancing-hydratant-cream\/","og_site_name":"Holy Land Cosmetics","article_modified_time":"2026-03-24T10:50:02+00:00","og_image":[{"width":1000,"height":1000,"url":"https:\/\/holyland.md\/wp-content\/uploads\/2021\/06\/ACNOX-HYDRATANT-CREAM-glass.jpg","type":"image\/jpeg"}],"twitter_card":"summary_large_image","twitter_misc":{"Timp estimat pentru citire":"1 minut"},"schema":{"@context":"https:\/\/schema.org","@graph":[{"@type":"WebPage","@id":"https:\/\/holyland.md\/ro\/product\/acnox-balancing-hydratant-cream\/","url":"https:\/\/holyland.md\/ro\/product\/acnox-balancing-hydratant-cream\/","name":"ACNOX Balancing Hydratant Cream | Holy Land Cosmetics","isPartOf":{"@id":"https:\/\/holyland.md\/ro\/#website"},"primaryImageOfPage":{"@id":"https:\/\/holyland.md\/ro\/product\/acnox-balancing-hydratant-cream\/#primaryimage"},"image":{"@id":"https:\/\/holyland.md\/ro\/product\/acnox-balancing-hydratant-cream\/#primaryimage"},"thumbnailUrl":"https:\/\/holyland.md\/wp-content\/uploads\/2021\/06\/ACNOX-HYDRATANT-CREAM-glass.jpg","datePublished":"2021-06-04T11:44:27+00:00","dateModified":"2026-03-24T10:50:02+00:00","breadcrumb":{"@id":"https:\/\/holyland.md\/ro\/product\/acnox-balancing-hydratant-cream\/#breadcrumb"},"inLanguage":"ro-RO","potentialAction":[{"@type":"ReadAction","target":["https:\/\/holyland.md\/ro\/product\/acnox-balancing-hydratant-cream\/"]}]},{"@type":"ImageObject","inLanguage":"ro-RO","@id":"https:\/\/holyland.md\/ro\/product\/acnox-balancing-hydratant-cream\/#primaryimage","url":"https:\/\/holyland.md\/wp-content\/uploads\/2021\/06\/ACNOX-HYDRATANT-CREAM-glass.jpg","contentUrl":"https:\/\/holyland.md\/wp-content\/uploads\/2021\/06\/ACNOX-HYDRATANT-CREAM-glass.jpg","width":1000,"height":1000,"caption":"ACNOX-HYDRATANT-CREAM"},{"@type":"BreadcrumbList","@id":"https:\/\/holyland.md\/ro\/product\/acnox-balancing-hydratant-cream\/#breadcrumb","itemListElement":[{"@type":"ListItem","position":1,"name":"\u0413\u043b\u0430\u0432\u043d\u0430\u044f \u0441\u0442\u0440\u0430\u043d\u0438\u0446\u0430","item":"https:\/\/holyland.md\/ro\/"},{"@type":"ListItem","position":2,"name":"Catalog produse HolyLand","item":"https:\/\/holyland.md\/ro\/catalog\/"},{"@type":"ListItem","position":3,"name":"ACNOX Balancing Hydratant Cream"}]},{"@type":"WebSite","@id":"https:\/\/holyland.md\/ro\/#website","url":"https:\/\/holyland.md\/ro\/","name":"Holy Land Cosmetics","description":"","publisher":{"@id":"https:\/\/holyland.md\/ro\/#organization"},"potentialAction":[{"@type":"SearchAction","target":{"@type":"EntryPoint","urlTemplate":"https:\/\/holyland.md\/ro\/?s={search_term_string}"},"query-input":"required name=search_term_string"}],"inLanguage":"ro-RO"},{"@type":"Organization","@id":"https:\/\/holyland.md\/ro\/#organization","name":"Holy Land Cosmetics","url":"https:\/\/holyland.md\/ro\/","logo":{"@type":"ImageObject","inLanguage":"ro-RO","@id":"https:\/\/holyland.md\/ro\/#\/schema\/logo\/image\/","url":"https:\/\/holyland.md\/wp-content\/uploads\/2020\/03\/hl-always-active.png","contentUrl":"https:\/\/holyland.md\/wp-content\/uploads\/2020\/03\/hl-always-active.png","width":1437,"height":892,"caption":"Holy Land Cosmetics"},"image":{"@id":"https:\/\/holyland.md\/ro\/#\/schema\/logo\/image\/"}}]}},"_links":{"self":[{"href":"https:\/\/holyland.md\/ro\/wp-json\/wp\/v2\/product\/4071"}],"collection":[{"href":"https:\/\/holyland.md\/ro\/wp-json\/wp\/v2\/product"}],"about":[{"href":"https:\/\/holyland.md\/ro\/wp-json\/wp\/v2\/types\/product"}],"wp:featuredmedia":[{"embeddable":true,"href":"https:\/\/holyland.md\/ro\/wp-json\/wp\/v2\/media\/4056"}],"wp:attachment":[{"href":"https:\/\/holyland.md\/ro\/wp-json\/wp\/v2\/media?parent=4071"}],"wp:term":[{"taxonomy":"product_cat","embeddable":true,"href":"https:\/\/holyland.md\/ro\/wp-json\/wp\/v2\/product_cat?post=4071"},{"taxonomy":"product_tag","embeddable":true,"href":"https:\/\/holyland.md\/ro\/wp-json\/wp\/v2\/product_tag?post=4071"}],"curies":[{"name":"wp","href":"https:\/\/api.w.org\/{rel}","templated":true}]}}