{"id":4078,"date":"2021-06-04T15:13:36","date_gmt":"2021-06-04T12:13:36","guid":{"rendered":"https:\/\/holyland.md\/product\/acnox-active-cream\/"},"modified":"2026-03-23T13:00:52","modified_gmt":"2026-03-23T10:00:52","slug":"acnox-active-cream","status":"publish","type":"product","link":"https:\/\/holyland.md\/ro\/product\/acnox-active-cream\/","title":{"rendered":"ACNOX Active Cream"},"content":{"rendered":"<p>O crem\u0103 curativ\u0103 activ\u0103, ac\u021bioneaz\u0103 pentru ameliorarea \u0219i calmarea imperfec\u021biunilor \u0219i ajut\u0103 la prevenirea viitoarelor erup\u021bii \u0219i \u00eentinerirea pielii. Con\u021bine acid salicilic care func\u021bioneaz\u0103 ca un element de cur\u0103\u021bare, acid shikimic care echilibreaz\u0103 sebumul \u0219i hr\u0103ne\u0219te pielea cu vitamine \u0219i aminoacizi \u0219i zinc care ajut\u0103 la \u00eembun\u0103t\u0103\u021birea texturii pielii.<\/p>\n<p><strong>Ingredien\u021bi activi:<\/strong><\/p>\n<p>Acid shikimic, acid salicilic, niacinamida, zinc, extract de zbur\u0103toare.<\/p>\n<p><strong>Aplicare:<\/strong><\/p>\n<p>Se aplic\u0103 o dat\u0103 pe zi pe pielea cur\u0103\u021bat\u0103, se maseaz\u0103 u\u0219or \u0219i se las\u0103 p\u00een\u0103 la absorb\u021bia complet\u0103.<br \/>\nSe recomand\u0103 de utilizat \u00eempreun\u0103 cu ACNOX Hydratant Cream. Imediat dup\u0103 aplicare, de evitat expunerea la soare. <\/p>\n<p>Se recomand\u0103 ca utilizarea produsului s\u0103 fie urmat\u0103 de aplicarea unui produs eficient de protec\u021bie solar\u0103, cel pu\u021bin SPF 15.<\/p>\n<p>Se evit\u0103 contactul cu ochii. \u00cen caz de contact cu ochii, de cl\u0103tit bine cu ap\u0103 curat\u0103. De solicitat asisten\u021b\u0103 medical\u0103 dac\u0103 irita\u021bia persist\u0103. Interzis de folosit produsul pentru copii sub 3 ani.<\/p>\n","protected":false},"excerpt":{"rendered":"<p>Volum: 50 ml<\/p>\n","protected":false},"featured_media":0,"template":"","meta":[],"product_cat":[89,102,130],"product_tag":[],"class_list":{"0":"post-4078","1":"product","2":"type-product","3":"status-publish","5":"product_cat-acnox-hl","6":"product_cat-creams-hl","7":"product_cat-creme","9":"first","10":"instock","11":"shipping-taxable","12":"purchasable","13":"product-type-simple"},"yoast_head":"<!-- This site is optimized with the Yoast SEO plugin v23.3 - https:\/\/yoast.com\/wordpress\/plugins\/seo\/ -->\n<title>ACNOX Active Cream | Holy Land Cosmetics<\/title>\n<meta name=\"robots\" content=\"index, follow, max-snippet:-1, max-image-preview:large, max-video-preview:-1\" \/>\n<link rel=\"canonical\" href=\"https:\/\/holyland.md\/ro\/product\/acnox-active-cream\/\" \/>\n<meta property=\"og:locale\" content=\"ro_RO\" \/>\n<meta property=\"og:type\" content=\"article\" \/>\n<meta property=\"og:title\" content=\"ACNOX Active Cream | Holy Land Cosmetics\" \/>\n<meta property=\"og:description\" content=\"Volum: 50 ml\" \/>\n<meta property=\"og:url\" content=\"https:\/\/holyland.md\/ro\/product\/acnox-active-cream\/\" \/>\n<meta property=\"og:site_name\" content=\"Holy Land Cosmetics\" \/>\n<meta property=\"article:modified_time\" content=\"2026-03-23T10:00:52+00:00\" \/>\n<meta name=\"twitter:card\" content=\"summary_large_image\" \/>\n<meta name=\"twitter:label1\" content=\"Timp estimat pentru citire\" \/>\n\t<meta name=\"twitter:data1\" content=\"1 minut\" \/>\n<script type=\"application\/ld+json\" class=\"yoast-schema-graph\">{\"@context\":\"https:\/\/schema.org\",\"@graph\":[{\"@type\":\"WebPage\",\"@id\":\"https:\/\/holyland.md\/ro\/product\/acnox-active-cream\/\",\"url\":\"https:\/\/holyland.md\/ro\/product\/acnox-active-cream\/\",\"name\":\"ACNOX Active Cream | Holy Land Cosmetics\",\"isPartOf\":{\"@id\":\"https:\/\/holyland.md\/ro\/#website\"},\"datePublished\":\"2021-06-04T12:13:36+00:00\",\"dateModified\":\"2026-03-23T10:00:52+00:00\",\"breadcrumb\":{\"@id\":\"https:\/\/holyland.md\/ro\/product\/acnox-active-cream\/#breadcrumb\"},\"inLanguage\":\"ro-RO\",\"potentialAction\":[{\"@type\":\"ReadAction\",\"target\":[\"https:\/\/holyland.md\/ro\/product\/acnox-active-cream\/\"]}]},{\"@type\":\"BreadcrumbList\",\"@id\":\"https:\/\/holyland.md\/ro\/product\/acnox-active-cream\/#breadcrumb\",\"itemListElement\":[{\"@type\":\"ListItem\",\"position\":1,\"name\":\"\u0413\u043b\u0430\u0432\u043d\u0430\u044f \u0441\u0442\u0440\u0430\u043d\u0438\u0446\u0430\",\"item\":\"https:\/\/holyland.md\/ro\/\"},{\"@type\":\"ListItem\",\"position\":2,\"name\":\"Catalog produse HolyLand\",\"item\":\"https:\/\/holyland.md\/ro\/catalog\/\"},{\"@type\":\"ListItem\",\"position\":3,\"name\":\"ACNOX Active Cream\"}]},{\"@type\":\"WebSite\",\"@id\":\"https:\/\/holyland.md\/ro\/#website\",\"url\":\"https:\/\/holyland.md\/ro\/\",\"name\":\"Holy Land Cosmetics\",\"description\":\"\",\"publisher\":{\"@id\":\"https:\/\/holyland.md\/ro\/#organization\"},\"potentialAction\":[{\"@type\":\"SearchAction\",\"target\":{\"@type\":\"EntryPoint\",\"urlTemplate\":\"https:\/\/holyland.md\/ro\/?s={search_term_string}\"},\"query-input\":\"required name=search_term_string\"}],\"inLanguage\":\"ro-RO\"},{\"@type\":\"Organization\",\"@id\":\"https:\/\/holyland.md\/ro\/#organization\",\"name\":\"Holy Land Cosmetics\",\"url\":\"https:\/\/holyland.md\/ro\/\",\"logo\":{\"@type\":\"ImageObject\",\"inLanguage\":\"ro-RO\",\"@id\":\"https:\/\/holyland.md\/ro\/#\/schema\/logo\/image\/\",\"url\":\"https:\/\/holyland.md\/wp-content\/uploads\/2020\/03\/hl-always-active.png\",\"contentUrl\":\"https:\/\/holyland.md\/wp-content\/uploads\/2020\/03\/hl-always-active.png\",\"width\":1437,\"height\":892,\"caption\":\"Holy Land Cosmetics\"},\"image\":{\"@id\":\"https:\/\/holyland.md\/ro\/#\/schema\/logo\/image\/\"}}]}<\/script>\n<!-- \/ Yoast SEO plugin. -->","yoast_head_json":{"title":"ACNOX Active Cream | Holy Land Cosmetics","robots":{"index":"index","follow":"follow","max-snippet":"max-snippet:-1","max-image-preview":"max-image-preview:large","max-video-preview":"max-video-preview:-1"},"canonical":"https:\/\/holyland.md\/ro\/product\/acnox-active-cream\/","og_locale":"ro_RO","og_type":"article","og_title":"ACNOX Active Cream | Holy Land Cosmetics","og_description":"Volum: 50 ml","og_url":"https:\/\/holyland.md\/ro\/product\/acnox-active-cream\/","og_site_name":"Holy Land Cosmetics","article_modified_time":"2026-03-23T10:00:52+00:00","twitter_card":"summary_large_image","twitter_misc":{"Timp estimat pentru citire":"1 minut"},"schema":{"@context":"https:\/\/schema.org","@graph":[{"@type":"WebPage","@id":"https:\/\/holyland.md\/ro\/product\/acnox-active-cream\/","url":"https:\/\/holyland.md\/ro\/product\/acnox-active-cream\/","name":"ACNOX Active Cream | Holy Land Cosmetics","isPartOf":{"@id":"https:\/\/holyland.md\/ro\/#website"},"datePublished":"2021-06-04T12:13:36+00:00","dateModified":"2026-03-23T10:00:52+00:00","breadcrumb":{"@id":"https:\/\/holyland.md\/ro\/product\/acnox-active-cream\/#breadcrumb"},"inLanguage":"ro-RO","potentialAction":[{"@type":"ReadAction","target":["https:\/\/holyland.md\/ro\/product\/acnox-active-cream\/"]}]},{"@type":"BreadcrumbList","@id":"https:\/\/holyland.md\/ro\/product\/acnox-active-cream\/#breadcrumb","itemListElement":[{"@type":"ListItem","position":1,"name":"\u0413\u043b\u0430\u0432\u043d\u0430\u044f \u0441\u0442\u0440\u0430\u043d\u0438\u0446\u0430","item":"https:\/\/holyland.md\/ro\/"},{"@type":"ListItem","position":2,"name":"Catalog produse HolyLand","item":"https:\/\/holyland.md\/ro\/catalog\/"},{"@type":"ListItem","position":3,"name":"ACNOX Active Cream"}]},{"@type":"WebSite","@id":"https:\/\/holyland.md\/ro\/#website","url":"https:\/\/holyland.md\/ro\/","name":"Holy Land Cosmetics","description":"","publisher":{"@id":"https:\/\/holyland.md\/ro\/#organization"},"potentialAction":[{"@type":"SearchAction","target":{"@type":"EntryPoint","urlTemplate":"https:\/\/holyland.md\/ro\/?s={search_term_string}"},"query-input":"required name=search_term_string"}],"inLanguage":"ro-RO"},{"@type":"Organization","@id":"https:\/\/holyland.md\/ro\/#organization","name":"Holy Land Cosmetics","url":"https:\/\/holyland.md\/ro\/","logo":{"@type":"ImageObject","inLanguage":"ro-RO","@id":"https:\/\/holyland.md\/ro\/#\/schema\/logo\/image\/","url":"https:\/\/holyland.md\/wp-content\/uploads\/2020\/03\/hl-always-active.png","contentUrl":"https:\/\/holyland.md\/wp-content\/uploads\/2020\/03\/hl-always-active.png","width":1437,"height":892,"caption":"Holy Land Cosmetics"},"image":{"@id":"https:\/\/holyland.md\/ro\/#\/schema\/logo\/image\/"}}]}},"_links":{"self":[{"href":"https:\/\/holyland.md\/ro\/wp-json\/wp\/v2\/product\/4078"}],"collection":[{"href":"https:\/\/holyland.md\/ro\/wp-json\/wp\/v2\/product"}],"about":[{"href":"https:\/\/holyland.md\/ro\/wp-json\/wp\/v2\/types\/product"}],"wp:attachment":[{"href":"https:\/\/holyland.md\/ro\/wp-json\/wp\/v2\/media?parent=4078"}],"wp:term":[{"taxonomy":"product_cat","embeddable":true,"href":"https:\/\/holyland.md\/ro\/wp-json\/wp\/v2\/product_cat?post=4078"},{"taxonomy":"product_tag","embeddable":true,"href":"https:\/\/holyland.md\/ro\/wp-json\/wp\/v2\/product_tag?post=4078"}],"curies":[{"name":"wp","href":"https:\/\/api.w.org\/{rel}","templated":true}]}}