{"id":4081,"date":"2021-06-04T15:22:23","date_gmt":"2021-06-04T12:22:23","guid":{"rendered":"https:\/\/holyland.md\/product\/acnox-daily-balancing-pads\/"},"modified":"2026-03-24T13:49:20","modified_gmt":"2026-03-24T10:49:20","slug":"acnox-daily-balancing-pads","status":"publish","type":"product","link":"https:\/\/holyland.md\/ro\/product\/acnox-daily-balancing-pads\/","title":{"rendered":"ACNOX Daily Balancing Pads"},"content":{"rendered":"<p>\u0218erve\u021bele destinate tenului gras, func\u021bioneaz\u0103 pentru a echilibra, re\u00eennoi \u0219i calma pielea.<\/p>\n<p>\u0218erve\u021bele con\u021bin acid salicilic care este utilizat ca ingredient de cur\u0103\u021bare pentru tratarea co\u0219urilor, acizi alfa hidroxilici care lucreaz\u0103 pentru \u00eentinerirea pielii, hamamelis care ajut\u0103 la echilibrarea secre\u021biei de sebum \u0219i a mic\u0219or\u0103rii porilor \u0219i a ceaiului verde pentru a calma pielea \u0219i a ob\u021bine o textur\u0103 neted\u0103 \u0219i uniform\u0103.<\/p>\n<p><strong>Ingredien\u021bi activi:<\/strong><\/p>\n<p>Acid salicilic, acid glicolic, extract de afine, betaina, extract de trestie de zah\u0103r, extract de ar\u021bar, extract de l\u0103m\u00e2ie, extract de portocale amare \u0219i dulce, extract de hamamelis, extract de ceai verde.<\/p>\n<p><strong>Aplicare:<\/strong><\/p>\n<p>Pentru utilizarea zilnic\u0103 sau conform recomand\u0103rilor profesionistul Dvs. Seara \u0219terge\u021bi-o u\u0219or pielea fe\u021bei curat\u0103 \u0219i uscat\u0103, \u0219i a\u0219tepta\u021bi 3-4 minute p\u00e2n\u0103 la absorb\u021bie complet\u0103. (Nu cl\u0103\u021bi!)<\/p>\n<p>Pentru rezultate maxime, se recomand\u0103 utilizarea \u00een combina\u021bie cu ACNOX Hydratant Cream.<\/p>\n<p>Imediat dup\u0103 utilizare, evita\u021bi expunerea direct\u0103 la soare. Se recomand\u0103 ca utilizarea produsului s\u0103 fie urmat\u0103 de aplicarea unui produs eficient de protec\u021bie solar\u0103, cel pu\u021bin SPF 15.<\/p>\n<p>De oprit utilizarea acestui produs dac\u0103 ave\u021bi ro\u0219ea\u021b\u0103 sau m\u00e2nc\u0103rime.<\/p>\n<p>De aplicat departe de ochi. Dac\u0103 solu\u021bia p\u0103trunde accidental \u00een ochi, de cl\u0103tit bine cu mult\u0103 ap\u0103 curat\u0103. De solicitat asisten\u021b\u0103 medical\u0103 dac\u0103 irita\u021bia persist\u0103. Interzis de folosit produsul pentru copii sub 3 ani.<\/p>\n","protected":false},"excerpt":{"rendered":"<p>ACNOX Daily Balancing Pads<\/p>\n<p>60 \u0219erve\u021bele<\/p>\n","protected":false},"featured_media":0,"template":"","meta":[],"product_cat":[89],"product_tag":[],"class_list":{"0":"post-4081","1":"product","2":"type-product","3":"status-publish","5":"product_cat-acnox-hl","7":"first","8":"instock","9":"shipping-taxable","10":"purchasable","11":"product-type-simple"},"yoast_head":"<!-- This site is optimized with the Yoast SEO plugin v23.3 - https:\/\/yoast.com\/wordpress\/plugins\/seo\/ -->\n<title>ACNOX Daily Balancing Pads | Holy Land Cosmetics<\/title>\n<meta name=\"robots\" content=\"index, follow, max-snippet:-1, max-image-preview:large, max-video-preview:-1\" \/>\n<link rel=\"canonical\" href=\"https:\/\/holyland.md\/ro\/product\/acnox-daily-balancing-pads\/\" \/>\n<meta property=\"og:locale\" content=\"ro_RO\" \/>\n<meta property=\"og:type\" content=\"article\" \/>\n<meta property=\"og:title\" content=\"ACNOX Daily Balancing Pads | Holy Land Cosmetics\" \/>\n<meta property=\"og:description\" content=\"ACNOX Daily Balancing Pads  60 \u0219erve\u021bele\" \/>\n<meta property=\"og:url\" content=\"https:\/\/holyland.md\/ro\/product\/acnox-daily-balancing-pads\/\" \/>\n<meta property=\"og:site_name\" content=\"Holy Land Cosmetics\" \/>\n<meta property=\"article:modified_time\" content=\"2026-03-24T10:49:20+00:00\" \/>\n<meta name=\"twitter:card\" content=\"summary_large_image\" \/>\n<meta name=\"twitter:label1\" content=\"Timp estimat pentru citire\" \/>\n\t<meta name=\"twitter:data1\" content=\"2 minute\" \/>\n<script type=\"application\/ld+json\" class=\"yoast-schema-graph\">{\"@context\":\"https:\/\/schema.org\",\"@graph\":[{\"@type\":\"WebPage\",\"@id\":\"https:\/\/holyland.md\/ro\/product\/acnox-daily-balancing-pads\/\",\"url\":\"https:\/\/holyland.md\/ro\/product\/acnox-daily-balancing-pads\/\",\"name\":\"ACNOX Daily Balancing Pads | Holy Land Cosmetics\",\"isPartOf\":{\"@id\":\"https:\/\/holyland.md\/ro\/#website\"},\"datePublished\":\"2021-06-04T12:22:23+00:00\",\"dateModified\":\"2026-03-24T10:49:20+00:00\",\"breadcrumb\":{\"@id\":\"https:\/\/holyland.md\/ro\/product\/acnox-daily-balancing-pads\/#breadcrumb\"},\"inLanguage\":\"ro-RO\",\"potentialAction\":[{\"@type\":\"ReadAction\",\"target\":[\"https:\/\/holyland.md\/ro\/product\/acnox-daily-balancing-pads\/\"]}]},{\"@type\":\"BreadcrumbList\",\"@id\":\"https:\/\/holyland.md\/ro\/product\/acnox-daily-balancing-pads\/#breadcrumb\",\"itemListElement\":[{\"@type\":\"ListItem\",\"position\":1,\"name\":\"\u0413\u043b\u0430\u0432\u043d\u0430\u044f \u0441\u0442\u0440\u0430\u043d\u0438\u0446\u0430\",\"item\":\"https:\/\/holyland.md\/ro\/\"},{\"@type\":\"ListItem\",\"position\":2,\"name\":\"Catalog produse HolyLand\",\"item\":\"https:\/\/holyland.md\/ro\/catalog\/\"},{\"@type\":\"ListItem\",\"position\":3,\"name\":\"ACNOX Daily Balancing Pads\"}]},{\"@type\":\"WebSite\",\"@id\":\"https:\/\/holyland.md\/ro\/#website\",\"url\":\"https:\/\/holyland.md\/ro\/\",\"name\":\"Holy Land Cosmetics\",\"description\":\"\",\"publisher\":{\"@id\":\"https:\/\/holyland.md\/ro\/#organization\"},\"potentialAction\":[{\"@type\":\"SearchAction\",\"target\":{\"@type\":\"EntryPoint\",\"urlTemplate\":\"https:\/\/holyland.md\/ro\/?s={search_term_string}\"},\"query-input\":\"required name=search_term_string\"}],\"inLanguage\":\"ro-RO\"},{\"@type\":\"Organization\",\"@id\":\"https:\/\/holyland.md\/ro\/#organization\",\"name\":\"Holy Land Cosmetics\",\"url\":\"https:\/\/holyland.md\/ro\/\",\"logo\":{\"@type\":\"ImageObject\",\"inLanguage\":\"ro-RO\",\"@id\":\"https:\/\/holyland.md\/ro\/#\/schema\/logo\/image\/\",\"url\":\"https:\/\/holyland.md\/wp-content\/uploads\/2020\/03\/hl-always-active.png\",\"contentUrl\":\"https:\/\/holyland.md\/wp-content\/uploads\/2020\/03\/hl-always-active.png\",\"width\":1437,\"height\":892,\"caption\":\"Holy Land Cosmetics\"},\"image\":{\"@id\":\"https:\/\/holyland.md\/ro\/#\/schema\/logo\/image\/\"}}]}<\/script>\n<!-- \/ Yoast SEO plugin. -->","yoast_head_json":{"title":"ACNOX Daily Balancing Pads | Holy Land Cosmetics","robots":{"index":"index","follow":"follow","max-snippet":"max-snippet:-1","max-image-preview":"max-image-preview:large","max-video-preview":"max-video-preview:-1"},"canonical":"https:\/\/holyland.md\/ro\/product\/acnox-daily-balancing-pads\/","og_locale":"ro_RO","og_type":"article","og_title":"ACNOX Daily Balancing Pads | Holy Land Cosmetics","og_description":"ACNOX Daily Balancing Pads  60 \u0219erve\u021bele","og_url":"https:\/\/holyland.md\/ro\/product\/acnox-daily-balancing-pads\/","og_site_name":"Holy Land Cosmetics","article_modified_time":"2026-03-24T10:49:20+00:00","twitter_card":"summary_large_image","twitter_misc":{"Timp estimat pentru citire":"2 minute"},"schema":{"@context":"https:\/\/schema.org","@graph":[{"@type":"WebPage","@id":"https:\/\/holyland.md\/ro\/product\/acnox-daily-balancing-pads\/","url":"https:\/\/holyland.md\/ro\/product\/acnox-daily-balancing-pads\/","name":"ACNOX Daily Balancing Pads | Holy Land Cosmetics","isPartOf":{"@id":"https:\/\/holyland.md\/ro\/#website"},"datePublished":"2021-06-04T12:22:23+00:00","dateModified":"2026-03-24T10:49:20+00:00","breadcrumb":{"@id":"https:\/\/holyland.md\/ro\/product\/acnox-daily-balancing-pads\/#breadcrumb"},"inLanguage":"ro-RO","potentialAction":[{"@type":"ReadAction","target":["https:\/\/holyland.md\/ro\/product\/acnox-daily-balancing-pads\/"]}]},{"@type":"BreadcrumbList","@id":"https:\/\/holyland.md\/ro\/product\/acnox-daily-balancing-pads\/#breadcrumb","itemListElement":[{"@type":"ListItem","position":1,"name":"\u0413\u043b\u0430\u0432\u043d\u0430\u044f \u0441\u0442\u0440\u0430\u043d\u0438\u0446\u0430","item":"https:\/\/holyland.md\/ro\/"},{"@type":"ListItem","position":2,"name":"Catalog produse HolyLand","item":"https:\/\/holyland.md\/ro\/catalog\/"},{"@type":"ListItem","position":3,"name":"ACNOX Daily Balancing Pads"}]},{"@type":"WebSite","@id":"https:\/\/holyland.md\/ro\/#website","url":"https:\/\/holyland.md\/ro\/","name":"Holy Land Cosmetics","description":"","publisher":{"@id":"https:\/\/holyland.md\/ro\/#organization"},"potentialAction":[{"@type":"SearchAction","target":{"@type":"EntryPoint","urlTemplate":"https:\/\/holyland.md\/ro\/?s={search_term_string}"},"query-input":"required name=search_term_string"}],"inLanguage":"ro-RO"},{"@type":"Organization","@id":"https:\/\/holyland.md\/ro\/#organization","name":"Holy Land Cosmetics","url":"https:\/\/holyland.md\/ro\/","logo":{"@type":"ImageObject","inLanguage":"ro-RO","@id":"https:\/\/holyland.md\/ro\/#\/schema\/logo\/image\/","url":"https:\/\/holyland.md\/wp-content\/uploads\/2020\/03\/hl-always-active.png","contentUrl":"https:\/\/holyland.md\/wp-content\/uploads\/2020\/03\/hl-always-active.png","width":1437,"height":892,"caption":"Holy Land Cosmetics"},"image":{"@id":"https:\/\/holyland.md\/ro\/#\/schema\/logo\/image\/"}}]}},"_links":{"self":[{"href":"https:\/\/holyland.md\/ro\/wp-json\/wp\/v2\/product\/4081"}],"collection":[{"href":"https:\/\/holyland.md\/ro\/wp-json\/wp\/v2\/product"}],"about":[{"href":"https:\/\/holyland.md\/ro\/wp-json\/wp\/v2\/types\/product"}],"wp:attachment":[{"href":"https:\/\/holyland.md\/ro\/wp-json\/wp\/v2\/media?parent=4081"}],"wp:term":[{"taxonomy":"product_cat","embeddable":true,"href":"https:\/\/holyland.md\/ro\/wp-json\/wp\/v2\/product_cat?post=4081"},{"taxonomy":"product_tag","embeddable":true,"href":"https:\/\/holyland.md\/ro\/wp-json\/wp\/v2\/product_tag?post=4081"}],"curies":[{"name":"wp","href":"https:\/\/api.w.org\/{rel}","templated":true}]}}