{"id":4084,"date":"2021-06-04T15:20:25","date_gmt":"2021-06-04T12:20:25","guid":{"rendered":"https:\/\/holyland.md\/product\/b-first-anti-age-gel-soap\/"},"modified":"2026-03-23T12:59:50","modified_gmt":"2026-03-23T09:59:50","slug":"b-first-anti-age-gel-soap","status":"publish","type":"product","link":"https:\/\/holyland.md\/ro\/product\/b-first-anti-age-gel-soap\/","title":{"rendered":"B FIRST ANTI-AGE GEL SOAP"},"content":{"rendered":"<p><strong>Produs de purificare<\/strong><\/p>\n<p>Gel spumant pentru purificare delicat\u0103.<\/p>\n<p><strong>Principii active:<\/strong><\/p>\n<p>Sorbitol, Urea, Extract de Armurarul \u015fi mu\u015fe\u0163el, carnozina, vitamina E, bisabolol<\/p>\n<p><strong>Mod de folosire:<\/strong><\/p>\n<p>O cantitate mic\u0103 de gel aplica\u0163i cu m\u00e2inile umede pe pielea umed\u0103, masa\u0163i circular \u015fi cl\u0103ti\u0163i cu cantitate suficient\u0103 de ap\u0103.<\/p>\n<p>Utiliza\u021bi strict \u00een scopul prev\u0103zut \u0219i \u00een conformitate cu modul aplic\u0103rii. Nu \u00eenghi\u021bi\u021bi. Evita\u021bi contactul cu ochii, \u00een caz de contact, cl\u0103ti\u021bi bine cu ap\u0103. Nu l\u0103sa\u0163i la \u00eendem\u00e2na copiilor. Nu folosi\u021bi \u00een caz de sensibilitate la ingrediente.<\/p>\n","protected":false},"excerpt":{"rendered":"<p>Volum: 250 ml<\/p>\n","protected":false},"featured_media":4077,"template":"","meta":[],"product_cat":[96],"product_tag":[],"class_list":{"0":"post-4084","1":"product","2":"type-product","3":"status-publish","4":"has-post-thumbnail","6":"product_cat-b-first-hl","8":"first","9":"instock","10":"shipping-taxable","11":"purchasable","12":"product-type-simple"},"yoast_head":"<!-- This site is optimized with the Yoast SEO plugin v23.3 - https:\/\/yoast.com\/wordpress\/plugins\/seo\/ -->\n<title>B FIRST ANTI-AGE GEL SOAP | Holy Land Cosmetics<\/title>\n<meta name=\"robots\" content=\"index, follow, max-snippet:-1, max-image-preview:large, max-video-preview:-1\" \/>\n<link rel=\"canonical\" href=\"https:\/\/holyland.md\/ro\/product\/b-first-anti-age-gel-soap\/\" \/>\n<meta property=\"og:locale\" content=\"ro_RO\" \/>\n<meta property=\"og:type\" content=\"article\" \/>\n<meta property=\"og:title\" content=\"B FIRST ANTI-AGE GEL SOAP | Holy Land Cosmetics\" \/>\n<meta property=\"og:description\" content=\"Volum: 250 ml\" \/>\n<meta property=\"og:url\" content=\"https:\/\/holyland.md\/ro\/product\/b-first-anti-age-gel-soap\/\" \/>\n<meta property=\"og:site_name\" content=\"Holy Land Cosmetics\" \/>\n<meta property=\"article:modified_time\" content=\"2026-03-23T09:59:50+00:00\" \/>\n<meta property=\"og:image\" content=\"https:\/\/holyland.md\/wp-content\/uploads\/2021\/06\/BFIRST-GEL-SOAP.jpg\" \/>\n\t<meta property=\"og:image:width\" content=\"1000\" \/>\n\t<meta property=\"og:image:height\" content=\"1000\" \/>\n\t<meta property=\"og:image:type\" content=\"image\/jpeg\" \/>\n<meta name=\"twitter:card\" content=\"summary_large_image\" \/>\n<meta name=\"twitter:label1\" content=\"Timp estimat pentru citire\" \/>\n\t<meta name=\"twitter:data1\" content=\"1 minut\" \/>\n<script type=\"application\/ld+json\" class=\"yoast-schema-graph\">{\"@context\":\"https:\/\/schema.org\",\"@graph\":[{\"@type\":\"WebPage\",\"@id\":\"https:\/\/holyland.md\/ro\/product\/b-first-anti-age-gel-soap\/\",\"url\":\"https:\/\/holyland.md\/ro\/product\/b-first-anti-age-gel-soap\/\",\"name\":\"B FIRST ANTI-AGE GEL SOAP | Holy Land Cosmetics\",\"isPartOf\":{\"@id\":\"https:\/\/holyland.md\/ro\/#website\"},\"primaryImageOfPage\":{\"@id\":\"https:\/\/holyland.md\/ro\/product\/b-first-anti-age-gel-soap\/#primaryimage\"},\"image\":{\"@id\":\"https:\/\/holyland.md\/ro\/product\/b-first-anti-age-gel-soap\/#primaryimage\"},\"thumbnailUrl\":\"https:\/\/holyland.md\/wp-content\/uploads\/2021\/06\/BFIRST-GEL-SOAP.jpg\",\"datePublished\":\"2021-06-04T12:20:25+00:00\",\"dateModified\":\"2026-03-23T09:59:50+00:00\",\"breadcrumb\":{\"@id\":\"https:\/\/holyland.md\/ro\/product\/b-first-anti-age-gel-soap\/#breadcrumb\"},\"inLanguage\":\"ro-RO\",\"potentialAction\":[{\"@type\":\"ReadAction\",\"target\":[\"https:\/\/holyland.md\/ro\/product\/b-first-anti-age-gel-soap\/\"]}]},{\"@type\":\"ImageObject\",\"inLanguage\":\"ro-RO\",\"@id\":\"https:\/\/holyland.md\/ro\/product\/b-first-anti-age-gel-soap\/#primaryimage\",\"url\":\"https:\/\/holyland.md\/wp-content\/uploads\/2021\/06\/BFIRST-GEL-SOAP.jpg\",\"contentUrl\":\"https:\/\/holyland.md\/wp-content\/uploads\/2021\/06\/BFIRST-GEL-SOAP.jpg\",\"width\":1000,\"height\":1000,\"caption\":\"BFIRST-GEL-SOAP\"},{\"@type\":\"BreadcrumbList\",\"@id\":\"https:\/\/holyland.md\/ro\/product\/b-first-anti-age-gel-soap\/#breadcrumb\",\"itemListElement\":[{\"@type\":\"ListItem\",\"position\":1,\"name\":\"\u0413\u043b\u0430\u0432\u043d\u0430\u044f \u0441\u0442\u0440\u0430\u043d\u0438\u0446\u0430\",\"item\":\"https:\/\/holyland.md\/ro\/\"},{\"@type\":\"ListItem\",\"position\":2,\"name\":\"Catalog produse HolyLand\",\"item\":\"https:\/\/holyland.md\/ro\/catalog\/\"},{\"@type\":\"ListItem\",\"position\":3,\"name\":\"B FIRST ANTI-AGE GEL SOAP\"}]},{\"@type\":\"WebSite\",\"@id\":\"https:\/\/holyland.md\/ro\/#website\",\"url\":\"https:\/\/holyland.md\/ro\/\",\"name\":\"Holy Land Cosmetics\",\"description\":\"\",\"publisher\":{\"@id\":\"https:\/\/holyland.md\/ro\/#organization\"},\"potentialAction\":[{\"@type\":\"SearchAction\",\"target\":{\"@type\":\"EntryPoint\",\"urlTemplate\":\"https:\/\/holyland.md\/ro\/?s={search_term_string}\"},\"query-input\":\"required name=search_term_string\"}],\"inLanguage\":\"ro-RO\"},{\"@type\":\"Organization\",\"@id\":\"https:\/\/holyland.md\/ro\/#organization\",\"name\":\"Holy Land Cosmetics\",\"url\":\"https:\/\/holyland.md\/ro\/\",\"logo\":{\"@type\":\"ImageObject\",\"inLanguage\":\"ro-RO\",\"@id\":\"https:\/\/holyland.md\/ro\/#\/schema\/logo\/image\/\",\"url\":\"https:\/\/holyland.md\/wp-content\/uploads\/2020\/03\/hl-always-active.png\",\"contentUrl\":\"https:\/\/holyland.md\/wp-content\/uploads\/2020\/03\/hl-always-active.png\",\"width\":1437,\"height\":892,\"caption\":\"Holy Land Cosmetics\"},\"image\":{\"@id\":\"https:\/\/holyland.md\/ro\/#\/schema\/logo\/image\/\"}}]}<\/script>\n<!-- \/ Yoast SEO plugin. -->","yoast_head_json":{"title":"B FIRST ANTI-AGE GEL SOAP | Holy Land Cosmetics","robots":{"index":"index","follow":"follow","max-snippet":"max-snippet:-1","max-image-preview":"max-image-preview:large","max-video-preview":"max-video-preview:-1"},"canonical":"https:\/\/holyland.md\/ro\/product\/b-first-anti-age-gel-soap\/","og_locale":"ro_RO","og_type":"article","og_title":"B FIRST ANTI-AGE GEL SOAP | Holy Land Cosmetics","og_description":"Volum: 250 ml","og_url":"https:\/\/holyland.md\/ro\/product\/b-first-anti-age-gel-soap\/","og_site_name":"Holy Land Cosmetics","article_modified_time":"2026-03-23T09:59:50+00:00","og_image":[{"width":1000,"height":1000,"url":"https:\/\/holyland.md\/wp-content\/uploads\/2021\/06\/BFIRST-GEL-SOAP.jpg","type":"image\/jpeg"}],"twitter_card":"summary_large_image","twitter_misc":{"Timp estimat pentru citire":"1 minut"},"schema":{"@context":"https:\/\/schema.org","@graph":[{"@type":"WebPage","@id":"https:\/\/holyland.md\/ro\/product\/b-first-anti-age-gel-soap\/","url":"https:\/\/holyland.md\/ro\/product\/b-first-anti-age-gel-soap\/","name":"B FIRST ANTI-AGE GEL SOAP | Holy Land Cosmetics","isPartOf":{"@id":"https:\/\/holyland.md\/ro\/#website"},"primaryImageOfPage":{"@id":"https:\/\/holyland.md\/ro\/product\/b-first-anti-age-gel-soap\/#primaryimage"},"image":{"@id":"https:\/\/holyland.md\/ro\/product\/b-first-anti-age-gel-soap\/#primaryimage"},"thumbnailUrl":"https:\/\/holyland.md\/wp-content\/uploads\/2021\/06\/BFIRST-GEL-SOAP.jpg","datePublished":"2021-06-04T12:20:25+00:00","dateModified":"2026-03-23T09:59:50+00:00","breadcrumb":{"@id":"https:\/\/holyland.md\/ro\/product\/b-first-anti-age-gel-soap\/#breadcrumb"},"inLanguage":"ro-RO","potentialAction":[{"@type":"ReadAction","target":["https:\/\/holyland.md\/ro\/product\/b-first-anti-age-gel-soap\/"]}]},{"@type":"ImageObject","inLanguage":"ro-RO","@id":"https:\/\/holyland.md\/ro\/product\/b-first-anti-age-gel-soap\/#primaryimage","url":"https:\/\/holyland.md\/wp-content\/uploads\/2021\/06\/BFIRST-GEL-SOAP.jpg","contentUrl":"https:\/\/holyland.md\/wp-content\/uploads\/2021\/06\/BFIRST-GEL-SOAP.jpg","width":1000,"height":1000,"caption":"BFIRST-GEL-SOAP"},{"@type":"BreadcrumbList","@id":"https:\/\/holyland.md\/ro\/product\/b-first-anti-age-gel-soap\/#breadcrumb","itemListElement":[{"@type":"ListItem","position":1,"name":"\u0413\u043b\u0430\u0432\u043d\u0430\u044f \u0441\u0442\u0440\u0430\u043d\u0438\u0446\u0430","item":"https:\/\/holyland.md\/ro\/"},{"@type":"ListItem","position":2,"name":"Catalog produse HolyLand","item":"https:\/\/holyland.md\/ro\/catalog\/"},{"@type":"ListItem","position":3,"name":"B FIRST ANTI-AGE GEL SOAP"}]},{"@type":"WebSite","@id":"https:\/\/holyland.md\/ro\/#website","url":"https:\/\/holyland.md\/ro\/","name":"Holy Land Cosmetics","description":"","publisher":{"@id":"https:\/\/holyland.md\/ro\/#organization"},"potentialAction":[{"@type":"SearchAction","target":{"@type":"EntryPoint","urlTemplate":"https:\/\/holyland.md\/ro\/?s={search_term_string}"},"query-input":"required name=search_term_string"}],"inLanguage":"ro-RO"},{"@type":"Organization","@id":"https:\/\/holyland.md\/ro\/#organization","name":"Holy Land Cosmetics","url":"https:\/\/holyland.md\/ro\/","logo":{"@type":"ImageObject","inLanguage":"ro-RO","@id":"https:\/\/holyland.md\/ro\/#\/schema\/logo\/image\/","url":"https:\/\/holyland.md\/wp-content\/uploads\/2020\/03\/hl-always-active.png","contentUrl":"https:\/\/holyland.md\/wp-content\/uploads\/2020\/03\/hl-always-active.png","width":1437,"height":892,"caption":"Holy Land Cosmetics"},"image":{"@id":"https:\/\/holyland.md\/ro\/#\/schema\/logo\/image\/"}}]}},"_links":{"self":[{"href":"https:\/\/holyland.md\/ro\/wp-json\/wp\/v2\/product\/4084"}],"collection":[{"href":"https:\/\/holyland.md\/ro\/wp-json\/wp\/v2\/product"}],"about":[{"href":"https:\/\/holyland.md\/ro\/wp-json\/wp\/v2\/types\/product"}],"wp:featuredmedia":[{"embeddable":true,"href":"https:\/\/holyland.md\/ro\/wp-json\/wp\/v2\/media\/4077"}],"wp:attachment":[{"href":"https:\/\/holyland.md\/ro\/wp-json\/wp\/v2\/media?parent=4084"}],"wp:term":[{"taxonomy":"product_cat","embeddable":true,"href":"https:\/\/holyland.md\/ro\/wp-json\/wp\/v2\/product_cat?post=4084"},{"taxonomy":"product_tag","embeddable":true,"href":"https:\/\/holyland.md\/ro\/wp-json\/wp\/v2\/product_tag?post=4084"}],"curies":[{"name":"wp","href":"https:\/\/api.w.org\/{rel}","templated":true}]}}