{"id":4086,"date":"2021-06-04T15:35:06","date_gmt":"2021-06-04T12:35:06","guid":{"rendered":"https:\/\/holyland.md\/product\/sunbrella-demi-make-up-spf-50\/"},"modified":"2026-03-24T13:49:04","modified_gmt":"2026-03-24T10:49:04","slug":"sunbrella-demi-make-up-spf-50","status":"publish","type":"product","link":"https:\/\/holyland.md\/ro\/product\/sunbrella-demi-make-up-spf-50\/","title":{"rendered":"SUNBRELLA DEMI MAKE-UP SPF 50+"},"content":{"rendered":"<p>Crem\u0103 de protec\u021bie solar\u0103.<\/p>\n<p>O crem\u0103 protectoare de o textur\u0103 non-gras\u0103 cu efect de machiaj. Asigur\u0103 o protec\u021bie de un spectru larg, at\u00e2t contra razelor UVB c\u00e2t \u0219i UVA. Repede intr\u0103 \u00een piele, l\u0103s\u00e2nd-o neted\u0103 \u0219i pl\u0103cut\u0103 la atingere.<\/p>\n<p><strong>Mod de aplicare:<\/strong><\/p>\n<p><strong>Principii active:<\/strong><\/p>\n<p>Etilhexilmetoxicinamat, benzofenon\u0103-3, dioxid de titan, oxid de zinc, squalen, acetat de tocoferol.<\/p>\n<p>Aplica\u021bi \u00eenainte de expunere la soare \u0219i aplica\u021bi din nou frecvent pentru a men\u021bine protec\u021bia, mai ales dup\u0103 transpira\u021bie, \u00eenot sau \u0219tergere cu un prosop. Se recomand\u0103 de aplicat \u00eentr-un strat gros \u0219i uniform pe toate p\u0103r\u021bi ale corpului expuse la soare. Pentru o protec\u021bie maxim\u0103 a pielii de razele solare produsul trebuie aplicat frecvent. P\u0103stra\u021bi bebelu\u0219ii \u0219i copiii mici \u00een afara razelor solare directe. Nu utiliza\u021bi produsul pentru copii cu v\u00e2rsta sub 6 luni, cu excep\u021bia cazului \u00een care a\u021bi consultat un medic. Nu sta\u021bi prea mult la soare, chiar \u0219i \u00een timp ce utiliza\u021bi produsul de protec\u021bie solar\u0103. Doar pentru uz extern. \u00cen caz de ro\u0219ea\u021b\u0103 sau m\u00e2nc\u0103rime, opri\u021bi utilizarea acestui produs. Nu aplica\u021bi pe pielea deteriorat\u0103 sau inflamat\u0103. Evita\u021bi depozitarea \u00een interior cu temperaturi extreme, de exemplu \u00eentr-un vehicul.<br \/>\nCon\u021bine Benzophenone-3.<\/p>\n","protected":false},"excerpt":{"rendered":"","protected":false},"featured_media":0,"template":"","meta":[],"product_cat":[121],"product_tag":[],"class_list":{"0":"post-4086","1":"product","2":"type-product","3":"status-publish","5":"product_cat-sunbrella-hl","7":"first","8":"outofstock","9":"shipping-taxable","10":"purchasable","11":"product-type-variable","12":"has-default-attributes"},"yoast_head":"<!-- This site is optimized with the Yoast SEO plugin v23.3 - https:\/\/yoast.com\/wordpress\/plugins\/seo\/ -->\n<title>SUNBRELLA DEMI MAKE-UP SPF 50+ | Holy Land Cosmetics<\/title>\n<meta name=\"robots\" content=\"index, follow, max-snippet:-1, max-image-preview:large, max-video-preview:-1\" \/>\n<link rel=\"canonical\" href=\"https:\/\/holyland.md\/ro\/product\/sunbrella-demi-make-up-spf-50\/\" \/>\n<meta property=\"og:locale\" content=\"ro_RO\" \/>\n<meta property=\"og:type\" content=\"article\" \/>\n<meta property=\"og:title\" content=\"SUNBRELLA DEMI MAKE-UP SPF 50+ | Holy Land Cosmetics\" \/>\n<meta property=\"og:url\" content=\"https:\/\/holyland.md\/ro\/product\/sunbrella-demi-make-up-spf-50\/\" \/>\n<meta property=\"og:site_name\" content=\"Holy Land Cosmetics\" \/>\n<meta property=\"article:modified_time\" content=\"2026-03-24T10:49:04+00:00\" \/>\n<meta name=\"twitter:card\" content=\"summary_large_image\" \/>\n<meta name=\"twitter:label1\" content=\"Timp estimat pentru citire\" \/>\n\t<meta name=\"twitter:data1\" content=\"2 minute\" \/>\n<script type=\"application\/ld+json\" class=\"yoast-schema-graph\">{\"@context\":\"https:\/\/schema.org\",\"@graph\":[{\"@type\":\"WebPage\",\"@id\":\"https:\/\/holyland.md\/ro\/product\/sunbrella-demi-make-up-spf-50\/\",\"url\":\"https:\/\/holyland.md\/ro\/product\/sunbrella-demi-make-up-spf-50\/\",\"name\":\"SUNBRELLA DEMI MAKE-UP SPF 50+ | Holy Land Cosmetics\",\"isPartOf\":{\"@id\":\"https:\/\/holyland.md\/ro\/#website\"},\"datePublished\":\"2021-06-04T12:35:06+00:00\",\"dateModified\":\"2026-03-24T10:49:04+00:00\",\"breadcrumb\":{\"@id\":\"https:\/\/holyland.md\/ro\/product\/sunbrella-demi-make-up-spf-50\/#breadcrumb\"},\"inLanguage\":\"ro-RO\",\"potentialAction\":[{\"@type\":\"ReadAction\",\"target\":[\"https:\/\/holyland.md\/ro\/product\/sunbrella-demi-make-up-spf-50\/\"]}]},{\"@type\":\"BreadcrumbList\",\"@id\":\"https:\/\/holyland.md\/ro\/product\/sunbrella-demi-make-up-spf-50\/#breadcrumb\",\"itemListElement\":[{\"@type\":\"ListItem\",\"position\":1,\"name\":\"\u0413\u043b\u0430\u0432\u043d\u0430\u044f \u0441\u0442\u0440\u0430\u043d\u0438\u0446\u0430\",\"item\":\"https:\/\/holyland.md\/ro\/\"},{\"@type\":\"ListItem\",\"position\":2,\"name\":\"Catalog produse HolyLand\",\"item\":\"https:\/\/holyland.md\/ro\/catalog\/\"},{\"@type\":\"ListItem\",\"position\":3,\"name\":\"SUNBRELLA DEMI MAKE-UP SPF 50+\"}]},{\"@type\":\"WebSite\",\"@id\":\"https:\/\/holyland.md\/ro\/#website\",\"url\":\"https:\/\/holyland.md\/ro\/\",\"name\":\"Holy Land Cosmetics\",\"description\":\"\",\"publisher\":{\"@id\":\"https:\/\/holyland.md\/ro\/#organization\"},\"potentialAction\":[{\"@type\":\"SearchAction\",\"target\":{\"@type\":\"EntryPoint\",\"urlTemplate\":\"https:\/\/holyland.md\/ro\/?s={search_term_string}\"},\"query-input\":\"required name=search_term_string\"}],\"inLanguage\":\"ro-RO\"},{\"@type\":\"Organization\",\"@id\":\"https:\/\/holyland.md\/ro\/#organization\",\"name\":\"Holy Land Cosmetics\",\"url\":\"https:\/\/holyland.md\/ro\/\",\"logo\":{\"@type\":\"ImageObject\",\"inLanguage\":\"ro-RO\",\"@id\":\"https:\/\/holyland.md\/ro\/#\/schema\/logo\/image\/\",\"url\":\"https:\/\/holyland.md\/wp-content\/uploads\/2020\/03\/hl-always-active.png\",\"contentUrl\":\"https:\/\/holyland.md\/wp-content\/uploads\/2020\/03\/hl-always-active.png\",\"width\":1437,\"height\":892,\"caption\":\"Holy Land Cosmetics\"},\"image\":{\"@id\":\"https:\/\/holyland.md\/ro\/#\/schema\/logo\/image\/\"}}]}<\/script>\n<!-- \/ Yoast SEO plugin. -->","yoast_head_json":{"title":"SUNBRELLA DEMI MAKE-UP SPF 50+ | Holy Land Cosmetics","robots":{"index":"index","follow":"follow","max-snippet":"max-snippet:-1","max-image-preview":"max-image-preview:large","max-video-preview":"max-video-preview:-1"},"canonical":"https:\/\/holyland.md\/ro\/product\/sunbrella-demi-make-up-spf-50\/","og_locale":"ro_RO","og_type":"article","og_title":"SUNBRELLA DEMI MAKE-UP SPF 50+ | Holy Land Cosmetics","og_url":"https:\/\/holyland.md\/ro\/product\/sunbrella-demi-make-up-spf-50\/","og_site_name":"Holy Land Cosmetics","article_modified_time":"2026-03-24T10:49:04+00:00","twitter_card":"summary_large_image","twitter_misc":{"Timp estimat pentru citire":"2 minute"},"schema":{"@context":"https:\/\/schema.org","@graph":[{"@type":"WebPage","@id":"https:\/\/holyland.md\/ro\/product\/sunbrella-demi-make-up-spf-50\/","url":"https:\/\/holyland.md\/ro\/product\/sunbrella-demi-make-up-spf-50\/","name":"SUNBRELLA DEMI MAKE-UP SPF 50+ | Holy Land Cosmetics","isPartOf":{"@id":"https:\/\/holyland.md\/ro\/#website"},"datePublished":"2021-06-04T12:35:06+00:00","dateModified":"2026-03-24T10:49:04+00:00","breadcrumb":{"@id":"https:\/\/holyland.md\/ro\/product\/sunbrella-demi-make-up-spf-50\/#breadcrumb"},"inLanguage":"ro-RO","potentialAction":[{"@type":"ReadAction","target":["https:\/\/holyland.md\/ro\/product\/sunbrella-demi-make-up-spf-50\/"]}]},{"@type":"BreadcrumbList","@id":"https:\/\/holyland.md\/ro\/product\/sunbrella-demi-make-up-spf-50\/#breadcrumb","itemListElement":[{"@type":"ListItem","position":1,"name":"\u0413\u043b\u0430\u0432\u043d\u0430\u044f \u0441\u0442\u0440\u0430\u043d\u0438\u0446\u0430","item":"https:\/\/holyland.md\/ro\/"},{"@type":"ListItem","position":2,"name":"Catalog produse HolyLand","item":"https:\/\/holyland.md\/ro\/catalog\/"},{"@type":"ListItem","position":3,"name":"SUNBRELLA DEMI MAKE-UP SPF 50+"}]},{"@type":"WebSite","@id":"https:\/\/holyland.md\/ro\/#website","url":"https:\/\/holyland.md\/ro\/","name":"Holy Land Cosmetics","description":"","publisher":{"@id":"https:\/\/holyland.md\/ro\/#organization"},"potentialAction":[{"@type":"SearchAction","target":{"@type":"EntryPoint","urlTemplate":"https:\/\/holyland.md\/ro\/?s={search_term_string}"},"query-input":"required name=search_term_string"}],"inLanguage":"ro-RO"},{"@type":"Organization","@id":"https:\/\/holyland.md\/ro\/#organization","name":"Holy Land Cosmetics","url":"https:\/\/holyland.md\/ro\/","logo":{"@type":"ImageObject","inLanguage":"ro-RO","@id":"https:\/\/holyland.md\/ro\/#\/schema\/logo\/image\/","url":"https:\/\/holyland.md\/wp-content\/uploads\/2020\/03\/hl-always-active.png","contentUrl":"https:\/\/holyland.md\/wp-content\/uploads\/2020\/03\/hl-always-active.png","width":1437,"height":892,"caption":"Holy Land Cosmetics"},"image":{"@id":"https:\/\/holyland.md\/ro\/#\/schema\/logo\/image\/"}}]}},"_links":{"self":[{"href":"https:\/\/holyland.md\/ro\/wp-json\/wp\/v2\/product\/4086"}],"collection":[{"href":"https:\/\/holyland.md\/ro\/wp-json\/wp\/v2\/product"}],"about":[{"href":"https:\/\/holyland.md\/ro\/wp-json\/wp\/v2\/types\/product"}],"wp:attachment":[{"href":"https:\/\/holyland.md\/ro\/wp-json\/wp\/v2\/media?parent=4086"}],"wp:term":[{"taxonomy":"product_cat","embeddable":true,"href":"https:\/\/holyland.md\/ro\/wp-json\/wp\/v2\/product_cat?post=4086"},{"taxonomy":"product_tag","embeddable":true,"href":"https:\/\/holyland.md\/ro\/wp-json\/wp\/v2\/product_tag?post=4086"}],"curies":[{"name":"wp","href":"https:\/\/api.w.org\/{rel}","templated":true}]}}