{"id":4092,"date":"2021-06-04T15:53:47","date_gmt":"2021-06-04T12:53:47","guid":{"rendered":"https:\/\/holyland.md\/product\/b-first-anti-age-cream\/"},"modified":"2026-03-23T12:59:12","modified_gmt":"2026-03-23T09:59:12","slug":"b-first-anti-age-cream","status":"publish","type":"product","link":"https:\/\/holyland.md\/ro\/product\/b-first-anti-age-cream\/","title":{"rendered":"B FIRST ANTI-AGE CREAM"},"content":{"rendered":"<p><strong>Crem\u0103<\/strong><\/p>\n<p>Crema pentru prevenirea modific\u0103rilor legate de v\u00e2rst\u0103. \u00cembog\u0103\u021bit cu antioxidan\u021bi, extracte de plante medicinale, componente hidratante \u0219i emoliente.<\/p>\n<p><strong>Principii active:<\/strong><\/p>\n<p>sorbitol, elastina \u0219i colagen hidrolizat, carnosin\u0103, vitamina E, extract de ciulinul laptelui, glicin\u0103, lecitin\u0103.<\/p>\n<p><strong>Mod de folosire:<\/strong><\/p>\n<p>Se aplic\u0103 pe pielea curat\u0103, se maseaz\u0103 u\u0219or cu mi\u0219c\u0103ri de penetrare.<\/p>\n<p>Utiliza\u021bi strict \u00een scopul prev\u0103zut \u0219i \u00een conformitate cu modul aplic\u0103rii. Nu \u00eenghi\u021bi\u021bi. Evita\u021bi contactul cu ochii, \u00een caz de contact, cl\u0103ti\u021bi bine cu ap\u0103. Nu l\u0103sa\u0163i la \u00eendem\u00e2na copiilor. Nu folosi\u021bi \u00een caz de sensibilitate la ingrediente.<\/p>\n","protected":false},"excerpt":{"rendered":"<p>Volum: 50 mml<\/p>\n","protected":false},"featured_media":4091,"template":"","meta":[],"product_cat":[96],"product_tag":[],"class_list":{"0":"post-4092","1":"product","2":"type-product","3":"status-publish","4":"has-post-thumbnail","6":"product_cat-b-first-hl","8":"first","9":"instock","10":"shipping-taxable","11":"purchasable","12":"product-type-simple"},"yoast_head":"<!-- This site is optimized with the Yoast SEO plugin v23.3 - https:\/\/yoast.com\/wordpress\/plugins\/seo\/ -->\n<title>B FIRST ANTI-AGE CREAM | Holy Land Cosmetics<\/title>\n<meta name=\"robots\" content=\"index, follow, max-snippet:-1, max-image-preview:large, max-video-preview:-1\" \/>\n<link rel=\"canonical\" href=\"https:\/\/holyland.md\/ro\/product\/b-first-anti-age-cream\/\" \/>\n<meta property=\"og:locale\" content=\"ro_RO\" \/>\n<meta property=\"og:type\" content=\"article\" \/>\n<meta property=\"og:title\" content=\"B FIRST ANTI-AGE CREAM | Holy Land Cosmetics\" \/>\n<meta property=\"og:description\" content=\"Volum: 50 mml\" \/>\n<meta property=\"og:url\" content=\"https:\/\/holyland.md\/ro\/product\/b-first-anti-age-cream\/\" \/>\n<meta property=\"og:site_name\" content=\"Holy Land Cosmetics\" \/>\n<meta property=\"article:modified_time\" content=\"2026-03-23T09:59:12+00:00\" \/>\n<meta property=\"og:image\" content=\"https:\/\/holyland.md\/wp-content\/uploads\/2021\/06\/BFIRST-CREAM.jpg\" \/>\n\t<meta property=\"og:image:width\" content=\"1000\" \/>\n\t<meta property=\"og:image:height\" content=\"1000\" \/>\n\t<meta property=\"og:image:type\" content=\"image\/jpeg\" \/>\n<meta name=\"twitter:card\" content=\"summary_large_image\" \/>\n<meta name=\"twitter:label1\" content=\"Timp estimat pentru citire\" \/>\n\t<meta name=\"twitter:data1\" content=\"1 minut\" \/>\n<script type=\"application\/ld+json\" class=\"yoast-schema-graph\">{\"@context\":\"https:\/\/schema.org\",\"@graph\":[{\"@type\":\"WebPage\",\"@id\":\"https:\/\/holyland.md\/ro\/product\/b-first-anti-age-cream\/\",\"url\":\"https:\/\/holyland.md\/ro\/product\/b-first-anti-age-cream\/\",\"name\":\"B FIRST ANTI-AGE CREAM | Holy Land Cosmetics\",\"isPartOf\":{\"@id\":\"https:\/\/holyland.md\/ro\/#website\"},\"primaryImageOfPage\":{\"@id\":\"https:\/\/holyland.md\/ro\/product\/b-first-anti-age-cream\/#primaryimage\"},\"image\":{\"@id\":\"https:\/\/holyland.md\/ro\/product\/b-first-anti-age-cream\/#primaryimage\"},\"thumbnailUrl\":\"https:\/\/holyland.md\/wp-content\/uploads\/2021\/06\/BFIRST-CREAM.jpg\",\"datePublished\":\"2021-06-04T12:53:47+00:00\",\"dateModified\":\"2026-03-23T09:59:12+00:00\",\"breadcrumb\":{\"@id\":\"https:\/\/holyland.md\/ro\/product\/b-first-anti-age-cream\/#breadcrumb\"},\"inLanguage\":\"ro-RO\",\"potentialAction\":[{\"@type\":\"ReadAction\",\"target\":[\"https:\/\/holyland.md\/ro\/product\/b-first-anti-age-cream\/\"]}]},{\"@type\":\"ImageObject\",\"inLanguage\":\"ro-RO\",\"@id\":\"https:\/\/holyland.md\/ro\/product\/b-first-anti-age-cream\/#primaryimage\",\"url\":\"https:\/\/holyland.md\/wp-content\/uploads\/2021\/06\/BFIRST-CREAM.jpg\",\"contentUrl\":\"https:\/\/holyland.md\/wp-content\/uploads\/2021\/06\/BFIRST-CREAM.jpg\",\"width\":1000,\"height\":1000,\"caption\":\"BFIRST-CREAM\"},{\"@type\":\"BreadcrumbList\",\"@id\":\"https:\/\/holyland.md\/ro\/product\/b-first-anti-age-cream\/#breadcrumb\",\"itemListElement\":[{\"@type\":\"ListItem\",\"position\":1,\"name\":\"\u0413\u043b\u0430\u0432\u043d\u0430\u044f \u0441\u0442\u0440\u0430\u043d\u0438\u0446\u0430\",\"item\":\"https:\/\/holyland.md\/ro\/\"},{\"@type\":\"ListItem\",\"position\":2,\"name\":\"Catalog produse HolyLand\",\"item\":\"https:\/\/holyland.md\/ro\/catalog\/\"},{\"@type\":\"ListItem\",\"position\":3,\"name\":\"B FIRST ANTI-AGE CREAM\"}]},{\"@type\":\"WebSite\",\"@id\":\"https:\/\/holyland.md\/ro\/#website\",\"url\":\"https:\/\/holyland.md\/ro\/\",\"name\":\"Holy Land Cosmetics\",\"description\":\"\",\"publisher\":{\"@id\":\"https:\/\/holyland.md\/ro\/#organization\"},\"potentialAction\":[{\"@type\":\"SearchAction\",\"target\":{\"@type\":\"EntryPoint\",\"urlTemplate\":\"https:\/\/holyland.md\/ro\/?s={search_term_string}\"},\"query-input\":\"required name=search_term_string\"}],\"inLanguage\":\"ro-RO\"},{\"@type\":\"Organization\",\"@id\":\"https:\/\/holyland.md\/ro\/#organization\",\"name\":\"Holy Land Cosmetics\",\"url\":\"https:\/\/holyland.md\/ro\/\",\"logo\":{\"@type\":\"ImageObject\",\"inLanguage\":\"ro-RO\",\"@id\":\"https:\/\/holyland.md\/ro\/#\/schema\/logo\/image\/\",\"url\":\"https:\/\/holyland.md\/wp-content\/uploads\/2020\/03\/hl-always-active.png\",\"contentUrl\":\"https:\/\/holyland.md\/wp-content\/uploads\/2020\/03\/hl-always-active.png\",\"width\":1437,\"height\":892,\"caption\":\"Holy Land Cosmetics\"},\"image\":{\"@id\":\"https:\/\/holyland.md\/ro\/#\/schema\/logo\/image\/\"}}]}<\/script>\n<!-- \/ Yoast SEO plugin. -->","yoast_head_json":{"title":"B FIRST ANTI-AGE CREAM | Holy Land Cosmetics","robots":{"index":"index","follow":"follow","max-snippet":"max-snippet:-1","max-image-preview":"max-image-preview:large","max-video-preview":"max-video-preview:-1"},"canonical":"https:\/\/holyland.md\/ro\/product\/b-first-anti-age-cream\/","og_locale":"ro_RO","og_type":"article","og_title":"B FIRST ANTI-AGE CREAM | Holy Land Cosmetics","og_description":"Volum: 50 mml","og_url":"https:\/\/holyland.md\/ro\/product\/b-first-anti-age-cream\/","og_site_name":"Holy Land Cosmetics","article_modified_time":"2026-03-23T09:59:12+00:00","og_image":[{"width":1000,"height":1000,"url":"https:\/\/holyland.md\/wp-content\/uploads\/2021\/06\/BFIRST-CREAM.jpg","type":"image\/jpeg"}],"twitter_card":"summary_large_image","twitter_misc":{"Timp estimat pentru citire":"1 minut"},"schema":{"@context":"https:\/\/schema.org","@graph":[{"@type":"WebPage","@id":"https:\/\/holyland.md\/ro\/product\/b-first-anti-age-cream\/","url":"https:\/\/holyland.md\/ro\/product\/b-first-anti-age-cream\/","name":"B FIRST ANTI-AGE CREAM | Holy Land Cosmetics","isPartOf":{"@id":"https:\/\/holyland.md\/ro\/#website"},"primaryImageOfPage":{"@id":"https:\/\/holyland.md\/ro\/product\/b-first-anti-age-cream\/#primaryimage"},"image":{"@id":"https:\/\/holyland.md\/ro\/product\/b-first-anti-age-cream\/#primaryimage"},"thumbnailUrl":"https:\/\/holyland.md\/wp-content\/uploads\/2021\/06\/BFIRST-CREAM.jpg","datePublished":"2021-06-04T12:53:47+00:00","dateModified":"2026-03-23T09:59:12+00:00","breadcrumb":{"@id":"https:\/\/holyland.md\/ro\/product\/b-first-anti-age-cream\/#breadcrumb"},"inLanguage":"ro-RO","potentialAction":[{"@type":"ReadAction","target":["https:\/\/holyland.md\/ro\/product\/b-first-anti-age-cream\/"]}]},{"@type":"ImageObject","inLanguage":"ro-RO","@id":"https:\/\/holyland.md\/ro\/product\/b-first-anti-age-cream\/#primaryimage","url":"https:\/\/holyland.md\/wp-content\/uploads\/2021\/06\/BFIRST-CREAM.jpg","contentUrl":"https:\/\/holyland.md\/wp-content\/uploads\/2021\/06\/BFIRST-CREAM.jpg","width":1000,"height":1000,"caption":"BFIRST-CREAM"},{"@type":"BreadcrumbList","@id":"https:\/\/holyland.md\/ro\/product\/b-first-anti-age-cream\/#breadcrumb","itemListElement":[{"@type":"ListItem","position":1,"name":"\u0413\u043b\u0430\u0432\u043d\u0430\u044f \u0441\u0442\u0440\u0430\u043d\u0438\u0446\u0430","item":"https:\/\/holyland.md\/ro\/"},{"@type":"ListItem","position":2,"name":"Catalog produse HolyLand","item":"https:\/\/holyland.md\/ro\/catalog\/"},{"@type":"ListItem","position":3,"name":"B FIRST ANTI-AGE CREAM"}]},{"@type":"WebSite","@id":"https:\/\/holyland.md\/ro\/#website","url":"https:\/\/holyland.md\/ro\/","name":"Holy Land Cosmetics","description":"","publisher":{"@id":"https:\/\/holyland.md\/ro\/#organization"},"potentialAction":[{"@type":"SearchAction","target":{"@type":"EntryPoint","urlTemplate":"https:\/\/holyland.md\/ro\/?s={search_term_string}"},"query-input":"required name=search_term_string"}],"inLanguage":"ro-RO"},{"@type":"Organization","@id":"https:\/\/holyland.md\/ro\/#organization","name":"Holy Land Cosmetics","url":"https:\/\/holyland.md\/ro\/","logo":{"@type":"ImageObject","inLanguage":"ro-RO","@id":"https:\/\/holyland.md\/ro\/#\/schema\/logo\/image\/","url":"https:\/\/holyland.md\/wp-content\/uploads\/2020\/03\/hl-always-active.png","contentUrl":"https:\/\/holyland.md\/wp-content\/uploads\/2020\/03\/hl-always-active.png","width":1437,"height":892,"caption":"Holy Land Cosmetics"},"image":{"@id":"https:\/\/holyland.md\/ro\/#\/schema\/logo\/image\/"}}]}},"_links":{"self":[{"href":"https:\/\/holyland.md\/ro\/wp-json\/wp\/v2\/product\/4092"}],"collection":[{"href":"https:\/\/holyland.md\/ro\/wp-json\/wp\/v2\/product"}],"about":[{"href":"https:\/\/holyland.md\/ro\/wp-json\/wp\/v2\/types\/product"}],"wp:featuredmedia":[{"embeddable":true,"href":"https:\/\/holyland.md\/ro\/wp-json\/wp\/v2\/media\/4091"}],"wp:attachment":[{"href":"https:\/\/holyland.md\/ro\/wp-json\/wp\/v2\/media?parent=4092"}],"wp:term":[{"taxonomy":"product_cat","embeddable":true,"href":"https:\/\/holyland.md\/ro\/wp-json\/wp\/v2\/product_cat?post=4092"},{"taxonomy":"product_tag","embeddable":true,"href":"https:\/\/holyland.md\/ro\/wp-json\/wp\/v2\/product_tag?post=4092"}],"curies":[{"name":"wp","href":"https:\/\/api.w.org\/{rel}","templated":true}]}}