{"id":4121,"date":"2021-06-07T09:38:48","date_gmt":"2021-06-07T06:38:48","guid":{"rendered":"https:\/\/holyland.md\/product\/rejuvenation-renewal-massage-booster\/"},"modified":"2026-03-24T13:47:01","modified_gmt":"2026-03-24T10:47:01","slug":"rejuvenation-renewal-massage-booster","status":"publish","type":"product","link":"https:\/\/holyland.md\/ro\/product\/rejuvenation-renewal-massage-booster\/","title":{"rendered":"REJUVENATION RENEWAL MASSAGE BOOSTER"},"content":{"rendered":"<p>Produs unic de o textur\u0103 uleioas\u0103, spore\u0219te procesul de regenerare a celulelor, \u00eembun\u0103t\u0103\u021be\u0219te factura \u0219i red\u0103 un aspect neted, s\u0103n\u0103tos \u0219i radiant.<\/p>\n<p><strong>Principii active:<\/strong><\/p>\n<p>ulei de migdale, acidul ellagic, extract din semin\u021be de struguri, ulei din germeni de gr\u00e2u.<\/p>\n<p><strong>Beneficii:<\/strong><\/p>\n<ul>\n<li>Cre\u0219te flexibilitatea pielii<\/li>\n<li>Stimuleaz\u0103 circuitul sangvin<\/li>\n<li>\u00cent\u0103re\u0219te pielea<\/li>\n<\/ul>\n<p><strong>Mod de utilizare:<\/strong><\/p>\n<p> Etap\u0103 de masaj a tratamentului Rejuvenation Body Therapy. Se aplic\u0103 50 ml pe piele \u0219i se maseaz\u0103 timp de 15 minute. Pentru un efect \u0219i mai bun folosi\u021bi roller stimulator. Se las\u0103 pe piele.<\/p>\n","protected":false},"excerpt":{"rendered":"","protected":false},"featured_media":0,"template":"","meta":[],"product_cat":[99,127],"product_tag":[],"class_list":{"0":"post-4121","1":"product","2":"type-product","3":"status-publish","5":"product_cat-body-therapy-hl","6":"product_cat-pentru-corp","8":"first","9":"outofstock","10":"shipping-taxable","11":"purchasable","12":"product-type-simple"},"yoast_head":"<!-- This site is optimized with the Yoast SEO plugin v23.3 - https:\/\/yoast.com\/wordpress\/plugins\/seo\/ -->\n<title>REJUVENATION RENEWAL MASSAGE BOOSTER | Holy Land Cosmetics<\/title>\n<meta name=\"robots\" content=\"index, follow, max-snippet:-1, max-image-preview:large, max-video-preview:-1\" \/>\n<link rel=\"canonical\" href=\"https:\/\/holyland.md\/ro\/product\/rejuvenation-renewal-massage-booster\/\" \/>\n<meta property=\"og:locale\" content=\"ro_RO\" \/>\n<meta property=\"og:type\" content=\"article\" \/>\n<meta property=\"og:title\" content=\"REJUVENATION RENEWAL MASSAGE BOOSTER | Holy Land Cosmetics\" \/>\n<meta property=\"og:url\" content=\"https:\/\/holyland.md\/ro\/product\/rejuvenation-renewal-massage-booster\/\" \/>\n<meta property=\"og:site_name\" content=\"Holy Land Cosmetics\" \/>\n<meta property=\"article:modified_time\" content=\"2026-03-24T10:47:01+00:00\" \/>\n<meta name=\"twitter:card\" content=\"summary_large_image\" \/>\n<meta name=\"twitter:label1\" content=\"Timp estimat pentru citire\" \/>\n\t<meta name=\"twitter:data1\" content=\"1 minut\" \/>\n<script type=\"application\/ld+json\" class=\"yoast-schema-graph\">{\"@context\":\"https:\/\/schema.org\",\"@graph\":[{\"@type\":\"WebPage\",\"@id\":\"https:\/\/holyland.md\/ro\/product\/rejuvenation-renewal-massage-booster\/\",\"url\":\"https:\/\/holyland.md\/ro\/product\/rejuvenation-renewal-massage-booster\/\",\"name\":\"REJUVENATION RENEWAL MASSAGE BOOSTER | Holy Land Cosmetics\",\"isPartOf\":{\"@id\":\"https:\/\/holyland.md\/ro\/#website\"},\"datePublished\":\"2021-06-07T06:38:48+00:00\",\"dateModified\":\"2026-03-24T10:47:01+00:00\",\"breadcrumb\":{\"@id\":\"https:\/\/holyland.md\/ro\/product\/rejuvenation-renewal-massage-booster\/#breadcrumb\"},\"inLanguage\":\"ro-RO\",\"potentialAction\":[{\"@type\":\"ReadAction\",\"target\":[\"https:\/\/holyland.md\/ro\/product\/rejuvenation-renewal-massage-booster\/\"]}]},{\"@type\":\"BreadcrumbList\",\"@id\":\"https:\/\/holyland.md\/ro\/product\/rejuvenation-renewal-massage-booster\/#breadcrumb\",\"itemListElement\":[{\"@type\":\"ListItem\",\"position\":1,\"name\":\"\u0413\u043b\u0430\u0432\u043d\u0430\u044f \u0441\u0442\u0440\u0430\u043d\u0438\u0446\u0430\",\"item\":\"https:\/\/holyland.md\/ro\/\"},{\"@type\":\"ListItem\",\"position\":2,\"name\":\"Catalog produse HolyLand\",\"item\":\"https:\/\/holyland.md\/ro\/catalog\/\"},{\"@type\":\"ListItem\",\"position\":3,\"name\":\"REJUVENATION RENEWAL MASSAGE BOOSTER\"}]},{\"@type\":\"WebSite\",\"@id\":\"https:\/\/holyland.md\/ro\/#website\",\"url\":\"https:\/\/holyland.md\/ro\/\",\"name\":\"Holy Land Cosmetics\",\"description\":\"\",\"publisher\":{\"@id\":\"https:\/\/holyland.md\/ro\/#organization\"},\"potentialAction\":[{\"@type\":\"SearchAction\",\"target\":{\"@type\":\"EntryPoint\",\"urlTemplate\":\"https:\/\/holyland.md\/ro\/?s={search_term_string}\"},\"query-input\":\"required name=search_term_string\"}],\"inLanguage\":\"ro-RO\"},{\"@type\":\"Organization\",\"@id\":\"https:\/\/holyland.md\/ro\/#organization\",\"name\":\"Holy Land Cosmetics\",\"url\":\"https:\/\/holyland.md\/ro\/\",\"logo\":{\"@type\":\"ImageObject\",\"inLanguage\":\"ro-RO\",\"@id\":\"https:\/\/holyland.md\/ro\/#\/schema\/logo\/image\/\",\"url\":\"https:\/\/holyland.md\/wp-content\/uploads\/2020\/03\/hl-always-active.png\",\"contentUrl\":\"https:\/\/holyland.md\/wp-content\/uploads\/2020\/03\/hl-always-active.png\",\"width\":1437,\"height\":892,\"caption\":\"Holy Land Cosmetics\"},\"image\":{\"@id\":\"https:\/\/holyland.md\/ro\/#\/schema\/logo\/image\/\"}}]}<\/script>\n<!-- \/ Yoast SEO plugin. -->","yoast_head_json":{"title":"REJUVENATION RENEWAL MASSAGE BOOSTER | Holy Land Cosmetics","robots":{"index":"index","follow":"follow","max-snippet":"max-snippet:-1","max-image-preview":"max-image-preview:large","max-video-preview":"max-video-preview:-1"},"canonical":"https:\/\/holyland.md\/ro\/product\/rejuvenation-renewal-massage-booster\/","og_locale":"ro_RO","og_type":"article","og_title":"REJUVENATION RENEWAL MASSAGE BOOSTER | Holy Land Cosmetics","og_url":"https:\/\/holyland.md\/ro\/product\/rejuvenation-renewal-massage-booster\/","og_site_name":"Holy Land Cosmetics","article_modified_time":"2026-03-24T10:47:01+00:00","twitter_card":"summary_large_image","twitter_misc":{"Timp estimat pentru citire":"1 minut"},"schema":{"@context":"https:\/\/schema.org","@graph":[{"@type":"WebPage","@id":"https:\/\/holyland.md\/ro\/product\/rejuvenation-renewal-massage-booster\/","url":"https:\/\/holyland.md\/ro\/product\/rejuvenation-renewal-massage-booster\/","name":"REJUVENATION RENEWAL MASSAGE BOOSTER | Holy Land Cosmetics","isPartOf":{"@id":"https:\/\/holyland.md\/ro\/#website"},"datePublished":"2021-06-07T06:38:48+00:00","dateModified":"2026-03-24T10:47:01+00:00","breadcrumb":{"@id":"https:\/\/holyland.md\/ro\/product\/rejuvenation-renewal-massage-booster\/#breadcrumb"},"inLanguage":"ro-RO","potentialAction":[{"@type":"ReadAction","target":["https:\/\/holyland.md\/ro\/product\/rejuvenation-renewal-massage-booster\/"]}]},{"@type":"BreadcrumbList","@id":"https:\/\/holyland.md\/ro\/product\/rejuvenation-renewal-massage-booster\/#breadcrumb","itemListElement":[{"@type":"ListItem","position":1,"name":"\u0413\u043b\u0430\u0432\u043d\u0430\u044f \u0441\u0442\u0440\u0430\u043d\u0438\u0446\u0430","item":"https:\/\/holyland.md\/ro\/"},{"@type":"ListItem","position":2,"name":"Catalog produse HolyLand","item":"https:\/\/holyland.md\/ro\/catalog\/"},{"@type":"ListItem","position":3,"name":"REJUVENATION RENEWAL MASSAGE BOOSTER"}]},{"@type":"WebSite","@id":"https:\/\/holyland.md\/ro\/#website","url":"https:\/\/holyland.md\/ro\/","name":"Holy Land Cosmetics","description":"","publisher":{"@id":"https:\/\/holyland.md\/ro\/#organization"},"potentialAction":[{"@type":"SearchAction","target":{"@type":"EntryPoint","urlTemplate":"https:\/\/holyland.md\/ro\/?s={search_term_string}"},"query-input":"required name=search_term_string"}],"inLanguage":"ro-RO"},{"@type":"Organization","@id":"https:\/\/holyland.md\/ro\/#organization","name":"Holy Land Cosmetics","url":"https:\/\/holyland.md\/ro\/","logo":{"@type":"ImageObject","inLanguage":"ro-RO","@id":"https:\/\/holyland.md\/ro\/#\/schema\/logo\/image\/","url":"https:\/\/holyland.md\/wp-content\/uploads\/2020\/03\/hl-always-active.png","contentUrl":"https:\/\/holyland.md\/wp-content\/uploads\/2020\/03\/hl-always-active.png","width":1437,"height":892,"caption":"Holy Land Cosmetics"},"image":{"@id":"https:\/\/holyland.md\/ro\/#\/schema\/logo\/image\/"}}]}},"_links":{"self":[{"href":"https:\/\/holyland.md\/ro\/wp-json\/wp\/v2\/product\/4121"}],"collection":[{"href":"https:\/\/holyland.md\/ro\/wp-json\/wp\/v2\/product"}],"about":[{"href":"https:\/\/holyland.md\/ro\/wp-json\/wp\/v2\/types\/product"}],"wp:attachment":[{"href":"https:\/\/holyland.md\/ro\/wp-json\/wp\/v2\/media?parent=4121"}],"wp:term":[{"taxonomy":"product_cat","embeddable":true,"href":"https:\/\/holyland.md\/ro\/wp-json\/wp\/v2\/product_cat?post=4121"},{"taxonomy":"product_tag","embeddable":true,"href":"https:\/\/holyland.md\/ro\/wp-json\/wp\/v2\/product_tag?post=4121"}],"curies":[{"name":"wp","href":"https:\/\/api.w.org\/{rel}","templated":true}]}}