{"id":4149,"date":"2021-06-07T10:53:58","date_gmt":"2021-06-07T07:53:58","guid":{"rendered":"https:\/\/holyland.md\/product\/abr-complex-serum\/"},"modified":"2026-03-24T13:46:50","modified_gmt":"2026-03-24T10:46:50","slug":"abr-complex-serum","status":"publish","type":"product","link":"https:\/\/holyland.md\/ro\/product\/abr-complex-serum\/","title":{"rendered":"ABR COMPLEX SERUM"},"content":{"rendered":"<p>Un serum puternic bazat pe combina\u021bia de alfa-beta-hidroxi acizi, retinol \u0219i alte ingrediente active. Accelereaz\u0103 semnificativ regenerarea pielii, \u00eembun\u0103t\u0103\u021be\u0219te circula\u021bia sangvin\u0103 \u0219i metabolismul intercelular, promoveaz\u0103 sinteza colagenului \u0219i elastinei, care sunt esen\u021biale pentru men\u021binerea structurii \u0219i func\u021bionarea corect\u0103 a pielii. Gelul con\u021bine alfa \u0219i beta hidroxi acizi, vitamina C \u0219i extract de ceai verde \u00een concentra\u021bii active. Retinolul este depozitat \u00een milicapsule. Capsula protejeaz\u0103 retinolul de oxidare \u0219i expunerea direct\u0103 la lumin\u0103.<br \/>\nMillicapsulele prezint\u0103 un rezervor pentru retinol p\u00e2n\u0103 la momentul aplic\u0103rii pe piele, astfel \u00eenc\u00e2t, la fiecare aplicare, pielea prime\u0219te concentra\u021bia sa complet\u0103.<\/p>\n<p><strong>Principii active:<\/strong><\/p>\n<p>Alfa hidroxi acizi (AHA), beta hidroxi acizi (BHA), retinol, vitamina C, extract de ceai verde.<\/p>\n<p><strong>Mod de aplicare:<\/strong><\/p>\n<p>Serul se aplic\u0103 pe pielea curat\u0103 a fe\u021bei, se maseaz\u0103 u\u0219or \u0219i se las\u0103 s\u0103 se absoarb\u0103. Utiliza\u021bi nu mai des dec\u00e2t de 3 ori pe s\u0103pt\u0103m\u00e2n\u0103 sau conform recomand\u0103rilor specialistului Dvs.<\/p>\n","protected":false},"excerpt":{"rendered":"<p>Volum: 30 ml<\/p>\n","protected":false},"featured_media":4148,"template":"","meta":[],"product_cat":[91],"product_tag":[],"class_list":{"0":"post-4149","1":"product","2":"type-product","3":"status-publish","4":"has-post-thumbnail","6":"product_cat-alpha-beta-hl","8":"first","9":"instock","10":"shipping-taxable","11":"purchasable","12":"product-type-simple"},"yoast_head":"<!-- This site is optimized with the Yoast SEO plugin v23.3 - https:\/\/yoast.com\/wordpress\/plugins\/seo\/ -->\n<title>ABR COMPLEX SERUM | Holy Land Cosmetics<\/title>\n<meta name=\"robots\" content=\"index, follow, max-snippet:-1, max-image-preview:large, max-video-preview:-1\" \/>\n<link rel=\"canonical\" href=\"https:\/\/holyland.md\/ro\/product\/abr-complex-serum\/\" \/>\n<meta property=\"og:locale\" content=\"ro_RO\" \/>\n<meta property=\"og:type\" content=\"article\" \/>\n<meta property=\"og:title\" content=\"ABR COMPLEX SERUM | Holy Land Cosmetics\" \/>\n<meta property=\"og:description\" content=\"Volum: 30 ml\" \/>\n<meta property=\"og:url\" content=\"https:\/\/holyland.md\/ro\/product\/abr-complex-serum\/\" \/>\n<meta property=\"og:site_name\" content=\"Holy Land Cosmetics\" \/>\n<meta property=\"article:modified_time\" content=\"2026-03-24T10:46:50+00:00\" \/>\n<meta property=\"og:image\" content=\"https:\/\/holyland.md\/wp-content\/uploads\/2021\/06\/ABR-RESTORING-SERUM-2.jpg\" \/>\n\t<meta property=\"og:image:width\" content=\"1000\" \/>\n\t<meta property=\"og:image:height\" content=\"1000\" \/>\n\t<meta property=\"og:image:type\" content=\"image\/jpeg\" \/>\n<meta name=\"twitter:card\" content=\"summary_large_image\" \/>\n<meta name=\"twitter:label1\" content=\"Timp estimat pentru citire\" \/>\n\t<meta name=\"twitter:data1\" content=\"1 minut\" \/>\n<script type=\"application\/ld+json\" class=\"yoast-schema-graph\">{\"@context\":\"https:\/\/schema.org\",\"@graph\":[{\"@type\":\"WebPage\",\"@id\":\"https:\/\/holyland.md\/ro\/product\/abr-complex-serum\/\",\"url\":\"https:\/\/holyland.md\/ro\/product\/abr-complex-serum\/\",\"name\":\"ABR COMPLEX SERUM | Holy Land Cosmetics\",\"isPartOf\":{\"@id\":\"https:\/\/holyland.md\/ro\/#website\"},\"primaryImageOfPage\":{\"@id\":\"https:\/\/holyland.md\/ro\/product\/abr-complex-serum\/#primaryimage\"},\"image\":{\"@id\":\"https:\/\/holyland.md\/ro\/product\/abr-complex-serum\/#primaryimage\"},\"thumbnailUrl\":\"https:\/\/holyland.md\/wp-content\/uploads\/2021\/06\/ABR-RESTORING-SERUM-2.jpg\",\"datePublished\":\"2021-06-07T07:53:58+00:00\",\"dateModified\":\"2026-03-24T10:46:50+00:00\",\"breadcrumb\":{\"@id\":\"https:\/\/holyland.md\/ro\/product\/abr-complex-serum\/#breadcrumb\"},\"inLanguage\":\"ro-RO\",\"potentialAction\":[{\"@type\":\"ReadAction\",\"target\":[\"https:\/\/holyland.md\/ro\/product\/abr-complex-serum\/\"]}]},{\"@type\":\"ImageObject\",\"inLanguage\":\"ro-RO\",\"@id\":\"https:\/\/holyland.md\/ro\/product\/abr-complex-serum\/#primaryimage\",\"url\":\"https:\/\/holyland.md\/wp-content\/uploads\/2021\/06\/ABR-RESTORING-SERUM-2.jpg\",\"contentUrl\":\"https:\/\/holyland.md\/wp-content\/uploads\/2021\/06\/ABR-RESTORING-SERUM-2.jpg\",\"width\":1000,\"height\":1000,\"caption\":\"ABR-COMPLEX-SERUM\"},{\"@type\":\"BreadcrumbList\",\"@id\":\"https:\/\/holyland.md\/ro\/product\/abr-complex-serum\/#breadcrumb\",\"itemListElement\":[{\"@type\":\"ListItem\",\"position\":1,\"name\":\"\u0413\u043b\u0430\u0432\u043d\u0430\u044f \u0441\u0442\u0440\u0430\u043d\u0438\u0446\u0430\",\"item\":\"https:\/\/holyland.md\/ro\/\"},{\"@type\":\"ListItem\",\"position\":2,\"name\":\"Catalog produse HolyLand\",\"item\":\"https:\/\/holyland.md\/ro\/catalog\/\"},{\"@type\":\"ListItem\",\"position\":3,\"name\":\"ABR COMPLEX SERUM\"}]},{\"@type\":\"WebSite\",\"@id\":\"https:\/\/holyland.md\/ro\/#website\",\"url\":\"https:\/\/holyland.md\/ro\/\",\"name\":\"Holy Land Cosmetics\",\"description\":\"\",\"publisher\":{\"@id\":\"https:\/\/holyland.md\/ro\/#organization\"},\"potentialAction\":[{\"@type\":\"SearchAction\",\"target\":{\"@type\":\"EntryPoint\",\"urlTemplate\":\"https:\/\/holyland.md\/ro\/?s={search_term_string}\"},\"query-input\":\"required name=search_term_string\"}],\"inLanguage\":\"ro-RO\"},{\"@type\":\"Organization\",\"@id\":\"https:\/\/holyland.md\/ro\/#organization\",\"name\":\"Holy Land Cosmetics\",\"url\":\"https:\/\/holyland.md\/ro\/\",\"logo\":{\"@type\":\"ImageObject\",\"inLanguage\":\"ro-RO\",\"@id\":\"https:\/\/holyland.md\/ro\/#\/schema\/logo\/image\/\",\"url\":\"https:\/\/holyland.md\/wp-content\/uploads\/2020\/03\/hl-always-active.png\",\"contentUrl\":\"https:\/\/holyland.md\/wp-content\/uploads\/2020\/03\/hl-always-active.png\",\"width\":1437,\"height\":892,\"caption\":\"Holy Land Cosmetics\"},\"image\":{\"@id\":\"https:\/\/holyland.md\/ro\/#\/schema\/logo\/image\/\"}}]}<\/script>\n<!-- \/ Yoast SEO plugin. -->","yoast_head_json":{"title":"ABR COMPLEX SERUM | Holy Land Cosmetics","robots":{"index":"index","follow":"follow","max-snippet":"max-snippet:-1","max-image-preview":"max-image-preview:large","max-video-preview":"max-video-preview:-1"},"canonical":"https:\/\/holyland.md\/ro\/product\/abr-complex-serum\/","og_locale":"ro_RO","og_type":"article","og_title":"ABR COMPLEX SERUM | Holy Land Cosmetics","og_description":"Volum: 30 ml","og_url":"https:\/\/holyland.md\/ro\/product\/abr-complex-serum\/","og_site_name":"Holy Land Cosmetics","article_modified_time":"2026-03-24T10:46:50+00:00","og_image":[{"width":1000,"height":1000,"url":"https:\/\/holyland.md\/wp-content\/uploads\/2021\/06\/ABR-RESTORING-SERUM-2.jpg","type":"image\/jpeg"}],"twitter_card":"summary_large_image","twitter_misc":{"Timp estimat pentru citire":"1 minut"},"schema":{"@context":"https:\/\/schema.org","@graph":[{"@type":"WebPage","@id":"https:\/\/holyland.md\/ro\/product\/abr-complex-serum\/","url":"https:\/\/holyland.md\/ro\/product\/abr-complex-serum\/","name":"ABR COMPLEX SERUM | Holy Land Cosmetics","isPartOf":{"@id":"https:\/\/holyland.md\/ro\/#website"},"primaryImageOfPage":{"@id":"https:\/\/holyland.md\/ro\/product\/abr-complex-serum\/#primaryimage"},"image":{"@id":"https:\/\/holyland.md\/ro\/product\/abr-complex-serum\/#primaryimage"},"thumbnailUrl":"https:\/\/holyland.md\/wp-content\/uploads\/2021\/06\/ABR-RESTORING-SERUM-2.jpg","datePublished":"2021-06-07T07:53:58+00:00","dateModified":"2026-03-24T10:46:50+00:00","breadcrumb":{"@id":"https:\/\/holyland.md\/ro\/product\/abr-complex-serum\/#breadcrumb"},"inLanguage":"ro-RO","potentialAction":[{"@type":"ReadAction","target":["https:\/\/holyland.md\/ro\/product\/abr-complex-serum\/"]}]},{"@type":"ImageObject","inLanguage":"ro-RO","@id":"https:\/\/holyland.md\/ro\/product\/abr-complex-serum\/#primaryimage","url":"https:\/\/holyland.md\/wp-content\/uploads\/2021\/06\/ABR-RESTORING-SERUM-2.jpg","contentUrl":"https:\/\/holyland.md\/wp-content\/uploads\/2021\/06\/ABR-RESTORING-SERUM-2.jpg","width":1000,"height":1000,"caption":"ABR-COMPLEX-SERUM"},{"@type":"BreadcrumbList","@id":"https:\/\/holyland.md\/ro\/product\/abr-complex-serum\/#breadcrumb","itemListElement":[{"@type":"ListItem","position":1,"name":"\u0413\u043b\u0430\u0432\u043d\u0430\u044f \u0441\u0442\u0440\u0430\u043d\u0438\u0446\u0430","item":"https:\/\/holyland.md\/ro\/"},{"@type":"ListItem","position":2,"name":"Catalog produse HolyLand","item":"https:\/\/holyland.md\/ro\/catalog\/"},{"@type":"ListItem","position":3,"name":"ABR COMPLEX SERUM"}]},{"@type":"WebSite","@id":"https:\/\/holyland.md\/ro\/#website","url":"https:\/\/holyland.md\/ro\/","name":"Holy Land Cosmetics","description":"","publisher":{"@id":"https:\/\/holyland.md\/ro\/#organization"},"potentialAction":[{"@type":"SearchAction","target":{"@type":"EntryPoint","urlTemplate":"https:\/\/holyland.md\/ro\/?s={search_term_string}"},"query-input":"required name=search_term_string"}],"inLanguage":"ro-RO"},{"@type":"Organization","@id":"https:\/\/holyland.md\/ro\/#organization","name":"Holy Land Cosmetics","url":"https:\/\/holyland.md\/ro\/","logo":{"@type":"ImageObject","inLanguage":"ro-RO","@id":"https:\/\/holyland.md\/ro\/#\/schema\/logo\/image\/","url":"https:\/\/holyland.md\/wp-content\/uploads\/2020\/03\/hl-always-active.png","contentUrl":"https:\/\/holyland.md\/wp-content\/uploads\/2020\/03\/hl-always-active.png","width":1437,"height":892,"caption":"Holy Land Cosmetics"},"image":{"@id":"https:\/\/holyland.md\/ro\/#\/schema\/logo\/image\/"}}]}},"_links":{"self":[{"href":"https:\/\/holyland.md\/ro\/wp-json\/wp\/v2\/product\/4149"}],"collection":[{"href":"https:\/\/holyland.md\/ro\/wp-json\/wp\/v2\/product"}],"about":[{"href":"https:\/\/holyland.md\/ro\/wp-json\/wp\/v2\/types\/product"}],"wp:featuredmedia":[{"embeddable":true,"href":"https:\/\/holyland.md\/ro\/wp-json\/wp\/v2\/media\/4148"}],"wp:attachment":[{"href":"https:\/\/holyland.md\/ro\/wp-json\/wp\/v2\/media?parent=4149"}],"wp:term":[{"taxonomy":"product_cat","embeddable":true,"href":"https:\/\/holyland.md\/ro\/wp-json\/wp\/v2\/product_cat?post=4149"},{"taxonomy":"product_tag","embeddable":true,"href":"https:\/\/holyland.md\/ro\/wp-json\/wp\/v2\/product_tag?post=4149"}],"curies":[{"name":"wp","href":"https:\/\/api.w.org\/{rel}","templated":true}]}}