{"id":8715,"date":"2022-12-17T18:27:35","date_gmt":"2022-12-17T15:27:35","guid":{"rendered":"https:\/\/holyland.md\/product\/cream-for-sensitive-skin\/"},"modified":"2026-03-23T12:56:54","modified_gmt":"2026-03-23T09:56:54","slug":"cream-for-sensitive-skin","status":"publish","type":"product","link":"https:\/\/holyland.md\/ro\/product\/cream-for-sensitive-skin\/","title":{"rendered":"CREAM FOR SENSITIVE SKIN (crem\u0103 pentru piele sensibil\u0103)"},"content":{"rendered":"<p>O nou\u0103 versiune a cremei cu vitamina C, potrivit\u0103 pentru pielea sensibil\u0103.<\/p>\n<p>Aceast\u0103 crem\u0103 f\u0103r\u0103 parfum are o baz\u0103 neutr\u0103 clasic\u0103. \u00cenmoaie \u0219i calmeaz\u0103 pielea, reduce deshidratarea \u0219i promoveaz\u0103 recuperarea \u0219i protec\u021bia \u00eempotriva factorilor de mediu adversi, cum ar fi zilele geroase \u0219i cu v\u00e2nt. Are un parfum u\u0219or, abia perceptibil, care dispare \u00een c\u00e2teva minute de la aplicare. Volumul crescut permite lubrifierea zonelor uscate \u0219i iritate at\u00e2t de pe fa\u021b\u0103, c\u00e2t \u0219i de pe corp.<\/p>\n<p><strong>Ingrediente active:<\/strong><\/p>\n<p>Fosfat de ascorbil de magneziu, acid citric, extract de semin\u021be de Bixa orellana.<\/p>\n<p><strong>Instruc\u021biuni:<\/strong><\/p>\n<p>Aplica\u021bi pe pielea cur\u0103\u021bat\u0103 prin mi\u0219c\u0103ri de tapotare. Utiliza\u021bi o dat\u0103 pe zi sau conform recomand\u0103rilor unui specialist.<\/p>\n","protected":false},"excerpt":{"rendered":"<p>Volum: 70 ml<\/p>\n","protected":false},"featured_media":8713,"template":"","meta":[],"product_cat":[103],"product_tag":[],"class_list":{"0":"post-8715","1":"product","2":"type-product","3":"status-publish","4":"has-post-thumbnail","6":"product_cat-c-the-success-hl","8":"first","9":"instock","10":"shipping-taxable","11":"purchasable","12":"product-type-simple"},"yoast_head":"<!-- This site is optimized with the Yoast SEO plugin v23.3 - https:\/\/yoast.com\/wordpress\/plugins\/seo\/ -->\n<title>CREAM FOR SENSITIVE SKIN (crem\u0103 pentru piele sensibil\u0103) | Holy Land Cosmetics<\/title>\n<meta name=\"robots\" content=\"index, follow, max-snippet:-1, max-image-preview:large, max-video-preview:-1\" \/>\n<link rel=\"canonical\" href=\"https:\/\/holyland.md\/ro\/product\/cream-for-sensitive-skin\/\" \/>\n<meta property=\"og:locale\" content=\"ro_RO\" \/>\n<meta property=\"og:type\" content=\"article\" \/>\n<meta property=\"og:title\" content=\"CREAM FOR SENSITIVE SKIN (crem\u0103 pentru piele sensibil\u0103) | Holy Land Cosmetics\" \/>\n<meta property=\"og:description\" content=\"Volum: 70 ml\" \/>\n<meta property=\"og:url\" content=\"https:\/\/holyland.md\/ro\/product\/cream-for-sensitive-skin\/\" \/>\n<meta property=\"og:site_name\" content=\"Holy Land Cosmetics\" \/>\n<meta property=\"article:modified_time\" content=\"2026-03-23T09:56:54+00:00\" \/>\n<meta property=\"og:image\" content=\"https:\/\/holyland.md\/wp-content\/uploads\/2022\/12\/C_the_SUCCESS_Cream_for_sensitive_skin_70_ml.png\" \/>\n\t<meta property=\"og:image:width\" content=\"550\" \/>\n\t<meta property=\"og:image:height\" content=\"550\" \/>\n\t<meta property=\"og:image:type\" content=\"image\/png\" \/>\n<meta name=\"twitter:card\" content=\"summary_large_image\" \/>\n<meta name=\"twitter:label1\" content=\"Timp estimat pentru citire\" \/>\n\t<meta name=\"twitter:data1\" content=\"1 minut\" \/>\n<script type=\"application\/ld+json\" class=\"yoast-schema-graph\">{\"@context\":\"https:\/\/schema.org\",\"@graph\":[{\"@type\":\"WebPage\",\"@id\":\"https:\/\/holyland.md\/ro\/product\/cream-for-sensitive-skin\/\",\"url\":\"https:\/\/holyland.md\/ro\/product\/cream-for-sensitive-skin\/\",\"name\":\"CREAM FOR SENSITIVE SKIN (crem\u0103 pentru piele sensibil\u0103) | Holy Land Cosmetics\",\"isPartOf\":{\"@id\":\"https:\/\/holyland.md\/ro\/#website\"},\"primaryImageOfPage\":{\"@id\":\"https:\/\/holyland.md\/ro\/product\/cream-for-sensitive-skin\/#primaryimage\"},\"image\":{\"@id\":\"https:\/\/holyland.md\/ro\/product\/cream-for-sensitive-skin\/#primaryimage\"},\"thumbnailUrl\":\"https:\/\/holyland.md\/wp-content\/uploads\/2022\/12\/C_the_SUCCESS_Cream_for_sensitive_skin_70_ml.png\",\"datePublished\":\"2022-12-17T15:27:35+00:00\",\"dateModified\":\"2026-03-23T09:56:54+00:00\",\"breadcrumb\":{\"@id\":\"https:\/\/holyland.md\/ro\/product\/cream-for-sensitive-skin\/#breadcrumb\"},\"inLanguage\":\"ro-RO\",\"potentialAction\":[{\"@type\":\"ReadAction\",\"target\":[\"https:\/\/holyland.md\/ro\/product\/cream-for-sensitive-skin\/\"]}]},{\"@type\":\"ImageObject\",\"inLanguage\":\"ro-RO\",\"@id\":\"https:\/\/holyland.md\/ro\/product\/cream-for-sensitive-skin\/#primaryimage\",\"url\":\"https:\/\/holyland.md\/wp-content\/uploads\/2022\/12\/C_the_SUCCESS_Cream_for_sensitive_skin_70_ml.png\",\"contentUrl\":\"https:\/\/holyland.md\/wp-content\/uploads\/2022\/12\/C_the_SUCCESS_Cream_for_sensitive_skin_70_ml.png\",\"width\":550,\"height\":550},{\"@type\":\"BreadcrumbList\",\"@id\":\"https:\/\/holyland.md\/ro\/product\/cream-for-sensitive-skin\/#breadcrumb\",\"itemListElement\":[{\"@type\":\"ListItem\",\"position\":1,\"name\":\"\u0413\u043b\u0430\u0432\u043d\u0430\u044f \u0441\u0442\u0440\u0430\u043d\u0438\u0446\u0430\",\"item\":\"https:\/\/holyland.md\/ro\/\"},{\"@type\":\"ListItem\",\"position\":2,\"name\":\"Catalog produse HolyLand\",\"item\":\"https:\/\/holyland.md\/ro\/catalog\/\"},{\"@type\":\"ListItem\",\"position\":3,\"name\":\"CREAM FOR SENSITIVE SKIN (crem\u0103 pentru piele sensibil\u0103)\"}]},{\"@type\":\"WebSite\",\"@id\":\"https:\/\/holyland.md\/ro\/#website\",\"url\":\"https:\/\/holyland.md\/ro\/\",\"name\":\"Holy Land Cosmetics\",\"description\":\"\",\"publisher\":{\"@id\":\"https:\/\/holyland.md\/ro\/#organization\"},\"potentialAction\":[{\"@type\":\"SearchAction\",\"target\":{\"@type\":\"EntryPoint\",\"urlTemplate\":\"https:\/\/holyland.md\/ro\/?s={search_term_string}\"},\"query-input\":\"required name=search_term_string\"}],\"inLanguage\":\"ro-RO\"},{\"@type\":\"Organization\",\"@id\":\"https:\/\/holyland.md\/ro\/#organization\",\"name\":\"Holy Land Cosmetics\",\"url\":\"https:\/\/holyland.md\/ro\/\",\"logo\":{\"@type\":\"ImageObject\",\"inLanguage\":\"ro-RO\",\"@id\":\"https:\/\/holyland.md\/ro\/#\/schema\/logo\/image\/\",\"url\":\"https:\/\/holyland.md\/wp-content\/uploads\/2020\/03\/hl-always-active.png\",\"contentUrl\":\"https:\/\/holyland.md\/wp-content\/uploads\/2020\/03\/hl-always-active.png\",\"width\":1437,\"height\":892,\"caption\":\"Holy Land Cosmetics\"},\"image\":{\"@id\":\"https:\/\/holyland.md\/ro\/#\/schema\/logo\/image\/\"}}]}<\/script>\n<!-- \/ Yoast SEO plugin. -->","yoast_head_json":{"title":"CREAM FOR SENSITIVE SKIN (crem\u0103 pentru piele sensibil\u0103) | Holy Land Cosmetics","robots":{"index":"index","follow":"follow","max-snippet":"max-snippet:-1","max-image-preview":"max-image-preview:large","max-video-preview":"max-video-preview:-1"},"canonical":"https:\/\/holyland.md\/ro\/product\/cream-for-sensitive-skin\/","og_locale":"ro_RO","og_type":"article","og_title":"CREAM FOR SENSITIVE SKIN (crem\u0103 pentru piele sensibil\u0103) | Holy Land Cosmetics","og_description":"Volum: 70 ml","og_url":"https:\/\/holyland.md\/ro\/product\/cream-for-sensitive-skin\/","og_site_name":"Holy Land Cosmetics","article_modified_time":"2026-03-23T09:56:54+00:00","og_image":[{"width":550,"height":550,"url":"https:\/\/holyland.md\/wp-content\/uploads\/2022\/12\/C_the_SUCCESS_Cream_for_sensitive_skin_70_ml.png","type":"image\/png"}],"twitter_card":"summary_large_image","twitter_misc":{"Timp estimat pentru citire":"1 minut"},"schema":{"@context":"https:\/\/schema.org","@graph":[{"@type":"WebPage","@id":"https:\/\/holyland.md\/ro\/product\/cream-for-sensitive-skin\/","url":"https:\/\/holyland.md\/ro\/product\/cream-for-sensitive-skin\/","name":"CREAM FOR SENSITIVE SKIN (crem\u0103 pentru piele sensibil\u0103) | Holy Land Cosmetics","isPartOf":{"@id":"https:\/\/holyland.md\/ro\/#website"},"primaryImageOfPage":{"@id":"https:\/\/holyland.md\/ro\/product\/cream-for-sensitive-skin\/#primaryimage"},"image":{"@id":"https:\/\/holyland.md\/ro\/product\/cream-for-sensitive-skin\/#primaryimage"},"thumbnailUrl":"https:\/\/holyland.md\/wp-content\/uploads\/2022\/12\/C_the_SUCCESS_Cream_for_sensitive_skin_70_ml.png","datePublished":"2022-12-17T15:27:35+00:00","dateModified":"2026-03-23T09:56:54+00:00","breadcrumb":{"@id":"https:\/\/holyland.md\/ro\/product\/cream-for-sensitive-skin\/#breadcrumb"},"inLanguage":"ro-RO","potentialAction":[{"@type":"ReadAction","target":["https:\/\/holyland.md\/ro\/product\/cream-for-sensitive-skin\/"]}]},{"@type":"ImageObject","inLanguage":"ro-RO","@id":"https:\/\/holyland.md\/ro\/product\/cream-for-sensitive-skin\/#primaryimage","url":"https:\/\/holyland.md\/wp-content\/uploads\/2022\/12\/C_the_SUCCESS_Cream_for_sensitive_skin_70_ml.png","contentUrl":"https:\/\/holyland.md\/wp-content\/uploads\/2022\/12\/C_the_SUCCESS_Cream_for_sensitive_skin_70_ml.png","width":550,"height":550},{"@type":"BreadcrumbList","@id":"https:\/\/holyland.md\/ro\/product\/cream-for-sensitive-skin\/#breadcrumb","itemListElement":[{"@type":"ListItem","position":1,"name":"\u0413\u043b\u0430\u0432\u043d\u0430\u044f \u0441\u0442\u0440\u0430\u043d\u0438\u0446\u0430","item":"https:\/\/holyland.md\/ro\/"},{"@type":"ListItem","position":2,"name":"Catalog produse HolyLand","item":"https:\/\/holyland.md\/ro\/catalog\/"},{"@type":"ListItem","position":3,"name":"CREAM FOR SENSITIVE SKIN (crem\u0103 pentru piele sensibil\u0103)"}]},{"@type":"WebSite","@id":"https:\/\/holyland.md\/ro\/#website","url":"https:\/\/holyland.md\/ro\/","name":"Holy Land Cosmetics","description":"","publisher":{"@id":"https:\/\/holyland.md\/ro\/#organization"},"potentialAction":[{"@type":"SearchAction","target":{"@type":"EntryPoint","urlTemplate":"https:\/\/holyland.md\/ro\/?s={search_term_string}"},"query-input":"required name=search_term_string"}],"inLanguage":"ro-RO"},{"@type":"Organization","@id":"https:\/\/holyland.md\/ro\/#organization","name":"Holy Land Cosmetics","url":"https:\/\/holyland.md\/ro\/","logo":{"@type":"ImageObject","inLanguage":"ro-RO","@id":"https:\/\/holyland.md\/ro\/#\/schema\/logo\/image\/","url":"https:\/\/holyland.md\/wp-content\/uploads\/2020\/03\/hl-always-active.png","contentUrl":"https:\/\/holyland.md\/wp-content\/uploads\/2020\/03\/hl-always-active.png","width":1437,"height":892,"caption":"Holy Land Cosmetics"},"image":{"@id":"https:\/\/holyland.md\/ro\/#\/schema\/logo\/image\/"}}]}},"_links":{"self":[{"href":"https:\/\/holyland.md\/ro\/wp-json\/wp\/v2\/product\/8715"}],"collection":[{"href":"https:\/\/holyland.md\/ro\/wp-json\/wp\/v2\/product"}],"about":[{"href":"https:\/\/holyland.md\/ro\/wp-json\/wp\/v2\/types\/product"}],"wp:featuredmedia":[{"embeddable":true,"href":"https:\/\/holyland.md\/ro\/wp-json\/wp\/v2\/media\/8713"}],"wp:attachment":[{"href":"https:\/\/holyland.md\/ro\/wp-json\/wp\/v2\/media?parent=8715"}],"wp:term":[{"taxonomy":"product_cat","embeddable":true,"href":"https:\/\/holyland.md\/ro\/wp-json\/wp\/v2\/product_cat?post=8715"},{"taxonomy":"product_tag","embeddable":true,"href":"https:\/\/holyland.md\/ro\/wp-json\/wp\/v2\/product_tag?post=8715"}],"curies":[{"name":"wp","href":"https:\/\/api.w.org\/{rel}","templated":true}]}}