{"id":8759,"date":"2022-12-19T21:25:07","date_gmt":"2022-12-19T18:25:07","guid":{"rendered":"https:\/\/holyland.md\/?post_type=product&#038;p=8759"},"modified":"2026-03-23T12:54:57","modified_gmt":"2026-03-23T09:54:57","slug":"renew-formula-cream-with-azelaic-acid","status":"publish","type":"product","link":"https:\/\/holyland.md\/ro\/product\/renew-formula-cream-with-azelaic-acid\/","title":{"rendered":"RENEW FORMULA CREAM WITH AZELAIC ACID"},"content":{"rendered":"<p>O crem\u0103 activ\u0103 pentru netezirea texturii \u0219i culorii pielii, ajut\u0103 la reducerea comedoanelor \u00eenchise \u0219i poten\u021beaz\u0103 efectul peelingurilor.<\/p>\n<p>Utiliza\u021bi numai conform instruc\u021biunilor unui profesionist din domeniul s\u0103n\u0103t\u0103\u021bii.<\/p>\n<p>La \u00eenceputul utiliz\u0103rii, crema poate provoca arsuri intense \u0219i m\u00e2nc\u0103rimi.<\/p>\n<p><strong>Ingrediente active:<\/strong><\/p>\n<p>Acid azelaic, lactat de sodiu, vitamina E, acid salicilic, retinol, bisabolol<\/p>\n<p><strong>Aplica\u021bie:<\/strong><\/p>\n<p>Consulta\u021bi un specialist \u00eenainte de utilizare. Aplica\u021bi pe pielea curat\u0103.<\/p>\n","protected":false},"excerpt":{"rendered":"<p>Volum: 30 ml<\/p>\n","protected":false},"featured_media":8763,"template":"","meta":[],"product_cat":[102,120],"product_tag":[],"class_list":{"0":"post-8759","1":"product","2":"type-product","3":"status-publish","4":"has-post-thumbnail","6":"product_cat-creams-hl","7":"product_cat-renew-formula-hl","9":"first","10":"instock","11":"shipping-taxable","12":"purchasable","13":"product-type-simple"},"yoast_head":"<!-- This site is optimized with the Yoast SEO plugin v23.3 - https:\/\/yoast.com\/wordpress\/plugins\/seo\/ -->\n<title>RENEW FORMULA SOAP 3 IN 1<\/title>\n<meta name=\"robots\" content=\"index, follow, max-snippet:-1, max-image-preview:large, max-video-preview:-1\" \/>\n<link rel=\"canonical\" href=\"https:\/\/holyland.md\/ro\/product\/renew-formula-cream-with-azelaic-acid\/\" \/>\n<meta property=\"og:locale\" content=\"ro_RO\" \/>\n<meta property=\"og:type\" content=\"article\" \/>\n<meta property=\"og:title\" content=\"RENEW FORMULA SOAP 3 IN 1\" \/>\n<meta property=\"og:description\" content=\"Volum: 30 ml\" \/>\n<meta property=\"og:url\" content=\"https:\/\/holyland.md\/ro\/product\/renew-formula-cream-with-azelaic-acid\/\" \/>\n<meta property=\"og:site_name\" content=\"Holy Land Cosmetics\" \/>\n<meta property=\"article:modified_time\" content=\"2026-03-23T09:54:57+00:00\" \/>\n<meta property=\"og:image\" content=\"https:\/\/holyland.md\/wp-content\/uploads\/2022\/12\/renew-formula-treatment-cream-with-azelaic-acid-30ml.webp\" \/>\n\t<meta property=\"og:image:width\" content=\"600\" \/>\n\t<meta property=\"og:image:height\" content=\"600\" \/>\n\t<meta property=\"og:image:type\" content=\"image\/webp\" \/>\n<meta name=\"twitter:card\" content=\"summary_large_image\" \/>\n<meta name=\"twitter:label1\" content=\"Timp estimat pentru citire\" \/>\n\t<meta name=\"twitter:data1\" content=\"1 minut\" \/>\n<script type=\"application\/ld+json\" class=\"yoast-schema-graph\">{\"@context\":\"https:\/\/schema.org\",\"@graph\":[{\"@type\":\"WebPage\",\"@id\":\"https:\/\/holyland.md\/ro\/product\/renew-formula-cream-with-azelaic-acid\/\",\"url\":\"https:\/\/holyland.md\/ro\/product\/renew-formula-cream-with-azelaic-acid\/\",\"name\":\"RENEW FORMULA SOAP 3 IN 1\",\"isPartOf\":{\"@id\":\"https:\/\/holyland.md\/ro\/#website\"},\"primaryImageOfPage\":{\"@id\":\"https:\/\/holyland.md\/ro\/product\/renew-formula-cream-with-azelaic-acid\/#primaryimage\"},\"image\":{\"@id\":\"https:\/\/holyland.md\/ro\/product\/renew-formula-cream-with-azelaic-acid\/#primaryimage\"},\"thumbnailUrl\":\"https:\/\/holyland.md\/wp-content\/uploads\/2022\/12\/renew-formula-treatment-cream-with-azelaic-acid-30ml.webp\",\"datePublished\":\"2022-12-19T18:25:07+00:00\",\"dateModified\":\"2026-03-23T09:54:57+00:00\",\"breadcrumb\":{\"@id\":\"https:\/\/holyland.md\/ro\/product\/renew-formula-cream-with-azelaic-acid\/#breadcrumb\"},\"inLanguage\":\"ro-RO\",\"potentialAction\":[{\"@type\":\"ReadAction\",\"target\":[\"https:\/\/holyland.md\/ro\/product\/renew-formula-cream-with-azelaic-acid\/\"]}]},{\"@type\":\"ImageObject\",\"inLanguage\":\"ro-RO\",\"@id\":\"https:\/\/holyland.md\/ro\/product\/renew-formula-cream-with-azelaic-acid\/#primaryimage\",\"url\":\"https:\/\/holyland.md\/wp-content\/uploads\/2022\/12\/renew-formula-treatment-cream-with-azelaic-acid-30ml.webp\",\"contentUrl\":\"https:\/\/holyland.md\/wp-content\/uploads\/2022\/12\/renew-formula-treatment-cream-with-azelaic-acid-30ml.webp\",\"width\":600,\"height\":600},{\"@type\":\"BreadcrumbList\",\"@id\":\"https:\/\/holyland.md\/ro\/product\/renew-formula-cream-with-azelaic-acid\/#breadcrumb\",\"itemListElement\":[{\"@type\":\"ListItem\",\"position\":1,\"name\":\"\u0413\u043b\u0430\u0432\u043d\u0430\u044f \u0441\u0442\u0440\u0430\u043d\u0438\u0446\u0430\",\"item\":\"https:\/\/holyland.md\/ro\/\"},{\"@type\":\"ListItem\",\"position\":2,\"name\":\"Catalog produse HolyLand\",\"item\":\"https:\/\/holyland.md\/ro\/catalog\/\"},{\"@type\":\"ListItem\",\"position\":3,\"name\":\"RENEW FORMULA CREAM WITH AZELAIC ACID\"}]},{\"@type\":\"WebSite\",\"@id\":\"https:\/\/holyland.md\/ro\/#website\",\"url\":\"https:\/\/holyland.md\/ro\/\",\"name\":\"Holy Land Cosmetics\",\"description\":\"\",\"publisher\":{\"@id\":\"https:\/\/holyland.md\/ro\/#organization\"},\"potentialAction\":[{\"@type\":\"SearchAction\",\"target\":{\"@type\":\"EntryPoint\",\"urlTemplate\":\"https:\/\/holyland.md\/ro\/?s={search_term_string}\"},\"query-input\":\"required name=search_term_string\"}],\"inLanguage\":\"ro-RO\"},{\"@type\":\"Organization\",\"@id\":\"https:\/\/holyland.md\/ro\/#organization\",\"name\":\"Holy Land Cosmetics\",\"url\":\"https:\/\/holyland.md\/ro\/\",\"logo\":{\"@type\":\"ImageObject\",\"inLanguage\":\"ro-RO\",\"@id\":\"https:\/\/holyland.md\/ro\/#\/schema\/logo\/image\/\",\"url\":\"https:\/\/holyland.md\/wp-content\/uploads\/2020\/03\/hl-always-active.png\",\"contentUrl\":\"https:\/\/holyland.md\/wp-content\/uploads\/2020\/03\/hl-always-active.png\",\"width\":1437,\"height\":892,\"caption\":\"Holy Land Cosmetics\"},\"image\":{\"@id\":\"https:\/\/holyland.md\/ro\/#\/schema\/logo\/image\/\"}}]}<\/script>\n<!-- \/ Yoast SEO plugin. -->","yoast_head_json":{"title":"RENEW FORMULA SOAP 3 IN 1","robots":{"index":"index","follow":"follow","max-snippet":"max-snippet:-1","max-image-preview":"max-image-preview:large","max-video-preview":"max-video-preview:-1"},"canonical":"https:\/\/holyland.md\/ro\/product\/renew-formula-cream-with-azelaic-acid\/","og_locale":"ro_RO","og_type":"article","og_title":"RENEW FORMULA SOAP 3 IN 1","og_description":"Volum: 30 ml","og_url":"https:\/\/holyland.md\/ro\/product\/renew-formula-cream-with-azelaic-acid\/","og_site_name":"Holy Land Cosmetics","article_modified_time":"2026-03-23T09:54:57+00:00","og_image":[{"width":600,"height":600,"url":"https:\/\/holyland.md\/wp-content\/uploads\/2022\/12\/renew-formula-treatment-cream-with-azelaic-acid-30ml.webp","type":"image\/webp"}],"twitter_card":"summary_large_image","twitter_misc":{"Timp estimat pentru citire":"1 minut"},"schema":{"@context":"https:\/\/schema.org","@graph":[{"@type":"WebPage","@id":"https:\/\/holyland.md\/ro\/product\/renew-formula-cream-with-azelaic-acid\/","url":"https:\/\/holyland.md\/ro\/product\/renew-formula-cream-with-azelaic-acid\/","name":"RENEW FORMULA SOAP 3 IN 1","isPartOf":{"@id":"https:\/\/holyland.md\/ro\/#website"},"primaryImageOfPage":{"@id":"https:\/\/holyland.md\/ro\/product\/renew-formula-cream-with-azelaic-acid\/#primaryimage"},"image":{"@id":"https:\/\/holyland.md\/ro\/product\/renew-formula-cream-with-azelaic-acid\/#primaryimage"},"thumbnailUrl":"https:\/\/holyland.md\/wp-content\/uploads\/2022\/12\/renew-formula-treatment-cream-with-azelaic-acid-30ml.webp","datePublished":"2022-12-19T18:25:07+00:00","dateModified":"2026-03-23T09:54:57+00:00","breadcrumb":{"@id":"https:\/\/holyland.md\/ro\/product\/renew-formula-cream-with-azelaic-acid\/#breadcrumb"},"inLanguage":"ro-RO","potentialAction":[{"@type":"ReadAction","target":["https:\/\/holyland.md\/ro\/product\/renew-formula-cream-with-azelaic-acid\/"]}]},{"@type":"ImageObject","inLanguage":"ro-RO","@id":"https:\/\/holyland.md\/ro\/product\/renew-formula-cream-with-azelaic-acid\/#primaryimage","url":"https:\/\/holyland.md\/wp-content\/uploads\/2022\/12\/renew-formula-treatment-cream-with-azelaic-acid-30ml.webp","contentUrl":"https:\/\/holyland.md\/wp-content\/uploads\/2022\/12\/renew-formula-treatment-cream-with-azelaic-acid-30ml.webp","width":600,"height":600},{"@type":"BreadcrumbList","@id":"https:\/\/holyland.md\/ro\/product\/renew-formula-cream-with-azelaic-acid\/#breadcrumb","itemListElement":[{"@type":"ListItem","position":1,"name":"\u0413\u043b\u0430\u0432\u043d\u0430\u044f \u0441\u0442\u0440\u0430\u043d\u0438\u0446\u0430","item":"https:\/\/holyland.md\/ro\/"},{"@type":"ListItem","position":2,"name":"Catalog produse HolyLand","item":"https:\/\/holyland.md\/ro\/catalog\/"},{"@type":"ListItem","position":3,"name":"RENEW FORMULA CREAM WITH AZELAIC ACID"}]},{"@type":"WebSite","@id":"https:\/\/holyland.md\/ro\/#website","url":"https:\/\/holyland.md\/ro\/","name":"Holy Land Cosmetics","description":"","publisher":{"@id":"https:\/\/holyland.md\/ro\/#organization"},"potentialAction":[{"@type":"SearchAction","target":{"@type":"EntryPoint","urlTemplate":"https:\/\/holyland.md\/ro\/?s={search_term_string}"},"query-input":"required name=search_term_string"}],"inLanguage":"ro-RO"},{"@type":"Organization","@id":"https:\/\/holyland.md\/ro\/#organization","name":"Holy Land Cosmetics","url":"https:\/\/holyland.md\/ro\/","logo":{"@type":"ImageObject","inLanguage":"ro-RO","@id":"https:\/\/holyland.md\/ro\/#\/schema\/logo\/image\/","url":"https:\/\/holyland.md\/wp-content\/uploads\/2020\/03\/hl-always-active.png","contentUrl":"https:\/\/holyland.md\/wp-content\/uploads\/2020\/03\/hl-always-active.png","width":1437,"height":892,"caption":"Holy Land Cosmetics"},"image":{"@id":"https:\/\/holyland.md\/ro\/#\/schema\/logo\/image\/"}}]}},"_links":{"self":[{"href":"https:\/\/holyland.md\/ro\/wp-json\/wp\/v2\/product\/8759"}],"collection":[{"href":"https:\/\/holyland.md\/ro\/wp-json\/wp\/v2\/product"}],"about":[{"href":"https:\/\/holyland.md\/ro\/wp-json\/wp\/v2\/types\/product"}],"wp:featuredmedia":[{"embeddable":true,"href":"https:\/\/holyland.md\/ro\/wp-json\/wp\/v2\/media\/8763"}],"wp:attachment":[{"href":"https:\/\/holyland.md\/ro\/wp-json\/wp\/v2\/media?parent=8759"}],"wp:term":[{"taxonomy":"product_cat","embeddable":true,"href":"https:\/\/holyland.md\/ro\/wp-json\/wp\/v2\/product_cat?post=8759"},{"taxonomy":"product_tag","embeddable":true,"href":"https:\/\/holyland.md\/ro\/wp-json\/wp\/v2\/product_tag?post=8759"}],"curies":[{"name":"wp","href":"https:\/\/api.w.org\/{rel}","templated":true}]}}